{"id":24117,"date":"2018-05-30T14:11:32","date_gmt":"2018-05-30T12:11:32","guid":{"rendered":"https:\/\/www.treatwell.es\/in-the-glow\/?page_id=14028"},"modified":"2024-02-27T15:23:42","modified_gmt":"2024-02-27T14:23:42","slug":"descargo-de-responsibilidad","status":"publish","type":"page","link":"https:\/\/www.treatwell.es/in-the-glow\/descargo-de-responsibilidad\/","title":{"rendered":"Descargo de responsibilidad"},"content":{"rendered":"<p>La informaci\u00f3n que contiene In the Glow, tiene solo como fin dar informaci\u00f3n general. La informaci\u00f3n es proporcionada por Treatwell y pese a que nos esforzamos por mantener la informaci\u00f3n actualizada y de manera correcta, no hacemos ninguna representaci\u00f3n o garant\u00eda de ning\u00fan tipo, expresa o impl\u00edcita, acerca de la integridad, exactitud, fiabilidad, adecuaci\u00f3n o disponibilidad con respecto a la informaci\u00f3n, productos, servicios o im\u00e1genes contenidas en <a href=\"https:\/\/www.treatwell.es\">www.treatwell.es<\/a>. El uso de cualquier informaci\u00f3n, productos y\/o servicios debe basarse en su propia diligencia y debe consultar al profesional adecuado para obtener consejos espec\u00edficos adaptados a sus necesidades y situaci\u00f3n. Cualquier confianza que d\u00e9 a dicha informaci\u00f3n es estrictamente bajo su propio riesgo.<\/p>\n<p><\/p>\n<p>No debe confiar en la informaci\u00f3n proporcionada por el blog como alternativa al consejo de su m\u00e9dico u otro profesional sanitario. En la medida en que requiera de asistencia m\u00e9dica, debe consultar a su m\u00e9dico u otro profesional sanitario.<\/p>\n<p><\/p>\n<p>A trav\u00e9s de este sitio web se podr\u00e1 enlazar a otros sitios web que no est\u00e1n bajo el control de Treatwell. No tenemos ning\u00fan control sobre la naturaleza, contenido y disponibilidad de dichos sitios y no seremos responsables de ellos. La inclusi\u00f3n de enlaces externos no necesariamente implica una recomendaci\u00f3n o respalda las opiniones expresadas en ellos.<\/p>\n<p><\/p>\n<p>En ning\u00fan caso somos responsables directos, indirectos, punitivos, fortuitos, especiales, consecuentes de cualquier da\u00f1o alguno presentado fuera o conectado de alguna manera con el uso o rendimiento de la informaci\u00f3n, productos, servicios o dependencia de los contenidos de <a href=\"https:\/\/www.treatwell.es\">www.treatwell.es<\/a>.<\/p>\n","protected":false},"excerpt":{"rendered":"<p>La informaci\u00f3n que contiene In the Glow, tiene solo como fin dar informaci\u00f3n general. La informaci\u00f3n es proporcionada por Treatwell y pese a que nos esforzamos por mantener la informaci\u00f3n actualizada y de manera correcta, no hacemos ninguna representaci\u00f3n o garant\u00eda de ning\u00fan tipo, expresa o impl\u00edcita, acerca de la integridad, exactitud, fiabilidad, adecuaci\u00f3n o [&hellip;]<\/p>\n","protected":false},"author":3398,"featured_media":0,"parent":0,"menu_order":0,"comment_status":"closed","ping_status":"closed","template":"","meta":{"_acf_changed":false,"_genesis_hide_title":false,"_genesis_hide_breadcrumbs":false,"_genesis_hide_singular_image":false,"_genesis_hide_footer_widgets":false,"_genesis_custom_body_class":"","_genesis_custom_post_class":"","_genesis_layout":"","saswp_custom_schema_field":"","footnotes":""},"class_list":{"0":"post-24117","1":"page","2":"type-page","3":"status-publish","5":"entry"},"acf":[],"yoast_head":"<!-- This site is optimized with the Yoast SEO plugin v27.3 - https:\/\/yoast.com\/product\/yoast-seo-wordpress\/ -->\n<title>Descargo de responsibilidad | Treatwell<\/title>\n<meta name=\"robots\" content=\"index, follow, max-snippet:-1, max-image-preview:large, max-video-preview:-1\" \/>\n<link rel=\"canonical\" href=\"https:\/\/www.treatwell.es/in-the-glow\/descargo-de-responsibilidad\/\" \/>\n<meta property=\"og:locale\" content=\"es_ES\" \/>\n<meta property=\"og:type\" content=\"article\" \/>\n<meta property=\"og:title\" content=\"Descargo de responsibilidad | Treatwell\" \/>\n<meta property=\"og:description\" content=\"La informaci\u00f3n que contiene In the Glow, tiene solo como fin dar informaci\u00f3n general. La informaci\u00f3n es proporcionada por Treatwell y pese a que nos esforzamos por mantener la informaci\u00f3n actualizada y de manera correcta, no hacemos ninguna representaci\u00f3n o garant\u00eda de ning\u00fan tipo, expresa o impl\u00edcita, acerca de la integridad, exactitud, fiabilidad, adecuaci\u00f3n o [&hellip;]\" \/>\n<meta property=\"og:url\" content=\"https:\/\/www.treatwell.es/in-the-glow\/descargo-de-responsibilidad\/\" \/>\n<meta property=\"og:site_name\" content=\"In The Glow\" \/>\n<meta property=\"article:modified_time\" content=\"2024-02-27T14:23:42+00:00\" \/>\n<meta name=\"twitter:card\" content=\"summary_large_image\" \/>\n<meta name=\"twitter:label1\" content=\"Tiempo de lectura\" \/>\n\t<meta name=\"twitter:data1\" content=\"1 minuto\" \/>\n<script type=\"application\/ld+json\" class=\"yoast-schema-graph\">{\"@context\":\"https:\\\/\\\/schema.org\",\"@graph\":[{\"@type\":\"WebPage\",\"@id\":\"https:\\\/\\\/www.treatwell.es/in-the-glow\\\/descargo-de-responsibilidad\\\/\",\"url\":\"https:\\\/\\\/www.treatwell.es/in-the-glow\\\/descargo-de-responsibilidad\\\/\",\"name\":\"Descargo de responsibilidad | Treatwell\",\"isPartOf\":{\"@id\":\"https:\\\/\\\/www.treatwell.es/in-the-glow\\\/#website\"},\"datePublished\":\"2018-05-30T12:11:32+00:00\",\"dateModified\":\"2024-02-27T14:23:42+00:00\",\"breadcrumb\":{\"@id\":\"https:\\\/\\\/www.treatwell.es/in-the-glow\\\/descargo-de-responsibilidad\\\/#breadcrumb\"},\"inLanguage\":\"es\",\"potentialAction\":[{\"@type\":\"ReadAction\",\"target\":[\"https:\\\/\\\/www.treatwell.es/in-the-glow\\\/descargo-de-responsibilidad\\\/\"]}]},{\"@type\":\"BreadcrumbList\",\"@id\":\"https:\\\/\\\/www.treatwell.es/in-the-glow\\\/descargo-de-responsibilidad\\\/#breadcrumb\",\"itemListElement\":[{\"@type\":\"ListItem\",\"position\":1,\"name\":\"Home\",\"item\":\"https:\\\/\\\/www.treatwell.es/in-the-glow\\\/\"},{\"@type\":\"ListItem\",\"position\":2,\"name\":\"Descargo de responsibilidad\"}]},{\"@type\":\"WebSite\",\"@id\":\"https:\\\/\\\/www.treatwell.es/in-the-glow\\\/#website\",\"url\":\"https:\\\/\\\/www.treatwell.es/in-the-glow\\\/\",\"name\":\"In The Glow\",\"description\":\"Belleza. Pelo. Lifestyle.\",\"publisher\":{\"@id\":\"https:\\\/\\\/www.treatwell.es/in-the-glow\\\/#organization\"},\"potentialAction\":[{\"@type\":\"SearchAction\",\"target\":{\"@type\":\"EntryPoint\",\"urlTemplate\":\"https:\\\/\\\/www.treatwell.es/in-the-glow\\\/?s={search_term_string}\"},\"query-input\":{\"@type\":\"PropertyValueSpecification\",\"valueRequired\":true,\"valueName\":\"search_term_string\"}}],\"inLanguage\":\"es\"},{\"@type\":\"Organization\",\"@id\":\"https:\\\/\\\/www.treatwell.es/in-the-glow\\\/#organization\",\"name\":\"Treatwell\",\"url\":\"https:\\\/\\\/www.treatwell.es/in-the-glow\\\/\",\"logo\":{\"@type\":\"ImageObject\",\"inLanguage\":\"es\",\"@id\":\"https:\\\/\\\/www.treatwell.es/in-the-glow\\\/#\\\/schema\\\/logo\\\/image\\\/\",\"url\":\"https:\\\/\\\/www.treatwell.es/in-the-glow\\\/wp-content\\\/uploads\\\/sites\\\/10\\\/2022\\\/03\\\/logo_treatwell.png\",\"contentUrl\":\"https:\\\/\\\/www.treatwell.es/in-the-glow\\\/wp-content\\\/uploads\\\/sites\\\/10\\\/2022\\\/03\\\/logo_treatwell.png\",\"width\":889,\"height\":164,\"caption\":\"Treatwell\"},\"image\":{\"@id\":\"https:\\\/\\\/www.treatwell.es/in-the-glow\\\/#\\\/schema\\\/logo\\\/image\\\/\"}}]}<\/script>\n<!-- \/ Yoast SEO plugin. -->","yoast_head_json":{"title":"Descargo de responsibilidad | Treatwell","robots":{"index":"index","follow":"follow","max-snippet":"max-snippet:-1","max-image-preview":"max-image-preview:large","max-video-preview":"max-video-preview:-1"},"canonical":"https:\/\/www.treatwell.es/in-the-glow\/descargo-de-responsibilidad\/","og_locale":"es_ES","og_type":"article","og_title":"Descargo de responsibilidad | Treatwell","og_description":"La informaci\u00f3n que contiene In the Glow, tiene solo como fin dar informaci\u00f3n general. La informaci\u00f3n es proporcionada por Treatwell y pese a que nos esforzamos por mantener la informaci\u00f3n actualizada y de manera correcta, no hacemos ninguna representaci\u00f3n o garant\u00eda de ning\u00fan tipo, expresa o impl\u00edcita, acerca de la integridad, exactitud, fiabilidad, adecuaci\u00f3n o [&hellip;]","og_url":"https:\/\/www.treatwell.es/in-the-glow\/descargo-de-responsibilidad\/","og_site_name":"In The Glow","article_modified_time":"2024-02-27T14:23:42+00:00","twitter_card":"summary_large_image","twitter_misc":{"Tiempo de lectura":"1 minuto"},"schema":{"@context":"https:\/\/schema.org","@graph":[{"@type":"WebPage","@id":"https:\/\/www.treatwell.es/in-the-glow\/descargo-de-responsibilidad\/","url":"https:\/\/www.treatwell.es/in-the-glow\/descargo-de-responsibilidad\/","name":"Descargo de responsibilidad | Treatwell","isPartOf":{"@id":"https:\/\/www.treatwell.es/in-the-glow\/#website"},"datePublished":"2018-05-30T12:11:32+00:00","dateModified":"2024-02-27T14:23:42+00:00","breadcrumb":{"@id":"https:\/\/www.treatwell.es/in-the-glow\/descargo-de-responsibilidad\/#breadcrumb"},"inLanguage":"es","potentialAction":[{"@type":"ReadAction","target":["https:\/\/www.treatwell.es/in-the-glow\/descargo-de-responsibilidad\/"]}]},{"@type":"BreadcrumbList","@id":"https:\/\/www.treatwell.es/in-the-glow\/descargo-de-responsibilidad\/#breadcrumb","itemListElement":[{"@type":"ListItem","position":1,"name":"Home","item":"https:\/\/www.treatwell.es/in-the-glow\/"},{"@type":"ListItem","position":2,"name":"Descargo de responsibilidad"}]},{"@type":"WebSite","@id":"https:\/\/www.treatwell.es/in-the-glow\/#website","url":"https:\/\/www.treatwell.es/in-the-glow\/","name":"In The Glow","description":"Belleza. Pelo. Lifestyle.","publisher":{"@id":"https:\/\/www.treatwell.es/in-the-glow\/#organization"},"potentialAction":[{"@type":"SearchAction","target":{"@type":"EntryPoint","urlTemplate":"https:\/\/www.treatwell.es/in-the-glow\/?s={search_term_string}"},"query-input":{"@type":"PropertyValueSpecification","valueRequired":true,"valueName":"search_term_string"}}],"inLanguage":"es"},{"@type":"Organization","@id":"https:\/\/www.treatwell.es/in-the-glow\/#organization","name":"Treatwell","url":"https:\/\/www.treatwell.es/in-the-glow\/","logo":{"@type":"ImageObject","inLanguage":"es","@id":"https:\/\/www.treatwell.es/in-the-glow\/#\/schema\/logo\/image\/","url":"https:\/\/www.treatwell.es/in-the-glow\/wp-content\/uploads\/sites\/10\/2022\/03\/logo_treatwell.png","contentUrl":"https:\/\/www.treatwell.es/in-the-glow\/wp-content\/uploads\/sites\/10\/2022\/03\/logo_treatwell.png","width":889,"height":164,"caption":"Treatwell"},"image":{"@id":"https:\/\/www.treatwell.es/in-the-glow\/#\/schema\/logo\/image\/"}}]}},"featured_image_src":null,"featured_image_src_square":null,"_links":{"self":[{"href":"https:\/\/www.treatwell.es\/in-the-glow\/wp-json\/wp\/v2\/pages\/24117","targetHints":{"allow":["GET"]}}],"collection":[{"href":"https:\/\/www.treatwell.es\/in-the-glow\/wp-json\/wp\/v2\/pages"}],"about":[{"href":"https:\/\/www.treatwell.es\/in-the-glow\/wp-json\/wp\/v2\/types\/page"}],"author":[{"embeddable":true,"href":"https:\/\/www.treatwell.es\/in-the-glow\/wp-json\/wp\/v2\/users\/3398"}],"replies":[{"embeddable":true,"href":"https:\/\/www.treatwell.es\/in-the-glow\/wp-json\/wp\/v2\/comments?post=24117"}],"version-history":[{"count":0,"href":"https:\/\/www.treatwell.es\/in-the-glow\/wp-json\/wp\/v2\/pages\/24117\/revisions"}],"wp:attachment":[{"href":"https:\/\/www.treatwell.es\/in-the-glow\/wp-json\/wp\/v2\/media?parent=24117"}],"curies":[{"name":"wp","href":"https:\/\/api.w.org\/{rel}","templated":true}]}}