{"id":10019,"date":"2019-12-16T15:04:12","date_gmt":"2019-12-16T15:04:12","guid":{"rendered":"https:\/\/www.treatwell.es\/inspiracion\/?page_id=10019"},"modified":"2019-12-17T10:43:42","modified_gmt":"2019-12-17T10:43:42","slug":"the-beauty-report","status":"publish","type":"page","link":"https:\/\/www.treatwell.es/inspiracion\/the-beauty-report\/","title":{"rendered":"Beauty Report"},"content":{"rendered":"<div style=\"width: 100px;\" class=\"wp-video\"><video muted class=\"wp-video-shortcode\" id=\"video-10019-1\" width=\"100\" height=\"100\" loop autoplay preload=\"none\" controls=\"controls\"><source type=\"video\/mp4\" src=\"https:\/\/www.treatwell.es/inspiracion\/wp-content\/uploads\/sites\/3\/2019\/12\/ES_LP-intro.mp4?_=1\" \/><a href=\"https:\/\/www.treatwell.es/inspiracion\/wp-content\/uploads\/sites\/3\/2019\/12\/ES_LP-intro.mp4\">https:\/\/www.treatwell.es/inspiracion\/wp-content\/uploads\/sites\/3\/2019\/12\/ES_LP-intro.mp4<\/a><\/video><\/div>\n<p><strong><a href=\"https:\/\/www.treatwell.es\/inspiracion\/inspiracion\/inspiracion\/the-beauty-report\/#tratamientostop\">Los tratamientos m\u00e1s TOP<\/a><\/strong><\/p>\n<p><a href=\"https:\/\/www.treatwell.es\/inspiracion\/the-beauty-report\/#bajon\"><strong>Baj\u00f3n inesperado<\/strong><\/a><\/p>\n<p><a href=\"https:\/\/www.treatwell.es\/inspiracion\/the-beauty-report\/#tendencias\"><strong>Tendencias para el 2020<\/strong><\/a><\/p>\n<p><a href=\"https:\/\/www.treatwell.es/inspiracion\/wp-content\/uploads\/sites\/3\/2019\/12\/ES_The-Treatwell-Report_2019.pdf\" target=\"_blank\" rel=\"noopener\"><strong>Descargar<\/strong><\/a><\/p>\n<p>\/01<\/p>\n<p>\/01<\/p>\n<h1>\u00bfCu\u00e1les han sido<br \/>\nlos tratamientos<br \/>\nmas TOP delo a\u00f1o?<\/h1>\n<h1>\u00bfCu\u00e1les han sido los tratamientos mas TOP delo a\u00f1o?<\/h1>\n<p>Trendsetters, ten\u00e9is que probarlos<\/p>\n<p>Trendsetters, ten\u00e9is que probarlos<\/p>\n<p>LVL<\/p>\n<p>Los tratamientos de pesta\u00f1as se llevan el primer puesto. Sin duda podemos decir que ha sido el a\u00f1o de las pesta\u00f1as XXL. Concretamente de LVL, con un crecimiento del +104% respecto al a\u00f1o anterior.<\/p>\n<p><a href=\"https:\/\/www.treatwell.es\/establecimientos\/tratamiento-lifting-de-pestanas\/oferta-tipo-local\/ext-en-161400\/\" target=\"_blank\" rel=\"noopener\"><strong>Reserva ya<\/strong><\/a><\/p>\n<p>\t\t\t\t<img decoding=\"async\" src=\"https:\/\/www.treatwell.es\/inspiracion\/wp-content\/plugins\/bb-plugin\/img\/pixel.png\" alt=\"\" \/><\/p>\n<p>U\u00f1as<br \/>\nNail Art<\/p>\n<p>Y como era de esperar, las u\u00f1as han seguido en lo m\u00e1s top de la belleza. Concretamente las reservas en tratamientos de Nail Art con un crecimiento del +51% . \u00bfHabr\u00e1 tenido Rosal\u00eda o Lola \u00cdndigo algo que ver?<\/p>\n<p><strong><a href=\"https:\/\/www.treatwell.es\/establecimientos\/tratamiento-decoracion-de-unas\/oferta-tipo-local\/en-es\/\" target=\"_blank\" rel=\"noopener\">Reserva ya<\/a><\/strong><\/p>\n<p>Masaje<br \/>\nLomi Lomi<\/p>\n<p>Tambi\u00e9n llamado masaje Hawaiano. Porque a veces no hay que ir muy lejos para darse un buen capricho. Y a la vista est\u00e1, el masaje Hawaiano crece un +128%.<\/p>\n<p><a href=\"https:\/\/www.treatwell.es\/establecimientos\/tratamiento-masaje-lomi-lomi\/oferta-tipo-local\/ext-en-161400\/\"><strong>Reserva ya<\/strong><\/a><\/p>\n<p>\t\t\t\t<img decoding=\"async\" src=\"https:\/\/www.treatwell.es\/inspiracion\/wp-content\/plugins\/bb-plugin\/img\/pixel.png\" alt=\"\" \/><\/p>\n<p>Depilaci\u00f3n<br \/>\ncon az\u00facar<\/p>\n<p>Un tipo de depilaci\u00f3n sostenible y mucho menos dolorosa. \u00bfSer\u00e1 por eso que ha crecido un +73.9%? Quien lo prueba, repite.<\/p>\n<p><a href=\"https:\/\/www.treatwell.es\/establecimientos\/tratamiento-depilacion-con-azucar\/oferta-tipo-local\/ext-en-161400\/\"><strong>Reserva ya<\/strong><\/a><\/p>\n<p>\t\t\t\t<img loading=\"lazy\" decoding=\"async\" src=\"https:\/\/www.treatwell.es/inspiracion\/wp-content\/uploads\/sites\/3\/2019\/12\/Geruse_Hair___Beauty_UKD_6_xxxx@2x.jpg\" alt=\"Geruse_Hair___Beauty_UKD_6_xxxx@2x\" height=\"1307\" width=\"2048\" title=\"Geruse_Hair___Beauty_UKD_6_xxxx@2x\" \/><\/p>\n<p><strong>LVL<\/strong><\/p>\n<p>Los tratamientos de pesta\u00f1as se llevan el primer puesto. Sin duda podemos decir que ha sido el a\u00f1o de las pesta\u00f1as XXL. Concretamente de LVL, con un crecimiento del +104% respecto al a\u00f1o anterior.<\/p>\n<p><a href=\"https:\/\/www.treatwell.es\/establecimientos\/tratamiento-lifting-de-pestanas\/oferta-tipo-local\/ext-en-161400\/\" target=\"_blank\" rel=\"noopener\"><strong>Reserva ya<\/strong><\/a><\/p>\n<p>\t\t\t\t<img loading=\"lazy\" decoding=\"async\" src=\"https:\/\/www.treatwell.es/inspiracion\/wp-content\/uploads\/sites\/3\/2019\/12\/Isabel_Valenti_SPJ_33984_6@2x.jpg\" alt=\"Isabel_Valenti_SPJ_33984_6@2x\" height=\"1576\" width=\"1856\" title=\"Isabel_Valenti_SPJ_33984_6@2x\" \/><\/p>\n<p><strong>U\u00f1as Nail Art<\/strong><\/p>\n<p>Y como era de esperar, las u\u00f1as han seguido en lo m\u00e1s top de la belleza. Concretamente las reservas en tratamientos de Nail Art con un crecimiento del +51% . \u00bfHabr\u00e1 tenido Rosal\u00eda o Lola \u00cdndigo algo que ver?<\/p>\n<p><a href=\"https:\/\/www.treatwell.es\/establecimientos\/tratamiento-decoracion-de-unas\/oferta-tipo-local\/en-es\/\" target=\"_blank\" rel=\"noopener\"><strong>Reserva ya<\/strong><\/a><\/p>\n<p>\t\t\t\t<img loading=\"lazy\" decoding=\"async\" src=\"https:\/\/www.treatwell.es/inspiracion\/wp-content\/uploads\/sites\/3\/2019\/12\/Beauty_at_Brushfield_UDK_368526_6_xx@2x.jpg\" alt=\"Beauty_at_Brushfield_UDK_368526_6_xx@2x\" height=\"1316\" width=\"1894\" title=\"Beauty_at_Brushfield_UDK_368526_6_xx@2x\" \/><\/p>\n<p><strong>Masaje Lomi Lomi<\/strong><\/p>\n<p>Tambi\u00e9n llamado masaje Hawaiano. Porque a veces no hay que ir muy lejos para darse un buen capricho. Y a la vista est\u00e1, el masaje Hawaiano crece un +128%.<\/p>\n<p><a href=\"https:\/\/www.treatwell.es\/establecimientos\/tratamiento-masaje-lomi-lomi\/oferta-tipo-local\/ext-en-161400\/\" target=\"_blank\" rel=\"noopener\"><strong>Reserva ya<\/strong><\/a><\/p>\n<p>\t\t\t\t<img loading=\"lazy\" decoding=\"async\" src=\"https:\/\/www.treatwell.es/inspiracion\/wp-content\/uploads\/sites\/3\/2019\/12\/Caramelo_Original_Brazilian_Waxing_DLD_370416_6_xx@2x.jpg\" alt=\"Caramelo_Original_Brazilian_Waxing_DLD_370416_6_xx@2x\" height=\"1576\" width=\"1896\" title=\"Caramelo_Original_Brazilian_Waxing_DLD_370416_6_xx@2x\" \/><\/p>\n<p><strong>Depilaci\u00f3n con az\u00facar<\/strong><\/p>\n<p>Un tipo de depilaci\u00f3n sostenible y mucho menos dolorosa. \u00bfSer\u00e1 por eso que ha crecido un +73.9%? Quien lo prueba, repite.<\/p>\n<p><a href=\"https:\/\/www.treatwell.es\/establecimientos\/tratamiento-depilacion-con-azucar\/oferta-tipo-local\/ext-en-161400\/\" target=\"_blank\" rel=\"noopener\"><strong>Reserva ya<\/strong><\/a><\/p>\n<p>\t\t\t<img decoding=\"async\" src=\"https:\/\/www.treatwell.es/inspiracion\/wp-content\/uploads\/sites\/3\/2019\/12\/LR1616_BM_TREATWELL_2019.08.28_Treatwell_S16_091_F3_RGB@2x.jpg\" alt=\"\" \/>\t\t\t<\/p>\n<h2><strong>Depilaci\u00f3n<\/strong><\/h2>\n<p>La depilaci\u00f3n brasile\u00f1a cae un -13%, seguida de la depilaci\u00f3n de ingles con un -12%. Y no significa que nos depilemos menos. Seguramente el l\u00e1ser y la fuerte tendencia en Hollywood &#8211; o integral &#8211; han influenciado en la ca\u00edda.<\/p>\n<p><img decoding=\"async\" src=\"https:\/\/www.treatwell.es/inspiracion\/wp-content\/uploads\/sites\/3\/2019\/12\/LR1616_BM_TREATWELL_2019.08.28_Treatwell_S16_091_F3_RGB@2x.jpg\" alt=\"\" \/><br \/>\n\t\t\t<img decoding=\"async\" src=\"https:\/\/www.treatwell.es/inspiracion\/wp-content\/uploads\/sites\/3\/2019\/12\/Balispa_Berlin_DLD_6_x@2x.jpg\" alt=\"\" \/>\t\t\t<\/p>\n<h2><strong>Masaje en pareja<\/strong><\/h2>\n<p>Siendo un -17% menor que a\u00f1o anterior. \u00bfSer\u00e1 que preferimos disfrutar de un buen masaje a solas? El tiempo para uno mismo es oro.<\/p>\n<p><img decoding=\"async\" src=\"https:\/\/www.treatwell.es/inspiracion\/wp-content\/uploads\/sites\/3\/2019\/12\/Balispa_Berlin_DLD_6_x@2x.jpg\" alt=\"\" \/>\t\t\t<\/p>\n<p>\/02<\/p>\n<p>\/02<\/p>\n<h1>\u00bfBaj\u00f3n<br \/>\ninesperado?<\/h1>\n<h1>\u00bfBaj\u00f3n<br \/>\ninesperado?<\/h1>\n<p>\t\t\t<img decoding=\"async\" src=\"https:\/\/www.treatwell.es/inspiracion\/wp-content\/uploads\/sites\/3\/2019\/12\/LR1616_BM_TREATWELL_2019.08.28_Treatwell_S16_091_F3_RGB@2x.jpg\" alt=\"\" \/><a href=\"https:\/\/www.treatwell.co.uk\/places\/treatment-face-massage\/offer-type-local\/in-uk\/\" target=\"_blank\"><\/a>\t\t\t<\/p>\n<h2><strong>Depilaci\u00f3n<\/strong><\/h2>\n<p>La depilaci\u00f3n brasile\u00f1a cae un -13%, seguida de la depilaci\u00f3n de ingles con un -12%. Y no significa que nos depilemos menos. Seguramente el l\u00e1ser y la fuerte tendencia en Hollywood &#8211; o integral &#8211; han influenciado en la ca\u00edda.<\/p>\n<p><a href=\"https:\/\/www.treatwell.co.uk\/places\/treatment-face-massage\/offer-type-local\/in-uk\/\" target=\"_blank\"><img decoding=\"async\" src=\"https:\/\/www.treatwell.es/inspiracion\/wp-content\/uploads\/sites\/3\/2019\/12\/LR1616_BM_TREATWELL_2019.08.28_Treatwell_S16_091_F3_RGB@2x.jpg\" alt=\"\" \/><\/a><br \/>\n\t\t\t<img decoding=\"async\" src=\"https:\/\/www.treatwell.es/inspiracion\/wp-content\/uploads\/sites\/3\/2019\/12\/Balispa_Berlin_DLD_6_x@2x.jpg\" alt=\"\" \/><a href=\"https:\/\/www.treatwell.co.uk\/places\/treatment-face-massage\/offer-type-local\/in-uk\/\" target=\"_blank\"><\/a>\t\t\t<\/p>\n<h2><strong>Masaje en pareja<\/strong><\/h2>\n<p>Siendo un -17% menor que a\u00f1o anterior. \u00bfSer\u00e1 que preferimos disfrutar de un buen masaje a solas? El tiempo para uno mismo es oro.<\/p>\n<p><a href=\"https:\/\/www.treatwell.co.uk\/places\/treatment-face-massage\/offer-type-local\/in-uk\/\" target=\"_blank\"><img decoding=\"async\" src=\"https:\/\/www.treatwell.es/inspiracion\/wp-content\/uploads\/sites\/3\/2019\/12\/Balispa_Berlin_DLD_6_x@2x.jpg\" alt=\"\" \/><\/a>\t\t\t<\/p>\n<p>\/03<\/p>\n<p>\/03<\/p>\n<h1>\u00bfCu\u00e1les ser\u00e1n las<br \/>\n#tendencias de 2020?<\/h1>\n<h1>\u00bfCu\u00e1les<br \/>\nser\u00e1n las<br \/>\n#tendencias<br \/>\nde 2020?<\/h1>\n<p>Nuestros expertos en belleza revelan sus predicciones.<\/p>\n<p>Nuestros expertos en belleza revelan sus predicciones.<\/p>\n<p>\t\t\t\t<img loading=\"lazy\" decoding=\"async\" src=\"https:\/\/en-gb.twinspiration.wpengine.treatwell.com\/wp-content\/uploads\/sites\/9\/2019\/12\/Group-87@2x.jpg\" alt=\"Group 87@2x\" height=\"1277\" width=\"1335\" title=\"Group 87@2x\" \/><\/p>\n<h2>\n\t\tMicrobioma\u2028\u2028<br \/>\n\t<\/h2>\n<p>Es la colonia de bacterias, hongos y par\u00e1sitos en la superficie de la piel. O, un \u00abecosistema de microorganismos\u00bb, si nos ponemos t\u00e9cnicos. Todos hemos o\u00eddo hablar de \u00abbacterias amigables\u00bb y probi\u00f3ticos. Normalmente referentes a la salud intestinal. Las b\u00fasquedas de microbioma han aumentado un +110% en Google.<\/p>\n<h2>\n\t\tPesta\u00f1as infinitas<br \/>\n\t<\/h2>\n<p>Todas las tendencias de los a\u00f1os 60 volver\u00e1n en 2020. En 2019, las reservas de extensiones de pesta\u00f1as aumentaron un + 36%, lideradas por el estilo de volumen ruso, que permite aplicar hasta 8 pesta\u00f1as postizas a una pesta\u00f1a natural. Con su aumento excepcional del +794% de las reservas.<\/p>\n<p><a href=\"https:\/\/www.treatwell.es\/establecimientos\/tratamiento-extensiones-de-pestanas\/oferta-tipo-local\/ext-en-161400\/\" target=\"_blank\" rel=\"noopener\"><strong>Reserva ya<\/strong><\/a><\/p>\n<p>\t\t\t\t<img loading=\"lazy\" decoding=\"async\" src=\"https:\/\/en-gb.twinspiration.wpengine.treatwell.com\/wp-content\/uploads\/sites\/9\/2019\/12\/190418_TW_Summer_Prep77864-copy@2x.jpg\" alt=\"190418_TW_Summer_Prep77864 copy@2x\" height=\"1277\" width=\"1331\" title=\"190418_TW_Summer_Prep77864 copy@2x\" \/><br \/>\n\t\t\t\t<img loading=\"lazy\" decoding=\"async\" src=\"https:\/\/en-gb.twinspiration.wpengine.treatwell.com\/wp-content\/uploads\/sites\/9\/2019\/12\/190418_TW_Summer_Prep77864-copy@2x.jpg\" alt=\"190418_TW_Summer_Prep77864 copy@2x\" height=\"1277\" width=\"1331\" title=\"190418_TW_Summer_Prep77864 copy@2x\" \/><\/p>\n<h2>\n\t\tPesta\u00f1as infinitas<br \/>\n\t<\/h2>\n<p>Todas las tendencias de los a\u00f1os 60 volver\u00e1n en 2020. En 2019, las reservas de extensiones de pesta\u00f1as aumentaron un + 36%, lideradas por el estilo de volumen ruso, que permite aplicar hasta 8 pesta\u00f1as postizas a una pesta\u00f1a natural. Con su aumento excepcional del +794% de las reservas.<\/p>\n<p><a href=\"https:\/\/www.treatwell.es\/establecimientos\/tratamiento-extensiones-de-pestanas\/oferta-tipo-local\/ext-en-161400\/\" target=\"_blank\" rel=\"noopener\"><strong>Reserva ya<\/strong><\/a><\/p>\n<p>\t\t\t\t<img loading=\"lazy\" decoding=\"async\" src=\"https:\/\/en-gb.twinspiration.wpengine.treatwell.com\/wp-content\/uploads\/sites\/9\/2019\/12\/LR1595_BM_TREATWELL_2019.07.04_Treatwell_S03_201_F1@2x.jpg\" alt=\"LR1595_BM_TREATWELL_2019.07.04_Treatwell_S03_201_F1@2x\" height=\"1277\" width=\"1331\" title=\"LR1595_BM_TREATWELL_2019.07.04_Treatwell_S03_201_F1@2x\" \/><\/p>\n<h2>\n\t\tPeinados XXL<br \/>\n\t<\/h2>\n<p>Decimos NO a las leyes de la gravedad. Melenas al viento y a vivir el momento. Las permanentes est\u00e1n aumentando un +82% respecto a los meses anteriores. Tanto lisa como rizada. Se viene una tendencia.<\/p>\n<p><a href=\"https:\/\/www.treatwell.es\/establecimientos\/tratamiento-tratamientos-capilares-mujer\/oferta-tipo-local\/en-es\/\" target=\"_blank\" rel=\"noopener\"><strong>Reserva ya<\/strong><\/a><\/p>\n<p>\t\t\t\t<img loading=\"lazy\" decoding=\"async\" src=\"https:\/\/en-gb.twinspiration.wpengine.treatwell.com\/wp-content\/uploads\/sites\/9\/2019\/12\/E6CA7548-52CF-453A-89D0-53A219D06743@2x.jpg\" alt=\"E6CA7548-52CF-453A-89D0-53A219D06743@2x\" height=\"1277\" width=\"1331\" title=\"E6CA7548-52CF-453A-89D0-53A219D06743@2x\" \/><\/p>\n<h2>\n\t\tFiltros de realidad aumentada<br \/>\n\t<\/h2>\n<p>A principios de 2019, Instagram lanz\u00f3 su plataforma SparkAR, una herramienta para crear filtros para usar en stories. El a\u00f1o 2020 promete la llegada de una oleada de nuevos filtros, como el Beauty 3000 (nuestro favorito).<\/p>\n<h2>\n\t\tFiltros de realidad aumentada<br \/>\n\t<\/h2>\n<p>A principios de 2019, Instagram lanz\u00f3 su plataforma SparkAR, una herramienta para crear filtros para usar en stories. El a\u00f1o 2020 promete la llegada de una oleada de nuevos filtros, como el Beauty 3000 (nuestro favorito).<\/p>\n<p>\t\t\t\t<img loading=\"lazy\" decoding=\"async\" src=\"https:\/\/en-gb.twinspiration.wpengine.treatwell.com\/wp-content\/uploads\/sites\/9\/2019\/12\/E6CA7548-52CF-453A-89D0-53A219D06743@2x.jpg\" alt=\"E6CA7548-52CF-453A-89D0-53A219D06743@2x\" height=\"1277\" width=\"1331\" title=\"E6CA7548-52CF-453A-89D0-53A219D06743@2x\" \/><br \/>\n\t\t\t\t<img loading=\"lazy\" decoding=\"async\" src=\"https:\/\/en-gb.twinspiration.wpengine.treatwell.com\/wp-content\/uploads\/sites\/9\/2019\/12\/Line-12@2x-2x300.jpg\" alt=\"Line 12@2x\" height=\"300\" width=\"2\" title=\"Line 12@2x\" \/><\/p>\n<p>Pero a\u00fan hay m\u00e1s. Para obtener m\u00e1s datos e ideas sobre lo que est\u00e1 por llegar, descarga nuestro informe completo aqu\u00ed.<\/p>\n<p>Pero a\u00fan hay m\u00e1s. Para obtener m\u00e1s <br \/>datos e ideas sobre lo que est\u00e1 por llegar,<br \/> descarga nuestro informe completo aqu\u00ed.<\/p>\n<p>\t\t\t<a href=\"https:\/\/www.treatwell.es/inspiracion\/wp-content\/uploads\/sites\/3\/2019\/12\/ES_The-Treatwell-Report_2019.pdf\" target=\"_blank\" role=\"button\" rel=\"noopener\"><br \/>\n\t\t\t\t\t\t\tDescargar<br \/>\n\t\t\t\t\t<\/a><br \/>\n\t\t\t\t<a href=\"https:\/\/www.treatwell.es\/inspiracion\/the-beauty-report\/#top\" target=\"_self\"><br \/>\n\t\t\t\t<img decoding=\"async\" src=\"https:\/\/en-gb.twinspiration.wpengine.treatwell.com\/wp-content\/uploads\/sites\/9\/2019\/12\/arrow-uo-02@2x.jpg\" alt=\"\" \/><br \/>\n\t\t\t\t<\/a><\/p>\n","protected":false},"excerpt":{"rendered":"<p>Los tratamientos m\u00e1s TOP Baj\u00f3n inesperado Tendencias para el 2020 Descargar \/01 \/01 \u00bfCu\u00e1les han sido los tratamientos mas TOP delo a\u00f1o? \u00bfCu\u00e1les han sido los tratamientos mas TOP delo a\u00f1o? Trendsetters, ten\u00e9is que probarlos Trendsetters, ten\u00e9is que probarlos LVL Los tratamientos de pesta\u00f1as se llevan el primer puesto. Sin duda podemos decir que ha&hellip;<\/p>\n","protected":false},"author":117,"featured_media":0,"parent":0,"menu_order":0,"comment_status":"closed","ping_status":"closed","template":"tpl-no-header-footer.php","meta":{"inline_featured_image":false,"footnotes":""},"class_list":["post-10019","page","type-page","status-publish","hentry"],"yoast_head":"<!-- This site is optimized with the Yoast SEO plugin v27.3 - https:\/\/yoast.com\/product\/yoast-seo-wordpress\/ -->\n<title>Beauty Report - Treatwell ES<\/title>\n<meta name=\"robots\" content=\"index, follow, max-snippet:-1, max-image-preview:large, max-video-preview:-1\" \/>\n<link rel=\"canonical\" href=\"https:\/\/www.treatwell.es/inspiracion\/the-beauty-report\/\" \/>\n<meta property=\"og:locale\" content=\"es_ES\" \/>\n<meta property=\"og:type\" content=\"article\" \/>\n<meta property=\"og:title\" content=\"Beauty Report - Treatwell ES\" \/>\n<meta property=\"og:description\" content=\"Los tratamientos m\u00e1s TOP Baj\u00f3n inesperado Tendencias para el 2020 Descargar \/01 \/01 \u00bfCu\u00e1les han sido los tratamientos mas TOP delo a\u00f1o? \u00bfCu\u00e1les han sido los tratamientos mas TOP delo a\u00f1o? Trendsetters, ten\u00e9is que probarlos Trendsetters, ten\u00e9is que probarlos LVL Los tratamientos de pesta\u00f1as se llevan el primer puesto. Sin duda podemos decir que ha&hellip;\" \/>\n<meta property=\"og:url\" content=\"https:\/\/www.treatwell.es/inspiracion\/the-beauty-report\/\" \/>\n<meta property=\"og:site_name\" content=\"Treatwell ES\" \/>\n<meta property=\"article:modified_time\" content=\"2019-12-17T10:43:42+00:00\" \/>\n<meta property=\"og:image\" content=\"https:\/\/www.treatwell.es\/inspiracion\/wp-content\/plugins\/bb-plugin\/img\/pixel.png\" \/>\n<meta name=\"twitter:card\" content=\"summary_large_image\" \/>\n<meta name=\"twitter:label1\" content=\"Tiempo de lectura\" \/>\n\t<meta name=\"twitter:data1\" content=\"4 minutos\" \/>\n<script type=\"application\/ld+json\" class=\"yoast-schema-graph\">{\"@context\":\"https:\\\/\\\/schema.org\",\"@graph\":[{\"@type\":\"WebPage\",\"@id\":\"https:\\\/\\\/www.treatwell.es/inspiracion\\\/the-beauty-report\\\/\",\"url\":\"https:\\\/\\\/www.treatwell.es/inspiracion\\\/the-beauty-report\\\/\",\"name\":\"Beauty Report - Treatwell ES\",\"isPartOf\":{\"@id\":\"https:\\\/\\\/www.treatwell.es/inspiracion\\\/#website\"},\"primaryImageOfPage\":{\"@id\":\"https:\\\/\\\/www.treatwell.es/inspiracion\\\/the-beauty-report\\\/#primaryimage\"},\"image\":{\"@id\":\"https:\\\/\\\/www.treatwell.es/inspiracion\\\/the-beauty-report\\\/#primaryimage\"},\"thumbnailUrl\":\"https:\\\/\\\/www.treatwell.es\\\/inspiracion\\\/wp-content\\\/plugins\\\/bb-plugin\\\/img\\\/pixel.png\",\"datePublished\":\"2019-12-16T15:04:12+00:00\",\"dateModified\":\"2019-12-17T10:43:42+00:00\",\"breadcrumb\":{\"@id\":\"https:\\\/\\\/www.treatwell.es/inspiracion\\\/the-beauty-report\\\/#breadcrumb\"},\"inLanguage\":\"es\",\"potentialAction\":[{\"@type\":\"ReadAction\",\"target\":[\"https:\\\/\\\/www.treatwell.es/inspiracion\\\/the-beauty-report\\\/\"]}]},{\"@type\":\"ImageObject\",\"inLanguage\":\"es\",\"@id\":\"https:\\\/\\\/www.treatwell.es/inspiracion\\\/the-beauty-report\\\/#primaryimage\",\"url\":\"https:\\\/\\\/www.treatwell.es\\\/inspiracion\\\/wp-content\\\/plugins\\\/bb-plugin\\\/img\\\/pixel.png\",\"contentUrl\":\"https:\\\/\\\/www.treatwell.es\\\/inspiracion\\\/wp-content\\\/plugins\\\/bb-plugin\\\/img\\\/pixel.png\"},{\"@type\":\"BreadcrumbList\",\"@id\":\"https:\\\/\\\/www.treatwell.es/inspiracion\\\/the-beauty-report\\\/#breadcrumb\",\"itemListElement\":[{\"@type\":\"ListItem\",\"position\":1,\"name\":\"Home\",\"item\":\"https:\\\/\\\/www.treatwell.es/inspiracion\\\/\"},{\"@type\":\"ListItem\",\"position\":2,\"name\":\"Beauty Report\"}]},{\"@type\":\"WebSite\",\"@id\":\"https:\\\/\\\/www.treatwell.es/inspiracion\\\/#website\",\"url\":\"https:\\\/\\\/www.treatwell.es/inspiracion\\\/\",\"name\":\"Treatwell ES\",\"description\":\"\",\"potentialAction\":[{\"@type\":\"SearchAction\",\"target\":{\"@type\":\"EntryPoint\",\"urlTemplate\":\"https:\\\/\\\/www.treatwell.es/inspiracion\\\/?s={search_term_string}\"},\"query-input\":{\"@type\":\"PropertyValueSpecification\",\"valueRequired\":true,\"valueName\":\"search_term_string\"}}],\"inLanguage\":\"es\"}]}<\/script>\n<!-- \/ Yoast SEO plugin. -->","yoast_head_json":{"title":"Beauty Report - Treatwell ES","robots":{"index":"index","follow":"follow","max-snippet":"max-snippet:-1","max-image-preview":"max-image-preview:large","max-video-preview":"max-video-preview:-1"},"canonical":"https:\/\/www.treatwell.es/inspiracion\/the-beauty-report\/","og_locale":"es_ES","og_type":"article","og_title":"Beauty Report - Treatwell ES","og_description":"Los tratamientos m\u00e1s TOP Baj\u00f3n inesperado Tendencias para el 2020 Descargar \/01 \/01 \u00bfCu\u00e1les han sido los tratamientos mas TOP delo a\u00f1o? \u00bfCu\u00e1les han sido los tratamientos mas TOP delo a\u00f1o? Trendsetters, ten\u00e9is que probarlos Trendsetters, ten\u00e9is que probarlos LVL Los tratamientos de pesta\u00f1as se llevan el primer puesto. Sin duda podemos decir que ha&hellip;","og_url":"https:\/\/www.treatwell.es/inspiracion\/the-beauty-report\/","og_site_name":"Treatwell ES","article_modified_time":"2019-12-17T10:43:42+00:00","og_image":[{"url":"https:\/\/www.treatwell.es\/inspiracion\/wp-content\/plugins\/bb-plugin\/img\/pixel.png","type":"","width":"","height":""}],"twitter_card":"summary_large_image","twitter_misc":{"Tiempo de lectura":"4 minutos"},"schema":{"@context":"https:\/\/schema.org","@graph":[{"@type":"WebPage","@id":"https:\/\/www.treatwell.es/inspiracion\/the-beauty-report\/","url":"https:\/\/www.treatwell.es/inspiracion\/the-beauty-report\/","name":"Beauty Report - Treatwell ES","isPartOf":{"@id":"https:\/\/www.treatwell.es/inspiracion\/#website"},"primaryImageOfPage":{"@id":"https:\/\/www.treatwell.es/inspiracion\/the-beauty-report\/#primaryimage"},"image":{"@id":"https:\/\/www.treatwell.es/inspiracion\/the-beauty-report\/#primaryimage"},"thumbnailUrl":"https:\/\/www.treatwell.es\/inspiracion\/wp-content\/plugins\/bb-plugin\/img\/pixel.png","datePublished":"2019-12-16T15:04:12+00:00","dateModified":"2019-12-17T10:43:42+00:00","breadcrumb":{"@id":"https:\/\/www.treatwell.es/inspiracion\/the-beauty-report\/#breadcrumb"},"inLanguage":"es","potentialAction":[{"@type":"ReadAction","target":["https:\/\/www.treatwell.es/inspiracion\/the-beauty-report\/"]}]},{"@type":"ImageObject","inLanguage":"es","@id":"https:\/\/www.treatwell.es/inspiracion\/the-beauty-report\/#primaryimage","url":"https:\/\/www.treatwell.es\/inspiracion\/wp-content\/plugins\/bb-plugin\/img\/pixel.png","contentUrl":"https:\/\/www.treatwell.es\/inspiracion\/wp-content\/plugins\/bb-plugin\/img\/pixel.png"},{"@type":"BreadcrumbList","@id":"https:\/\/www.treatwell.es/inspiracion\/the-beauty-report\/#breadcrumb","itemListElement":[{"@type":"ListItem","position":1,"name":"Home","item":"https:\/\/www.treatwell.es/inspiracion\/"},{"@type":"ListItem","position":2,"name":"Beauty Report"}]},{"@type":"WebSite","@id":"https:\/\/www.treatwell.es/inspiracion\/#website","url":"https:\/\/www.treatwell.es/inspiracion\/","name":"Treatwell ES","description":"","potentialAction":[{"@type":"SearchAction","target":{"@type":"EntryPoint","urlTemplate":"https:\/\/www.treatwell.es/inspiracion\/?s={search_term_string}"},"query-input":{"@type":"PropertyValueSpecification","valueRequired":true,"valueName":"search_term_string"}}],"inLanguage":"es"}]}},"_links":{"self":[{"href":"https:\/\/www.treatwell.es\/inspiracion\/wp-json\/wp\/v2\/pages\/10019","targetHints":{"allow":["GET"]}}],"collection":[{"href":"https:\/\/www.treatwell.es\/inspiracion\/wp-json\/wp\/v2\/pages"}],"about":[{"href":"https:\/\/www.treatwell.es\/inspiracion\/wp-json\/wp\/v2\/types\/page"}],"author":[{"embeddable":true,"href":"https:\/\/www.treatwell.es\/inspiracion\/wp-json\/wp\/v2\/users\/117"}],"replies":[{"embeddable":true,"href":"https:\/\/www.treatwell.es\/inspiracion\/wp-json\/wp\/v2\/comments?post=10019"}],"version-history":[{"count":0,"href":"https:\/\/www.treatwell.es\/inspiracion\/wp-json\/wp\/v2\/pages\/10019\/revisions"}],"wp:attachment":[{"href":"https:\/\/www.treatwell.es\/inspiracion\/wp-json\/wp\/v2\/media?parent=10019"}],"curies":[{"name":"wp","href":"https:\/\/api.w.org\/{rel}","templated":true}]}}