{"id":10328,"date":"2020-03-31T15:50:26","date_gmt":"2020-03-31T15:50:26","guid":{"rendered":"https:\/\/www.treatwell.es\/inspiracion\/?page_id=10328"},"modified":"2020-04-30T15:32:24","modified_gmt":"2020-04-30T15:32:24","slug":"yomequedoencasa","status":"publish","type":"page","link":"https:\/\/www.treatwell.es/inspiracion\/yomequedoencasa\/","title":{"rendered":"#Yomequedoencasa"},"content":{"rendered":"<p><img loading=\"lazy\" decoding=\"async\" title=\"Group 638\" src=\"https:\/\/www.treatwell.es/inspiracion\/wp-content\/uploads\/sites\/3\/2020\/04\/Group-638.png\" alt=\"Group 638\" width=\"1080\" height=\"684\" \/><\/p>\n<p><strong>En momentos como este estamos m\u00e1s unidos que nunca. D\u00e9jate inspirar por nuestros expertos en belleza y peluquer\u00eda. Tenemos los mejores trucos para seguir cuid\u00e1ndote desde casa &#8211; hasta que todo esto acabe. <\/strong><\/p>\n<p>\u00a1Estamos juntos en esto!<\/p>\n<p>A nuestra industria, estamos aqu\u00ed para ti. A nuestra comunidad, estemos m\u00e1s juntos que nunca.<\/p>\n<p>Not\u00edcias diferentes<\/p>\n<p><img loading=\"lazy\" decoding=\"async\" title=\"Group 617@2x\" src=\"https:\/\/en-gb.twinspiration.wpengine.treatwell.com\/wp-content\/uploads\/sites\/9\/2020\/03\/Group-617@2x.png\" alt=\"Group 617@2x\" width=\"634\" height=\"994\" \/><\/p>\n<p>Nuestro grupo de Facebook es un buen lugar si eres un profesional de la industria con preguntas o consejos.<\/p>\n<p><a role=\"button\" target=\"_self\"><br \/>\nMe apunto<br \/>\n<\/a><br \/>\n<img loading=\"lazy\" decoding=\"async\" title=\"Group 618@2x\" src=\"https:\/\/en-gb.twinspiration.wpengine.treatwell.com\/wp-content\/uploads\/sites\/9\/2020\/03\/Group-618@2x.png\" alt=\"Group 618@2x\" width=\"576\" height=\"914\" \/><\/p>\n<p>Y si eres de los que deseas volver al sal\u00f3n (como nosotras), puedes inspirarte en nuestro perfil de Instagram <strong>@Treatwell_es<\/strong>.<\/p>\n<p><a role=\"button\" target=\"_self\"><br \/>\nMe apunto<br \/>\n<\/a><\/p>\n<p>Treatwell en casa<\/p>\n<p>Reci\u00e9n salido del blog: estas lecturas f\u00e1ciles est\u00e1n llenas de inspiraci\u00f3n, consejos y positividad (todos necesitamos un poco de eso en este momento).<\/p>\n<p><img loading=\"lazy\" decoding=\"async\" title=\"article1\" src=\"https:\/\/en-gb.twinspiration.wpengine.treatwell.com\/wp-content\/uploads\/sites\/9\/2020\/03\/article1.png\" alt=\"article1\" width=\"1002\" height=\"1050\" \/><br \/>\n<img loading=\"lazy\" decoding=\"async\" title=\"movingline\" src=\"https:\/\/en-gb.twinspiration.wpengine.treatwell.com\/wp-content\/uploads\/sites\/9\/2020\/03\/movingline.png\" alt=\"movingline\" width=\"298\" height=\"94\" \/><\/p>\n<p>El \u00abBeauty Challenge\u00bb del confinamiento: C\u00f3mo transformar tu piel en 2 semanas<\/p>\n<p>Tenemos (de sobras) 2 semanas para transformarlo, as\u00ed que te nombramos 7 cosas para cambiar (e incorporar) en\u00a0<b>nuestra nueva rutina de belleza<\/b>\u00a0confinada.<\/p>\n<p><a role=\"button\" href=\"https:\/\/www.treatwell.es\/in-the-glow\/como-transformar-tu-piel-en-2-semanas\/\" target=\"_blank\" rel=\"noopener\"><br \/>\nLeer ahora<br \/>\n<\/a><br \/>\n<img decoding=\"async\" src=\"https:\/\/en-gb.twinspiration.wpengine.treatwell.com\/wp-content\/uploads\/sites\/9\/2020\/03\/article2.png\" alt=\"\" \/><\/p>\n<p>article<\/p>\n<p>Lorem ipsum dolor sit amet, consectetur adipiscing elit, sed do eiusmod<\/p>\n<p><a role=\"button\" target=\"_self\"><br \/>\nLeer ahora<br \/>\n<\/a><br \/>\n<img decoding=\"async\" src=\"https:\/\/en-gb.twinspiration.wpengine.treatwell.com\/wp-content\/uploads\/sites\/9\/2020\/03\/article2.png\" alt=\"\" \/><br \/>\n<img decoding=\"async\" src=\"https:\/\/en-gb.twinspiration.wpengine.treatwell.com\/wp-content\/uploads\/sites\/9\/2020\/03\/artcile2.1.png\" alt=\"\" \/><br \/>\n<img loading=\"lazy\" decoding=\"async\" title=\"u\u00f1as de gel\" src=\"https:\/\/www.treatwell.es/inspiracion\/wp-content\/uploads\/sites\/3\/2020\/04\/4-1.png\" alt=\"u\u00f1as de gel\" width=\"500\" height=\"600\" \/><br \/>\n<img loading=\"lazy\" decoding=\"async\" title=\"movingline@2x\" src=\"https:\/\/en-gb.twinspiration.wpengine.treatwell.com\/wp-content\/uploads\/sites\/9\/2020\/03\/movingline@2x.png\" alt=\"movingline@2x\" width=\"595\" height=\"187\" \/><br \/>\n<img loading=\"lazy\" decoding=\"async\" title=\"2020.02.04_Treatwell_S06_Xelia_Nails_456_F2_CROP_RGB\" src=\"https:\/\/en-gb.twinspiration.wpengine.treatwell.com\/wp-content\/uploads\/sites\/9\/2020\/03\/2020.02.04_Treatwell_S06_Xelia_Nails_456_F2_CROP_RGB.png\" alt=\"2020.02.04_Treatwell_S06_Xelia_Nails_456_F2_CROP_RGB\" width=\"248\" height=\"239\" \/><\/p>\n<p>C\u00f3mo quitarte la manicura de gel en casa (como un profesional)<\/p>\n<p>Te contamos paso a paso como se quitan las <strong>u\u00f1as de gel en casa<\/strong>, como un profesional de las manicuras. \u00a1Vamos!<\/p>\n<p><a role=\"button\" href=\"https:\/\/www.treatwell.es\/in-the-glow\/como-quitarte-la-manicura-de-gel-en-casa\/\" target=\"_blank\" rel=\"noopener\"><br \/>\nLeer ahora<br \/>\n<\/a><\/p>\n<p>Cosas que es mejor dejar a los profesionales<\/p>\n<p>\u00bfA punto de recortar tu flequillo? Buena suerte. Escucha a nuestros expertos sobre c\u00f3mo manejar la belleza en el hogar y lee sobre c\u00f3mo estamos apoyando a la industria.<\/p>\n<p><a role=\"button\" target=\"_self\"><br \/>\nLeer ahora<br \/>\n<\/a><br \/>\n<img decoding=\"async\" src=\"https:\/\/en-gb.twinspiration.wpengine.treatwell.com\/wp-content\/uploads\/sites\/9\/2020\/03\/article4.png\" alt=\"\" \/><br \/>\n<img decoding=\"async\" src=\"https:\/\/en-gb.twinspiration.wpengine.treatwell.com\/wp-content\/uploads\/sites\/9\/2020\/03\/@byrdiebeauty-@.png\" alt=\"\" \/><br \/>\n<a role=\"button\" href=\"#\"><br \/>\n<\/a><br \/>\n<a role=\"button\" href=\"#\"><br \/>\n<\/a><\/p>\n<p>Alexa, \u00a1m\u00fasica para trabajar desde casa!<\/p>\n<p>Imagina que est\u00e1s en el sal\u00f3n o en tu clase de gimnasia favorita. Sintoniza una de nuestras listas de reproducci\u00f3n<\/p>\n<p><img loading=\"lazy\" decoding=\"async\" title=\"Group 620\" src=\"https:\/\/www.treatwell.es/inspiracion\/wp-content\/uploads\/sites\/3\/2020\/04\/Group-620.png\" alt=\"Group 620\" width=\"333\" height=\"333\" \/><\/p>\n<p>Trabajando desde casa<\/p>\n<p>\u00a1Sube el volumen!<\/p>\n<p><img loading=\"lazy\" decoding=\"async\" title=\"Group 621\" src=\"https:\/\/www.treatwell.es/inspiracion\/wp-content\/uploads\/sites\/3\/2020\/04\/Group-621.png\" alt=\"Group 621\" width=\"333\" height=\"333\" \/><\/p>\n<p>Rel\u00e1jate por la tarde<\/p>\n<p>Adi\u00f3s ordenador. Disfruta de tu momento.<\/p>\n<p><img loading=\"lazy\" decoding=\"async\" title=\"Group 622\" src=\"https:\/\/www.treatwell.es/inspiracion\/wp-content\/uploads\/sites\/3\/2020\/04\/Group-622.png\" alt=\"Group 622\" width=\"333\" height=\"333\" \/><\/p>\n<p>\u00a1Despierta!<\/p>\n<p>Hace una ma\u00f1ana preciosa.<\/p>\n<p><img loading=\"lazy\" decoding=\"async\" title=\"Group 623\" src=\"https:\/\/www.treatwell.es/inspiracion\/wp-content\/uploads\/sites\/3\/2020\/04\/Group-623.png\" alt=\"Group 623\" width=\"333\" height=\"349\" \/><\/p>\n<p>Suena a sal\u00f3n de belleza<\/p>\n<p>Sonido de fondo, \u00a1y mucha gente!<\/p>\n<p><img loading=\"lazy\" decoding=\"async\" title=\"Group 624\" src=\"https:\/\/www.treatwell.es/inspiracion\/wp-content\/uploads\/sites\/3\/2020\/04\/Group-624.png\" alt=\"Group 624\" width=\"333\" height=\"349\" \/><\/p>\n<p>Directa del sal\u00f3n de manicura<\/p>\n<p>Ellos siempre ponen cl\u00e1sicos. Nos encanta.<\/p>\n<p><img loading=\"lazy\" decoding=\"async\" title=\"Group 625\" src=\"https:\/\/www.treatwell.es/inspiracion\/wp-content\/uploads\/sites\/3\/2020\/04\/Group-625.png\" alt=\"Group 625\" width=\"333\" height=\"349\" \/><\/p>\n<p>Pretende estar en el spa<\/p>\n<p>Tu lista para hacer yoga.<\/p>\n<p>Suscr\u00edbete a nuestros emails<\/p>\n<p>Reg\u00edstrate ahora para asegurarte de recibir una notificaci\u00f3n cuando se vuelvan a abrir los salones.<\/p>\n<p><a role=\"button\" target=\"_self\"><br \/>\nReg\u00edstrate aqu\u00ed<br \/>\n<\/a><br \/>\n<img loading=\"lazy\" decoding=\"async\" title=\"banner_neighbourhood\" src=\"https:\/\/en-gb.twinspiration.wpengine.treatwell.com\/wp-content\/uploads\/sites\/9\/2020\/03\/banner_neighbourhood.gif\" alt=\"banner_neighbourhood\" width=\"400\" height=\"239\" \/><\/p>\n<p>Salones, estamos aqu\u00ed para vosotros<\/p>\n<p>Convi\u00e9rtete en un\u00a0<b>partner\u00a0<\/b>de Treatwell y recibe la ayuda y\u00a0apoyo que te mereces.<\/p>\n<p><a role=\"button\" target=\"_self\"><br \/>\nM\u00e1s informaci\u00f3n aqu\u00ed<br \/>\n<\/a><\/p>\n","protected":false},"excerpt":{"rendered":"<p>En momentos como este estamos m\u00e1s unidos que nunca. D\u00e9jate inspirar por nuestros expertos en belleza y peluquer\u00eda. Tenemos los mejores trucos para seguir cuid\u00e1ndote desde casa &#8211; hasta que todo esto acabe. \u00a1Estamos juntos en esto! A nuestra industria, estamos aqu\u00ed para ti. A nuestra comunidad, estemos m\u00e1s juntos que nunca. Not\u00edcias diferentes Nuestro&hellip;<\/p>\n","protected":false},"author":117,"featured_media":0,"parent":0,"menu_order":0,"comment_status":"closed","ping_status":"closed","template":"","meta":{"inline_featured_image":false,"footnotes":""},"class_list":["post-10328","page","type-page","status-publish","hentry"],"yoast_head":"<!-- This site is optimized with the Yoast SEO plugin v27.5 - https:\/\/yoast.com\/product\/yoast-seo-wordpress\/ -->\n<title>#Yomequedoencasa - Treatwell ES<\/title>\n<meta name=\"robots\" content=\"index, follow, max-snippet:-1, max-image-preview:large, max-video-preview:-1\" \/>\n<link rel=\"canonical\" href=\"https:\/\/www.treatwell.es/inspiracion\/yomequedoencasa\/\" \/>\n<meta property=\"og:locale\" content=\"es_ES\" \/>\n<meta property=\"og:type\" content=\"article\" \/>\n<meta property=\"og:title\" content=\"#Yomequedoencasa - Treatwell ES\" \/>\n<meta property=\"og:description\" content=\"En momentos como este estamos m\u00e1s unidos que nunca. D\u00e9jate inspirar por nuestros expertos en belleza y peluquer\u00eda. Tenemos los mejores trucos para seguir cuid\u00e1ndote desde casa &#8211; hasta que todo esto acabe. \u00a1Estamos juntos en esto! A nuestra industria, estamos aqu\u00ed para ti. A nuestra comunidad, estemos m\u00e1s juntos que nunca. Not\u00edcias diferentes Nuestro&hellip;\" \/>\n<meta property=\"og:url\" content=\"https:\/\/www.treatwell.es/inspiracion\/yomequedoencasa\/\" \/>\n<meta property=\"og:site_name\" content=\"Treatwell ES\" \/>\n<meta property=\"article:modified_time\" content=\"2020-04-30T15:32:24+00:00\" \/>\n<meta property=\"og:image\" content=\"https:\/\/www.treatwell.es/inspiracion\/wp-content\/uploads\/sites\/3\/2020\/04\/Group-638.png\" \/>\n<meta name=\"twitter:card\" content=\"summary_large_image\" \/>\n<meta name=\"twitter:label1\" content=\"Tiempo de lectura\" \/>\n\t<meta name=\"twitter:data1\" content=\"2 minutos\" \/>\n<script type=\"application\/ld+json\" class=\"yoast-schema-graph\">{\"@context\":\"https:\\\/\\\/schema.org\",\"@graph\":[{\"@type\":\"WebPage\",\"@id\":\"https:\\\/\\\/www.treatwell.es/inspiracion\\\/yomequedoencasa\\\/\",\"url\":\"https:\\\/\\\/www.treatwell.es/inspiracion\\\/yomequedoencasa\\\/\",\"name\":\"#Yomequedoencasa - Treatwell ES\",\"isPartOf\":{\"@id\":\"https:\\\/\\\/www.treatwell.es/inspiracion\\\/#website\"},\"primaryImageOfPage\":{\"@id\":\"https:\\\/\\\/www.treatwell.es/inspiracion\\\/yomequedoencasa\\\/#primaryimage\"},\"image\":{\"@id\":\"https:\\\/\\\/www.treatwell.es/inspiracion\\\/yomequedoencasa\\\/#primaryimage\"},\"thumbnailUrl\":\"https:\\\/\\\/www.treatwell.es/inspiracion\\\/wp-content\\\/uploads\\\/sites\\\/3\\\/2020\\\/04\\\/Group-638.png\",\"datePublished\":\"2020-03-31T15:50:26+00:00\",\"dateModified\":\"2020-04-30T15:32:24+00:00\",\"breadcrumb\":{\"@id\":\"https:\\\/\\\/www.treatwell.es/inspiracion\\\/yomequedoencasa\\\/#breadcrumb\"},\"inLanguage\":\"es\",\"potentialAction\":[{\"@type\":\"ReadAction\",\"target\":[\"https:\\\/\\\/www.treatwell.es/inspiracion\\\/yomequedoencasa\\\/\"]}]},{\"@type\":\"ImageObject\",\"inLanguage\":\"es\",\"@id\":\"https:\\\/\\\/www.treatwell.es/inspiracion\\\/yomequedoencasa\\\/#primaryimage\",\"url\":\"https:\\\/\\\/www.treatwell.es/inspiracion\\\/wp-content\\\/uploads\\\/sites\\\/3\\\/2020\\\/04\\\/Group-638.png\",\"contentUrl\":\"https:\\\/\\\/www.treatwell.es/inspiracion\\\/wp-content\\\/uploads\\\/sites\\\/3\\\/2020\\\/04\\\/Group-638.png\",\"width\":1080,\"height\":684},{\"@type\":\"BreadcrumbList\",\"@id\":\"https:\\\/\\\/www.treatwell.es/inspiracion\\\/yomequedoencasa\\\/#breadcrumb\",\"itemListElement\":[{\"@type\":\"ListItem\",\"position\":1,\"name\":\"Home\",\"item\":\"https:\\\/\\\/www.treatwell.es/inspiracion\\\/\"},{\"@type\":\"ListItem\",\"position\":2,\"name\":\"#Yomequedoencasa\"}]},{\"@type\":\"WebSite\",\"@id\":\"https:\\\/\\\/www.treatwell.es/inspiracion\\\/#website\",\"url\":\"https:\\\/\\\/www.treatwell.es/inspiracion\\\/\",\"name\":\"Treatwell ES\",\"description\":\"\",\"potentialAction\":[{\"@type\":\"SearchAction\",\"target\":{\"@type\":\"EntryPoint\",\"urlTemplate\":\"https:\\\/\\\/www.treatwell.es/inspiracion\\\/?s={search_term_string}\"},\"query-input\":{\"@type\":\"PropertyValueSpecification\",\"valueRequired\":true,\"valueName\":\"search_term_string\"}}],\"inLanguage\":\"es\"}]}<\/script>\n<!-- \/ Yoast SEO plugin. -->","yoast_head_json":{"title":"#Yomequedoencasa - Treatwell ES","robots":{"index":"index","follow":"follow","max-snippet":"max-snippet:-1","max-image-preview":"max-image-preview:large","max-video-preview":"max-video-preview:-1"},"canonical":"https:\/\/www.treatwell.es/inspiracion\/yomequedoencasa\/","og_locale":"es_ES","og_type":"article","og_title":"#Yomequedoencasa - Treatwell ES","og_description":"En momentos como este estamos m\u00e1s unidos que nunca. D\u00e9jate inspirar por nuestros expertos en belleza y peluquer\u00eda. Tenemos los mejores trucos para seguir cuid\u00e1ndote desde casa &#8211; hasta que todo esto acabe. \u00a1Estamos juntos en esto! A nuestra industria, estamos aqu\u00ed para ti. A nuestra comunidad, estemos m\u00e1s juntos que nunca. Not\u00edcias diferentes Nuestro&hellip;","og_url":"https:\/\/www.treatwell.es/inspiracion\/yomequedoencasa\/","og_site_name":"Treatwell ES","article_modified_time":"2020-04-30T15:32:24+00:00","og_image":[{"url":"https:\/\/www.treatwell.es/inspiracion\/wp-content\/uploads\/sites\/3\/2020\/04\/Group-638.png","type":"","width":"","height":""}],"twitter_card":"summary_large_image","twitter_misc":{"Tiempo de lectura":"2 minutos"},"schema":{"@context":"https:\/\/schema.org","@graph":[{"@type":"WebPage","@id":"https:\/\/www.treatwell.es/inspiracion\/yomequedoencasa\/","url":"https:\/\/www.treatwell.es/inspiracion\/yomequedoencasa\/","name":"#Yomequedoencasa - Treatwell ES","isPartOf":{"@id":"https:\/\/www.treatwell.es/inspiracion\/#website"},"primaryImageOfPage":{"@id":"https:\/\/www.treatwell.es/inspiracion\/yomequedoencasa\/#primaryimage"},"image":{"@id":"https:\/\/www.treatwell.es/inspiracion\/yomequedoencasa\/#primaryimage"},"thumbnailUrl":"https:\/\/www.treatwell.es/inspiracion\/wp-content\/uploads\/sites\/3\/2020\/04\/Group-638.png","datePublished":"2020-03-31T15:50:26+00:00","dateModified":"2020-04-30T15:32:24+00:00","breadcrumb":{"@id":"https:\/\/www.treatwell.es/inspiracion\/yomequedoencasa\/#breadcrumb"},"inLanguage":"es","potentialAction":[{"@type":"ReadAction","target":["https:\/\/www.treatwell.es/inspiracion\/yomequedoencasa\/"]}]},{"@type":"ImageObject","inLanguage":"es","@id":"https:\/\/www.treatwell.es/inspiracion\/yomequedoencasa\/#primaryimage","url":"https:\/\/www.treatwell.es/inspiracion\/wp-content\/uploads\/sites\/3\/2020\/04\/Group-638.png","contentUrl":"https:\/\/www.treatwell.es/inspiracion\/wp-content\/uploads\/sites\/3\/2020\/04\/Group-638.png","width":1080,"height":684},{"@type":"BreadcrumbList","@id":"https:\/\/www.treatwell.es/inspiracion\/yomequedoencasa\/#breadcrumb","itemListElement":[{"@type":"ListItem","position":1,"name":"Home","item":"https:\/\/www.treatwell.es/inspiracion\/"},{"@type":"ListItem","position":2,"name":"#Yomequedoencasa"}]},{"@type":"WebSite","@id":"https:\/\/www.treatwell.es/inspiracion\/#website","url":"https:\/\/www.treatwell.es/inspiracion\/","name":"Treatwell ES","description":"","potentialAction":[{"@type":"SearchAction","target":{"@type":"EntryPoint","urlTemplate":"https:\/\/www.treatwell.es/inspiracion\/?s={search_term_string}"},"query-input":{"@type":"PropertyValueSpecification","valueRequired":true,"valueName":"search_term_string"}}],"inLanguage":"es"}]}},"_links":{"self":[{"href":"https:\/\/www.treatwell.es\/inspiracion\/wp-json\/wp\/v2\/pages\/10328","targetHints":{"allow":["GET"]}}],"collection":[{"href":"https:\/\/www.treatwell.es\/inspiracion\/wp-json\/wp\/v2\/pages"}],"about":[{"href":"https:\/\/www.treatwell.es\/inspiracion\/wp-json\/wp\/v2\/types\/page"}],"author":[{"embeddable":true,"href":"https:\/\/www.treatwell.es\/inspiracion\/wp-json\/wp\/v2\/users\/117"}],"replies":[{"embeddable":true,"href":"https:\/\/www.treatwell.es\/inspiracion\/wp-json\/wp\/v2\/comments?post=10328"}],"version-history":[{"count":0,"href":"https:\/\/www.treatwell.es\/inspiracion\/wp-json\/wp\/v2\/pages\/10328\/revisions"}],"wp:attachment":[{"href":"https:\/\/www.treatwell.es\/inspiracion\/wp-json\/wp\/v2\/media?parent=10328"}],"curies":[{"name":"wp","href":"https:\/\/api.w.org\/{rel}","templated":true}]}}