{"id":397,"date":"2016-01-13T11:53:37","date_gmt":"2016-01-13T11:53:37","guid":{"rendered":"https:\/\/www.wahanda.com\/inspiration\/?page_id=397"},"modified":"2016-09-13T12:34:55","modified_gmt":"2016-09-13T12:34:55","slug":"back-to-reality","status":"publish","type":"page","link":"https:\/\/www.treatwell.es/inspiracion\/back-to-reality\/","title":{"rendered":"Back to reality"},"content":{"rendered":"<p>\t\t\t\t<img decoding=\"async\" src=\"https:\/\/www.treatwell.es/inspiracion\/wp-content\/uploads\/sites\/3\/2016\/01\/03.png\" alt=\"03\" \/><\/p>\n<p>Septiembre es el nuevo enero. Empezamos el nuevo curso llenos de prop\u00f3sitos y con el objetivo de dejar atr\u00e1s los excesos de las vacaciones. Descubre los 6 tratamientos de belleza b\u00e1sicos para afrontar la vuelta a la ofi. Adem\u00e1s ah\u00f3rrate un 20% al reservarlos. \u00a1Una vuelta redonda!<\/p>\n<p>\t\t\t\t<a href=\"\/establecimientos\/tratamiento-manicura,manicura-semipermanente\/oferta-tipo-local\/precio-20-hasta-40-eur\/en-es\/\" target=\"_self\"><br \/>\n\t\t\t\t<img decoding=\"async\" src=\"https:\/\/www.treatwell.es/inspiracion\/wp-content\/uploads\/sites\/3\/2016\/01\/TW_ES_BTR_Slots_600x400_DV_Nails.jpg\" alt=\"TW_ES_BTR_Slots_600x400_DV_Nails\" \/><br \/>\n\t\t\t\t<\/a><\/p>\n<h3><a href=\"\/establecimientos\/tratamiento-manicura,manicura-semipermanente\/oferta-tipo-local\/precio-20-hasta-40-eur\/en-es\/\" target=\"_self\">C\u00f3digo: BTRMANI<\/a><\/h3>\n<p>\u00a1Manicura impecable para la rentr\u00e9e! Haz la vuelta a la ofi o la uni m\u00e1s llevadera con unas u\u00f1as a todo color. \u00bfNormales o semipermanentes?<\/p>\n<p><em><small>C\u00f3digo v\u00e1lido para manicuras y manicuras semipermanentes. Importe de compra m\u00ednimo 20\u20ac y m\u00e1ximo de 40\u20ac.<\/small><\/em><\/p>\n<p>\t<a href=\"\/establecimientos\/tratamiento-manicura,manicura-semipermanente\/oferta-tipo-local\/precio-20-hasta-40-eur\/en-es\/\" target=\"_self\" role=\"button\"><br \/>\n\t\t\t\t\t\tRESERVA TU MANI<br \/>\n\t\t\t\t\t<\/a><br \/>\n\t\t\t\t<a href=\"\/establecimientos\/servicios-grupo-pelo\/oferta-tipo-local\/precio-30-hasta-70-eur\/en-es\/\" target=\"_self\"><br \/>\n\t\t\t\t<img decoding=\"async\" src=\"https:\/\/www.treatwell.es/inspiracion\/wp-content\/uploads\/sites\/3\/2016\/01\/TW_ES_BTR_Slots_600x400_DV_Hair.jpg\" alt=\"TW_ES_BTR_Slots_600x400_DV_Hair\" \/><br \/>\n\t\t\t\t<\/a><\/p>\n<h3><a href=\"\/establecimientos\/servicios-grupo-pelo\/oferta-tipo-local\/precio-30-hasta-70-eur\/en-es\/\" target=\"_self\">C\u00f3digo: BTRPELO<\/a><\/h3>\n<p>Corte, color, hidrataci\u00f3n&#8230;Si el verano le ha pasado factura a tu melena es hora de mimarla. \u00a1No le des largas y cambia de look!<\/p>\n<p><em><small>V\u00e1lido para todos los tratamientos para el pelo. Importe de compra m\u00ednimo 30\u20ac y m\u00e1ximo de 70\u20ac.<\/small><\/em><\/p>\n<p>\t<a href=\"\/establecimientos\/servicios-grupo-pelo\/oferta-tipo-local\/precio-30-hasta-70-eur\/en-es\/\" target=\"_self\" role=\"button\"><br \/>\n\t\t\t\t\t\tELEGIR PELU<br \/>\n\t\t\t\t\t<\/a><br \/>\n\t\t\t\t<a href=\"\/establecimientos\/tratamiento-tratamiento-facial-para-hombre,tratamientos-faciales\/oferta-tipo-local\/precio-25-hasta-45-eur\/en-es\/\" target=\"_self\"><br \/>\n\t\t\t\t<img decoding=\"async\" src=\"https:\/\/www.treatwell.es/inspiracion\/wp-content\/uploads\/sites\/3\/2016\/01\/TW_ES_BTR_Slots_600x400_DV_Facial.jpg\" alt=\"TW_ES_BTR_Slots_600x400_DV_Facial\" \/><br \/>\n\t\t\t\t<\/a><\/p>\n<h3><a href=\"\/establecimientos\/tratamiento-tratamiento-facial-para-hombre,tratamientos-faciales\/oferta-tipo-local\/precio-25-hasta-45-eur\/en-es\/\" target=\"_self\">C\u00f3digo: BTRFACIAL<\/a><\/h3>\n<p>\u00a1Afronta el nuevo curso con la mejor cara! Tu rostro necesita un extra de cuidado despu\u00e9s de las vacaciones&#8230;\u00a1M\u00edmalo!<\/p>\n<p><em><small>V\u00e1lido para tratamientos faciales. Importe de compra m\u00ednimo 25\u20ac y m\u00e1ximo de 45\u20ac.<\/small><\/em><\/p>\n<p>\t<a href=\"\/establecimientos\/tratamiento-tratamiento-facial-para-hombre,tratamientos-faciales\/oferta-tipo-local\/precio-25-hasta-45-eur\/en-es\/\" target=\"_self\" role=\"button\"><br \/>\n\t\t\t\t\t\tDA LA CARA<br \/>\n\t\t\t\t\t<\/a><br \/>\n\t\t\t\t<a href=\"\/establecimientos\/tratamiento-depilacion-laser\/oferta-tipo-local\/precio-60-hasta-100-eur\/en-es\/\" target=\"_self\"><br \/>\n\t\t\t\t<img decoding=\"async\" src=\"https:\/\/www.treatwell.es/inspiracion\/wp-content\/uploads\/sites\/3\/2016\/01\/TW_ES_BTR_Slots_600x400_DV_Legs.jpg\" alt=\"TW_ES_BTR_Slots_600x400_DV_Legs\" \/><br \/>\n\t\t\t\t<\/a><\/p>\n<h3><a href=\"\/establecimientos\/tratamiento-depilacion-laser\/oferta-tipo-local\/precio-60-hasta-100-eur\/en-es\/\" target=\"_self\">C\u00f3digo: BTRLASER<\/a><\/h3>\n<p>\u00bfPiel como un cactus? Tira ya las cuchillas y pon una soluci\u00f3n permanente a los indeseados pelos. \u00a1Larga vida al l\u00e1ser!<\/p>\n<p><em><small>V\u00e1lido para depilaci\u00f3n l\u00e1ser. Importe de compra m\u00ednimo 60\u20ac y m\u00e1ximo de 100\u20ac.<\/small><\/em><\/p>\n<p>\t<a href=\"\/establecimientos\/tratamiento-depilacion-laser\/oferta-tipo-local\/precio-60-hasta-100-eur\/en-es\/\" target=\"_self\" role=\"button\"><br \/>\n\t\t\t\t\t\tDEP\u00cdLATE<br \/>\n\t\t\t\t\t<\/a><br \/>\n\t\t\t\t<a href=\"\/establecimientos\/tratamiento-tramientos-reductores-y-reafirmantes,tratamientos-celulitis\/oferta-tipo-local\/precio-40-hasta-70-eur\/en-es\/\" target=\"_self\"><br \/>\n\t\t\t\t<img decoding=\"async\" src=\"https:\/\/www.treatwell.es/inspiracion\/wp-content\/uploads\/sites\/3\/2016\/01\/TW_ES_BTR_Slots_600x400_DV_Slimming.jpg\" alt=\"TW_ES_BTR_Slots_600x400_DV_Slimming\" \/><br \/>\n\t\t\t\t<\/a><\/p>\n<h3><a href=\"\/establecimientos\/tratamiento-tramientos-reductores-y-reafirmantes,tratamientos-celulitis\/oferta-tipo-local\/precio-40-hasta-70-eur\/en-es\/\" target=\"_self\">C\u00f3digo: BTRPESO<\/a><\/h3>\n<p>Que las tapitas del bar no te pasen factura. Es hora de remodelar y tonificar tu figura.<\/p>\n<p><em><small>V\u00e1lido para tratamientos reafirmantes y reductores. Importe de compra m\u00ednimo 40\u20ac y m\u00e1ximo de 70\u20ac.<\/small><\/em><\/p>\n<p>\t<a href=\"\/establecimientos\/tratamiento-tramientos-reductores-y-reafirmantes,tratamientos-celulitis\/oferta-tipo-local\/precio-40-hasta-70-eur\/en-es\/\" target=\"_self\" role=\"button\"><br \/>\n\t\t\t\t\t\tPONTE EN FORMA<br \/>\n\t\t\t\t\t<\/a><br \/>\n\t\t\t\t<a href=\"\/establecimientos\/tratamiento-tratamiento-exfoliante-corporal\/oferta-tipo-local\/precio-30-hasta-70-eur\/en-es\/\" target=\"_self\"><br \/>\n\t\t\t\t<img decoding=\"async\" src=\"https:\/\/www.treatwell.es/inspiracion\/wp-content\/uploads\/sites\/3\/2016\/01\/TW_ES_BTR_Slots_600x400_DV_Peelings.jpg\" alt=\"TW_ES_BTR_Slots_600x400_DV_Peelings\" \/><br \/>\n\t\t\t\t<\/a><\/p>\n<h3><a href=\"\/establecimientos\/tratamiento-tratamiento-exfoliante-corporal\/oferta-tipo-local\/precio-30-hasta-70-eur\/en-es\/\" target=\"_self\">C\u00f3digo: BTREXFO<\/a><\/h3>\n<p>\u00a1Frota y prep\u00e1rate para brillar! Desp\u00eddete de imperfecciones y dile hola a una piel sublime.<\/p>\n<p><em><small>V\u00e1lido para tratamientos exfoliantes corporales. Importe de compra m\u00ednimo 30\u20ac y m\u00e1ximo de 70\u20ac.<\/small><\/em><\/p>\n<p>\t<a href=\"\/establecimientos\/tratamiento-tratamiento-exfoliante-corporal\/oferta-tipo-local\/precio-30-hasta-70-eur\/en-es\/\" target=\"_self\" role=\"button\"><br \/>\n\t\t\t\t\t\tFROTA FROTA<br \/>\n\t\t\t\t\t<\/a><\/p>\n","protected":false},"excerpt":{"rendered":"<p>Septiembre es el nuevo enero. Empezamos el nuevo curso llenos de prop\u00f3sitos y con el objetivo de dejar atr\u00e1s los excesos de las vacaciones. Descubre los 6 tratamientos de belleza b\u00e1sicos para afrontar la vuelta a la ofi. Adem\u00e1s ah\u00f3rrate un 20% al reservarlos. \u00a1Una vuelta redonda! C\u00f3digo: BTRMANI \u00a1Manicura impecable para la rentr\u00e9e! Haz&hellip;<\/p>\n","protected":false},"author":1,"featured_media":0,"parent":0,"menu_order":0,"comment_status":"closed","ping_status":"closed","template":"","meta":{"inline_featured_image":false,"footnotes":""},"class_list":["post-397","page","type-page","status-publish","hentry"],"yoast_head":"<!-- This site is optimized with the Yoast SEO plugin v27.4 - https:\/\/yoast.com\/product\/yoast-seo-wordpress\/ -->\n<title>Back to reality - Treatwell ES<\/title>\n<meta name=\"robots\" content=\"index, follow, max-snippet:-1, max-image-preview:large, max-video-preview:-1\" \/>\n<link rel=\"canonical\" href=\"https:\/\/www.treatwell.es/inspiracion\/back-to-reality\/\" \/>\n<meta property=\"og:locale\" content=\"es_ES\" \/>\n<meta property=\"og:type\" content=\"article\" \/>\n<meta property=\"og:title\" content=\"Back to reality - Treatwell ES\" \/>\n<meta property=\"og:description\" content=\"Septiembre es el nuevo enero. Empezamos el nuevo curso llenos de prop\u00f3sitos y con el objetivo de dejar atr\u00e1s los excesos de las vacaciones. Descubre los 6 tratamientos de belleza b\u00e1sicos para afrontar la vuelta a la ofi. Adem\u00e1s ah\u00f3rrate un 20% al reservarlos. \u00a1Una vuelta redonda! C\u00f3digo: BTRMANI \u00a1Manicura impecable para la rentr\u00e9e! Haz&hellip;\" \/>\n<meta property=\"og:url\" content=\"https:\/\/www.treatwell.es/inspiracion\/back-to-reality\/\" \/>\n<meta property=\"og:site_name\" content=\"Treatwell ES\" \/>\n<meta property=\"article:modified_time\" content=\"2016-09-13T12:34:55+00:00\" \/>\n<meta property=\"og:image\" content=\"https:\/\/www.treatwell.es/inspiracion\/wp-content\/uploads\/sites\/3\/2016\/01\/03.png\" \/>\n<meta name=\"twitter:card\" content=\"summary_large_image\" \/>\n<meta name=\"twitter:label1\" content=\"Tiempo de lectura\" \/>\n\t<meta name=\"twitter:data1\" content=\"2 minutos\" \/>\n<script type=\"application\/ld+json\" class=\"yoast-schema-graph\">{\"@context\":\"https:\\\/\\\/schema.org\",\"@graph\":[{\"@type\":\"WebPage\",\"@id\":\"https:\\\/\\\/www.treatwell.es/inspiracion\\\/back-to-reality\\\/\",\"url\":\"https:\\\/\\\/www.treatwell.es/inspiracion\\\/back-to-reality\\\/\",\"name\":\"Back to reality - Treatwell ES\",\"isPartOf\":{\"@id\":\"https:\\\/\\\/www.treatwell.es/inspiracion\\\/#website\"},\"primaryImageOfPage\":{\"@id\":\"https:\\\/\\\/www.treatwell.es/inspiracion\\\/back-to-reality\\\/#primaryimage\"},\"image\":{\"@id\":\"https:\\\/\\\/www.treatwell.es/inspiracion\\\/back-to-reality\\\/#primaryimage\"},\"thumbnailUrl\":\"https:\\\/\\\/www.treatwell.es/inspiracion\\\/wp-content\\\/uploads\\\/sites\\\/3\\\/2016\\\/01\\\/03.png\",\"datePublished\":\"2016-01-13T11:53:37+00:00\",\"dateModified\":\"2016-09-13T12:34:55+00:00\",\"breadcrumb\":{\"@id\":\"https:\\\/\\\/www.treatwell.es/inspiracion\\\/back-to-reality\\\/#breadcrumb\"},\"inLanguage\":\"es\",\"potentialAction\":[{\"@type\":\"ReadAction\",\"target\":[\"https:\\\/\\\/www.treatwell.es/inspiracion\\\/back-to-reality\\\/\"]}]},{\"@type\":\"ImageObject\",\"inLanguage\":\"es\",\"@id\":\"https:\\\/\\\/www.treatwell.es/inspiracion\\\/back-to-reality\\\/#primaryimage\",\"url\":\"https:\\\/\\\/www.treatwell.es/inspiracion\\\/wp-content\\\/uploads\\\/sites\\\/3\\\/2016\\\/01\\\/03.png\",\"contentUrl\":\"https:\\\/\\\/www.treatwell.es/inspiracion\\\/wp-content\\\/uploads\\\/sites\\\/3\\\/2016\\\/01\\\/03.png\",\"width\":420,\"height\":169},{\"@type\":\"BreadcrumbList\",\"@id\":\"https:\\\/\\\/www.treatwell.es/inspiracion\\\/back-to-reality\\\/#breadcrumb\",\"itemListElement\":[{\"@type\":\"ListItem\",\"position\":1,\"name\":\"Home\",\"item\":\"https:\\\/\\\/www.treatwell.es/inspiracion\\\/\"},{\"@type\":\"ListItem\",\"position\":2,\"name\":\"Back to reality\"}]},{\"@type\":\"WebSite\",\"@id\":\"https:\\\/\\\/www.treatwell.es/inspiracion\\\/#website\",\"url\":\"https:\\\/\\\/www.treatwell.es/inspiracion\\\/\",\"name\":\"Treatwell ES\",\"description\":\"\",\"potentialAction\":[{\"@type\":\"SearchAction\",\"target\":{\"@type\":\"EntryPoint\",\"urlTemplate\":\"https:\\\/\\\/www.treatwell.es/inspiracion\\\/?s={search_term_string}\"},\"query-input\":{\"@type\":\"PropertyValueSpecification\",\"valueRequired\":true,\"valueName\":\"search_term_string\"}}],\"inLanguage\":\"es\"}]}<\/script>\n<!-- \/ Yoast SEO plugin. -->","yoast_head_json":{"title":"Back to reality - Treatwell ES","robots":{"index":"index","follow":"follow","max-snippet":"max-snippet:-1","max-image-preview":"max-image-preview:large","max-video-preview":"max-video-preview:-1"},"canonical":"https:\/\/www.treatwell.es/inspiracion\/back-to-reality\/","og_locale":"es_ES","og_type":"article","og_title":"Back to reality - Treatwell ES","og_description":"Septiembre es el nuevo enero. Empezamos el nuevo curso llenos de prop\u00f3sitos y con el objetivo de dejar atr\u00e1s los excesos de las vacaciones. Descubre los 6 tratamientos de belleza b\u00e1sicos para afrontar la vuelta a la ofi. Adem\u00e1s ah\u00f3rrate un 20% al reservarlos. \u00a1Una vuelta redonda! C\u00f3digo: BTRMANI \u00a1Manicura impecable para la rentr\u00e9e! Haz&hellip;","og_url":"https:\/\/www.treatwell.es/inspiracion\/back-to-reality\/","og_site_name":"Treatwell ES","article_modified_time":"2016-09-13T12:34:55+00:00","og_image":[{"url":"https:\/\/www.treatwell.es/inspiracion\/wp-content\/uploads\/sites\/3\/2016\/01\/03.png","type":"","width":"","height":""}],"twitter_card":"summary_large_image","twitter_misc":{"Tiempo de lectura":"2 minutos"},"schema":{"@context":"https:\/\/schema.org","@graph":[{"@type":"WebPage","@id":"https:\/\/www.treatwell.es/inspiracion\/back-to-reality\/","url":"https:\/\/www.treatwell.es/inspiracion\/back-to-reality\/","name":"Back to reality - Treatwell ES","isPartOf":{"@id":"https:\/\/www.treatwell.es/inspiracion\/#website"},"primaryImageOfPage":{"@id":"https:\/\/www.treatwell.es/inspiracion\/back-to-reality\/#primaryimage"},"image":{"@id":"https:\/\/www.treatwell.es/inspiracion\/back-to-reality\/#primaryimage"},"thumbnailUrl":"https:\/\/www.treatwell.es/inspiracion\/wp-content\/uploads\/sites\/3\/2016\/01\/03.png","datePublished":"2016-01-13T11:53:37+00:00","dateModified":"2016-09-13T12:34:55+00:00","breadcrumb":{"@id":"https:\/\/www.treatwell.es/inspiracion\/back-to-reality\/#breadcrumb"},"inLanguage":"es","potentialAction":[{"@type":"ReadAction","target":["https:\/\/www.treatwell.es/inspiracion\/back-to-reality\/"]}]},{"@type":"ImageObject","inLanguage":"es","@id":"https:\/\/www.treatwell.es/inspiracion\/back-to-reality\/#primaryimage","url":"https:\/\/www.treatwell.es/inspiracion\/wp-content\/uploads\/sites\/3\/2016\/01\/03.png","contentUrl":"https:\/\/www.treatwell.es/inspiracion\/wp-content\/uploads\/sites\/3\/2016\/01\/03.png","width":420,"height":169},{"@type":"BreadcrumbList","@id":"https:\/\/www.treatwell.es/inspiracion\/back-to-reality\/#breadcrumb","itemListElement":[{"@type":"ListItem","position":1,"name":"Home","item":"https:\/\/www.treatwell.es/inspiracion\/"},{"@type":"ListItem","position":2,"name":"Back to reality"}]},{"@type":"WebSite","@id":"https:\/\/www.treatwell.es/inspiracion\/#website","url":"https:\/\/www.treatwell.es/inspiracion\/","name":"Treatwell ES","description":"","potentialAction":[{"@type":"SearchAction","target":{"@type":"EntryPoint","urlTemplate":"https:\/\/www.treatwell.es/inspiracion\/?s={search_term_string}"},"query-input":{"@type":"PropertyValueSpecification","valueRequired":true,"valueName":"search_term_string"}}],"inLanguage":"es"}]}},"_links":{"self":[{"href":"https:\/\/www.treatwell.es\/inspiracion\/wp-json\/wp\/v2\/pages\/397","targetHints":{"allow":["GET"]}}],"collection":[{"href":"https:\/\/www.treatwell.es\/inspiracion\/wp-json\/wp\/v2\/pages"}],"about":[{"href":"https:\/\/www.treatwell.es\/inspiracion\/wp-json\/wp\/v2\/types\/page"}],"author":[{"embeddable":true,"href":"https:\/\/www.treatwell.es\/inspiracion\/wp-json\/wp\/v2\/users\/1"}],"replies":[{"embeddable":true,"href":"https:\/\/www.treatwell.es\/inspiracion\/wp-json\/wp\/v2\/comments?post=397"}],"version-history":[{"count":0,"href":"https:\/\/www.treatwell.es\/inspiracion\/wp-json\/wp\/v2\/pages\/397\/revisions"}],"wp:attachment":[{"href":"https:\/\/www.treatwell.es\/inspiracion\/wp-json\/wp\/v2\/media?parent=397"}],"curies":[{"name":"wp","href":"https:\/\/api.w.org\/{rel}","templated":true}]}}