{"id":4708,"date":"2017-05-02T10:47:32","date_gmt":"2017-05-02T10:47:32","guid":{"rendered":"https:\/\/www.treatwell.es\/inspiracion\/?page_id=4708"},"modified":"2017-05-03T07:52:31","modified_gmt":"2017-05-03T07:52:31","slug":"diadelamadre","status":"publish","type":"page","link":"https:\/\/www.treatwell.es/inspiracion\/diadelamadre\/","title":{"rendered":"D\u00eda de la madre"},"content":{"rendered":"<p>\t\t\t\t<a href=\"https:\/\/www.treatwell.es\/tarjeta-regalo\/\" target=\"_self\"><br \/>\n\t\t\t\t<img decoding=\"async\" src=\"https:\/\/www.treatwell.es/inspiracion\/wp-content\/uploads\/sites\/3\/2017\/04\/TW_ES_Mothersday_Landingpage_DV_v01_03-01.jpg\" alt=\"TW_ES_Mothersday_Landingpage_DV_v01_03-01\" \/><br \/>\n\t\t\t\t<\/a><\/p>\n<p style=\"text-align: left\">Ella se desvive por ti los 365 d\u00edas del a\u00f1o. Aprovecha el d\u00eda de la madre para darle las gracias con un tratamiento Treatwell. Hemos seleccionado los mejores regalos de belleza para ella. \u00a1Algunos tienen descuento!<\/p>\n<p>\t\t\t\t<a href=\"https:\/\/www.treatwell.es\/tarjeta-regalo\/#gift-card-form\" target=\"_self\"><br \/>\n\t\t\t\t<img decoding=\"async\" src=\"https:\/\/www.treatwell.es/inspiracion\/wp-content\/uploads\/sites\/3\/2017\/04\/TW_ES_Mothersday_Landingpage_DV_v01_07-02.jpg\" alt=\"TW_ES_Mothersday_Landingpage_DV_v01_07-02\" \/><br \/>\n\t\t\t\t<\/a><br \/>\n\t\t\t\t<a href=\"https:\/\/www.treatwell.es\/tarjeta-regalo\/#gift-card-form\" target=\"_self\"><br \/>\n\t\t\t\t<img decoding=\"async\" src=\"https:\/\/www.treatwell.es/inspiracion\/wp-content\/uploads\/sites\/3\/2017\/04\/TW_ES_Mothersday_Landingpage_DV_v01_09-03.jpg\" alt=\"TW_ES_Mothersday_Landingpage_DV_v01_09-03\" \/><br \/>\n\t\t\t\t<\/a><br \/>\n\t\t\t\t<a href=\"https:\/\/www.treatwell.es\/tarjeta-regalo\/\" target=\"_self\"><br \/>\n\t\t\t\t<img decoding=\"async\" src=\"https:\/\/www.treatwell.es/inspiracion\/wp-content\/uploads\/sites\/3\/2017\/04\/TW_ES_Mothersday_Landingpage_DV_v01_11-04.jpg\" alt=\"TW_ES_Mothersday_Landingpage_DV_v01_11-04\" \/><br \/>\n\t\t\t\t<\/a><br \/>\n\t\t\t\t<a href=\"https:\/\/www.treatwell.es\/establecimientos\/servicios-grupo-masaje\/oferta-tipo-local\/descuento-dinamico\/en-es\/#?browse-map-venue=305963\" target=\"_self\"><br \/>\n\t\t\t\t<img decoding=\"async\" src=\"https:\/\/www.treatwell.es/inspiracion\/wp-content\/uploads\/sites\/3\/2017\/05\/masaje.jpg\" alt=\"masaje\" \/><br \/>\n\t\t\t\t<\/a><br \/>\n\t\t\t\t<a href=\"https:\/\/www.treatwell.es\/establecimientos\/tratamiento-fotorejuvenecimiento-facial,lifting-facial-no-quirurgico,mesoterapia-facial,microdermoabrasion,oxigenoterapia-facial,peeling-facial,terapia-con-luz-led\/oferta-tipo-local\/descuento-dinamico\/en-es\/\" target=\"_self\"><br \/>\n\t\t\t\t<img decoding=\"async\" src=\"https:\/\/www.treatwell.es/inspiracion\/wp-content\/uploads\/sites\/3\/2017\/04\/TW_ES_Mothersday_Landingpage_DV_v01_18-07.jpg\" alt=\"TW_ES_Mothersday_Landingpage_DV_v01_18-07\" \/><br \/>\n\t\t\t\t<\/a><br \/>\n\t\t\t\t<a href=\"https:\/\/www.treatwell.es\/establecimientos\/tratamiento-manicura-semipermanente,pedicura-semipermanente\/oferta-tipo-local\/descuento-dinamico\/en-es\/ordenar-por-mejor-puntuado\/\" target=\"_self\"><br \/>\n\t\t\t\t<img decoding=\"async\" src=\"https:\/\/www.treatwell.es/inspiracion\/wp-content\/uploads\/sites\/3\/2017\/05\/un\u0303as.jpg\" alt=\"un\u0303as\" \/><br \/>\n\t\t\t\t<\/a><br \/>\n\t\t\t\t<a href=\"https:\/\/www.treatwell.es\/establecimientos\/servicios-grupo-unas\/oferta-tipo-local\/en-es\/ordenar-por-descuento-desc\/https:\/\/www.treatwell.es\/establecimientos\/servicios-grupo-masaje\/oferta-tipo-local\/descuento-dinamico\/en-es\/#?browse-map-venue=305963\" target=\"_self\"><br \/>\n\t\t\t\t<img decoding=\"async\" src=\"https:\/\/www.treatwell.es/inspiracion\/wp-content\/uploads\/sites\/3\/2017\/04\/TW_ES_Mothersday_Landingpage_DV_v01_17-06.jpg\" alt=\"TW_ES_Mothersday_Landingpage_DV_v01_17-06\" \/><br \/>\n\t\t\t\t<\/a><br \/>\n\t\t\t\t<a href=\"https:\/\/www.treatwell.es\/establecimientos\/tratamiento-fotorejuvenecimiento-facial,lifting-facial-no-quirurgico,mesoterapia-facial,microdermoabrasion,oxigenoterapia-facial,peeling-facial,terapia-con-luz-led\/oferta-tipo-local\/descuento-dinamico\/en-es\/\" target=\"_self\"><br \/>\n\t\t\t\t<img decoding=\"async\" src=\"https:\/\/www.treatwell.es/inspiracion\/wp-content\/uploads\/sites\/3\/2017\/05\/faciales.jpg\" alt=\"faciales\" \/><br \/>\n\t\t\t\t<\/a><br \/>\n\t\t\t\t<a href=\"https:\/\/www.treatwell.es\/establecimientos\/tratamiento-manicura-semipermanente,pedicura-semipermanente\/oferta-tipo-local\/descuento-dinamico\/en-es\/ordenar-por-mejor-puntuado\/\" target=\"_self\"><br \/>\n\t\t\t\t<img decoding=\"async\" src=\"https:\/\/www.treatwell.es/inspiracion\/wp-content\/uploads\/sites\/3\/2017\/04\/TW_ES_Mothersday_Landingpage_DV_v01_21-10.jpg\" alt=\"TW_ES_Mothersday_Landingpage_DV_v01_21-10\" \/><br \/>\n\t\t\t\t<\/a><br \/>\n\t\t\t\t<a href=\"https:\/\/www.treatwell.es\/tarjeta-regalo\" target=\"_self\"><br \/>\n\t\t\t\t<img decoding=\"async\" src=\"https:\/\/www.treatwell.es/inspiracion\/wp-content\/uploads\/sites\/3\/2017\/04\/TW_ES_Mothersday_Landingpage_DV_v01_24-11.jpg\" alt=\"TW_ES_Mothersday_Landingpage_DV_v01_24-11\" \/><br \/>\n\t\t\t\t<\/a><br \/>\n\t\t\t\t<a href=\"https:\/\/www.treatwell.es\/tarjeta-regalo\/\" target=\"_self\"><br \/>\n\t\t\t\t<img decoding=\"async\" src=\"https:\/\/www.treatwell.es/inspiracion\/wp-content\/uploads\/sites\/3\/2017\/04\/TW_ES_Mothersday_Landingpage_DV_v01_27-12.jpg\" alt=\"TW_ES_Mothersday_Landingpage_DV_v01_27-12\" \/><br \/>\n\t\t\t\t<\/a><\/p>\n","protected":false},"excerpt":{"rendered":"<p>Ella se desvive por ti los 365 d\u00edas del a\u00f1o. Aprovecha el d\u00eda de la madre para darle las gracias con un tratamiento Treatwell. Hemos seleccionado los mejores regalos de belleza para ella. \u00a1Algunos tienen descuento!<\/p>\n","protected":false},"author":10,"featured_media":0,"parent":0,"menu_order":0,"comment_status":"closed","ping_status":"closed","template":"","meta":{"inline_featured_image":false,"footnotes":""},"class_list":["post-4708","page","type-page","status-publish","hentry"],"yoast_head":"<!-- This site is optimized with the Yoast SEO plugin v27.4 - https:\/\/yoast.com\/product\/yoast-seo-wordpress\/ -->\n<title>D\u00eda de la madre - Treatwell ES<\/title>\n<meta name=\"description\" content=\"Ella se desvive por ti los 365 d\u00edas del a\u00f1o. Aprovecha el d\u00eda de la madre para darle las gracias con un tratamiento Treatwell. \u00a1Algunos tienen descuento!\" \/>\n<meta name=\"robots\" content=\"index, follow, max-snippet:-1, max-image-preview:large, max-video-preview:-1\" \/>\n<link rel=\"canonical\" href=\"https:\/\/www.treatwell.es/inspiracion\/diadelamadre\/\" \/>\n<meta property=\"og:locale\" content=\"es_ES\" \/>\n<meta property=\"og:type\" content=\"article\" \/>\n<meta property=\"og:title\" content=\"D\u00eda de la madre - Treatwell ES\" \/>\n<meta property=\"og:description\" content=\"Ella se desvive por ti los 365 d\u00edas del a\u00f1o. Aprovecha el d\u00eda de la madre para darle las gracias con un tratamiento Treatwell. \u00a1Algunos tienen descuento!\" \/>\n<meta property=\"og:url\" content=\"https:\/\/www.treatwell.es/inspiracion\/diadelamadre\/\" \/>\n<meta property=\"og:site_name\" content=\"Treatwell ES\" \/>\n<meta property=\"article:modified_time\" content=\"2017-05-03T07:52:31+00:00\" \/>\n<meta property=\"og:image\" content=\"https:\/\/www.treatwell.es/inspiracion\/wp-content\/uploads\/sites\/3\/2017\/04\/TW_ES_Mothersday_Landingpage_DV_v01_03-01.jpg\" \/>\n<meta name=\"twitter:card\" content=\"summary_large_image\" \/>\n<script type=\"application\/ld+json\" class=\"yoast-schema-graph\">{\"@context\":\"https:\\\/\\\/schema.org\",\"@graph\":[{\"@type\":\"WebPage\",\"@id\":\"https:\\\/\\\/www.treatwell.es/inspiracion\\\/diadelamadre\\\/\",\"url\":\"https:\\\/\\\/www.treatwell.es/inspiracion\\\/diadelamadre\\\/\",\"name\":\"D\u00eda de la madre - Treatwell ES\",\"isPartOf\":{\"@id\":\"https:\\\/\\\/www.treatwell.es/inspiracion\\\/#website\"},\"primaryImageOfPage\":{\"@id\":\"https:\\\/\\\/www.treatwell.es/inspiracion\\\/diadelamadre\\\/#primaryimage\"},\"image\":{\"@id\":\"https:\\\/\\\/www.treatwell.es/inspiracion\\\/diadelamadre\\\/#primaryimage\"},\"thumbnailUrl\":\"https:\\\/\\\/www.treatwell.es/inspiracion\\\/wp-content\\\/uploads\\\/sites\\\/3\\\/2017\\\/04\\\/TW_ES_Mothersday_Landingpage_DV_v01_03-01.jpg\",\"datePublished\":\"2017-05-02T10:47:32+00:00\",\"dateModified\":\"2017-05-03T07:52:31+00:00\",\"description\":\"Ella se desvive por ti los 365 d\u00edas del a\u00f1o. Aprovecha el d\u00eda de la madre para darle las gracias con un tratamiento Treatwell. \u00a1Algunos tienen descuento!\",\"breadcrumb\":{\"@id\":\"https:\\\/\\\/www.treatwell.es/inspiracion\\\/diadelamadre\\\/#breadcrumb\"},\"inLanguage\":\"es\",\"potentialAction\":[{\"@type\":\"ReadAction\",\"target\":[\"https:\\\/\\\/www.treatwell.es/inspiracion\\\/diadelamadre\\\/\"]}]},{\"@type\":\"ImageObject\",\"inLanguage\":\"es\",\"@id\":\"https:\\\/\\\/www.treatwell.es/inspiracion\\\/diadelamadre\\\/#primaryimage\",\"url\":\"https:\\\/\\\/www.treatwell.es/inspiracion\\\/wp-content\\\/uploads\\\/sites\\\/3\\\/2017\\\/04\\\/TW_ES_Mothersday_Landingpage_DV_v01_03-01.jpg\",\"contentUrl\":\"https:\\\/\\\/www.treatwell.es/inspiracion\\\/wp-content\\\/uploads\\\/sites\\\/3\\\/2017\\\/04\\\/TW_ES_Mothersday_Landingpage_DV_v01_03-01.jpg\",\"width\":566,\"height\":183},{\"@type\":\"BreadcrumbList\",\"@id\":\"https:\\\/\\\/www.treatwell.es/inspiracion\\\/diadelamadre\\\/#breadcrumb\",\"itemListElement\":[{\"@type\":\"ListItem\",\"position\":1,\"name\":\"Home\",\"item\":\"https:\\\/\\\/www.treatwell.es/inspiracion\\\/\"},{\"@type\":\"ListItem\",\"position\":2,\"name\":\"D\u00eda de la madre\"}]},{\"@type\":\"WebSite\",\"@id\":\"https:\\\/\\\/www.treatwell.es/inspiracion\\\/#website\",\"url\":\"https:\\\/\\\/www.treatwell.es/inspiracion\\\/\",\"name\":\"Treatwell ES\",\"description\":\"\",\"potentialAction\":[{\"@type\":\"SearchAction\",\"target\":{\"@type\":\"EntryPoint\",\"urlTemplate\":\"https:\\\/\\\/www.treatwell.es/inspiracion\\\/?s={search_term_string}\"},\"query-input\":{\"@type\":\"PropertyValueSpecification\",\"valueRequired\":true,\"valueName\":\"search_term_string\"}}],\"inLanguage\":\"es\"}]}<\/script>\n<!-- \/ Yoast SEO plugin. -->","yoast_head_json":{"title":"D\u00eda de la madre - Treatwell ES","description":"Ella se desvive por ti los 365 d\u00edas del a\u00f1o. Aprovecha el d\u00eda de la madre para darle las gracias con un tratamiento Treatwell. \u00a1Algunos tienen descuento!","robots":{"index":"index","follow":"follow","max-snippet":"max-snippet:-1","max-image-preview":"max-image-preview:large","max-video-preview":"max-video-preview:-1"},"canonical":"https:\/\/www.treatwell.es/inspiracion\/diadelamadre\/","og_locale":"es_ES","og_type":"article","og_title":"D\u00eda de la madre - Treatwell ES","og_description":"Ella se desvive por ti los 365 d\u00edas del a\u00f1o. Aprovecha el d\u00eda de la madre para darle las gracias con un tratamiento Treatwell. \u00a1Algunos tienen descuento!","og_url":"https:\/\/www.treatwell.es/inspiracion\/diadelamadre\/","og_site_name":"Treatwell ES","article_modified_time":"2017-05-03T07:52:31+00:00","og_image":[{"url":"https:\/\/www.treatwell.es/inspiracion\/wp-content\/uploads\/sites\/3\/2017\/04\/TW_ES_Mothersday_Landingpage_DV_v01_03-01.jpg","type":"","width":"","height":""}],"twitter_card":"summary_large_image","schema":{"@context":"https:\/\/schema.org","@graph":[{"@type":"WebPage","@id":"https:\/\/www.treatwell.es/inspiracion\/diadelamadre\/","url":"https:\/\/www.treatwell.es/inspiracion\/diadelamadre\/","name":"D\u00eda de la madre - Treatwell ES","isPartOf":{"@id":"https:\/\/www.treatwell.es/inspiracion\/#website"},"primaryImageOfPage":{"@id":"https:\/\/www.treatwell.es/inspiracion\/diadelamadre\/#primaryimage"},"image":{"@id":"https:\/\/www.treatwell.es/inspiracion\/diadelamadre\/#primaryimage"},"thumbnailUrl":"https:\/\/www.treatwell.es/inspiracion\/wp-content\/uploads\/sites\/3\/2017\/04\/TW_ES_Mothersday_Landingpage_DV_v01_03-01.jpg","datePublished":"2017-05-02T10:47:32+00:00","dateModified":"2017-05-03T07:52:31+00:00","description":"Ella se desvive por ti los 365 d\u00edas del a\u00f1o. Aprovecha el d\u00eda de la madre para darle las gracias con un tratamiento Treatwell. \u00a1Algunos tienen descuento!","breadcrumb":{"@id":"https:\/\/www.treatwell.es/inspiracion\/diadelamadre\/#breadcrumb"},"inLanguage":"es","potentialAction":[{"@type":"ReadAction","target":["https:\/\/www.treatwell.es/inspiracion\/diadelamadre\/"]}]},{"@type":"ImageObject","inLanguage":"es","@id":"https:\/\/www.treatwell.es/inspiracion\/diadelamadre\/#primaryimage","url":"https:\/\/www.treatwell.es/inspiracion\/wp-content\/uploads\/sites\/3\/2017\/04\/TW_ES_Mothersday_Landingpage_DV_v01_03-01.jpg","contentUrl":"https:\/\/www.treatwell.es/inspiracion\/wp-content\/uploads\/sites\/3\/2017\/04\/TW_ES_Mothersday_Landingpage_DV_v01_03-01.jpg","width":566,"height":183},{"@type":"BreadcrumbList","@id":"https:\/\/www.treatwell.es/inspiracion\/diadelamadre\/#breadcrumb","itemListElement":[{"@type":"ListItem","position":1,"name":"Home","item":"https:\/\/www.treatwell.es/inspiracion\/"},{"@type":"ListItem","position":2,"name":"D\u00eda de la madre"}]},{"@type":"WebSite","@id":"https:\/\/www.treatwell.es/inspiracion\/#website","url":"https:\/\/www.treatwell.es/inspiracion\/","name":"Treatwell ES","description":"","potentialAction":[{"@type":"SearchAction","target":{"@type":"EntryPoint","urlTemplate":"https:\/\/www.treatwell.es/inspiracion\/?s={search_term_string}"},"query-input":{"@type":"PropertyValueSpecification","valueRequired":true,"valueName":"search_term_string"}}],"inLanguage":"es"}]}},"_links":{"self":[{"href":"https:\/\/www.treatwell.es\/inspiracion\/wp-json\/wp\/v2\/pages\/4708","targetHints":{"allow":["GET"]}}],"collection":[{"href":"https:\/\/www.treatwell.es\/inspiracion\/wp-json\/wp\/v2\/pages"}],"about":[{"href":"https:\/\/www.treatwell.es\/inspiracion\/wp-json\/wp\/v2\/types\/page"}],"author":[{"embeddable":true,"href":"https:\/\/www.treatwell.es\/inspiracion\/wp-json\/wp\/v2\/users\/10"}],"replies":[{"embeddable":true,"href":"https:\/\/www.treatwell.es\/inspiracion\/wp-json\/wp\/v2\/comments?post=4708"}],"version-history":[{"count":0,"href":"https:\/\/www.treatwell.es\/inspiracion\/wp-json\/wp\/v2\/pages\/4708\/revisions"}],"wp:attachment":[{"href":"https:\/\/www.treatwell.es\/inspiracion\/wp-json\/wp\/v2\/media?parent=4708"}],"curies":[{"name":"wp","href":"https:\/\/api.w.org\/{rel}","templated":true}]}}