{"id":4770,"date":"2017-04-28T09:48:32","date_gmt":"2017-04-28T09:48:32","guid":{"rendered":"https:\/\/www.treatwell.es\/inspiracion\/?page_id=4770"},"modified":"2017-05-03T15:03:23","modified_gmt":"2017-05-03T15:03:23","slug":"novia","status":"publish","type":"page","link":"https:\/\/www.treatwell.es/inspiracion\/novia\/","title":{"rendered":"Novia"},"content":{"rendered":"<p>\t\t\t\t<img decoding=\"async\" src=\"https:\/\/www.treatwell.es/inspiracion\/wp-content\/uploads\/sites\/3\/2017\/04\/TW_ES_Mothersday_Landingpage_DV_v01_24-11-4.jpg\" alt=\"TW_ES_Mothersday_Landingpage_DV_v01_24-11\" \/><\/p>\n<p>#Beautytip: \u00a1Elige el peinado seg\u00fan tu vestido! A cada escote, un peinado diferente. Realza tu belleza.\n<\/p>\n<p>\t\t\t\t<a href=\"https:\/\/www.treatwell.es\/establecimientos\/tratamiento-peinados-y-recogidos\/oferta-tipo-local\/en-es\/ordenar-por-mas-vendidos-asc\/\" target=\"_self\"><br \/>\n\t\t\t\t<img decoding=\"async\" src=\"https:\/\/www.treatwell.es/inspiracion\/wp-content\/uploads\/sites\/3\/2017\/04\/hair_braid.jpg\" alt=\"hair_braid\" \/><br \/>\n\t\t\t\t<\/a><br \/>\n\t\t\t\t<a href=\"https:\/\/www.treatwell.es\/establecimientos\/tratamiento-peinados-y-recogidos\/oferta-tipo-local\/en-es\/ordenar-por-mas-vendidos-asc\/\" target=\"_self\"><br \/>\n\t\t\t\t<img decoding=\"async\" src=\"https:\/\/www.treatwell.es/inspiracion\/wp-content\/uploads\/sites\/3\/2017\/04\/hair_updo.jpg\" alt=\"hair_updo\" \/><br \/>\n\t\t\t\t<\/a><br \/>\n\t\t\t\t<a href=\"https:\/\/www.treatwell.es\/establecimientos\/tratamiento-lavado-y-peinado\/oferta-tipo-local\/descuento-dinamico\/en-es\/\" target=\"_self\"><br \/>\n\t\t\t\t<img decoding=\"async\" src=\"https:\/\/www.treatwell.es/inspiracion\/wp-content\/uploads\/sites\/3\/2017\/04\/hair_straight.jpg\" alt=\"hair_straight\" \/><br \/>\n\t\t\t\t<\/a><br \/>\n\t\t\t\t<a href=\"https:\/\/www.treatwell.es\/establecimientos\/tratamiento-corte-de-pelo\/oferta-tipo-local\/descuento-dinamico\/en-es\/\" target=\"_self\"><br \/>\n\t\t\t\t<img decoding=\"async\" src=\"https:\/\/www.treatwell.es/inspiracion\/wp-content\/uploads\/sites\/3\/2017\/04\/hair_fringe.jpg\" alt=\"hair_fringe\" \/><br \/>\n\t\t\t\t<\/a><br \/>\n\t\t\t\t<img decoding=\"async\" src=\"https:\/\/www.treatwell.es/inspiracion\/wp-content\/uploads\/sites\/3\/2017\/04\/TW_ES_Mothersdaym_Landingpage_DV_v01_24-11.png\" alt=\"TW_ES_Mothersdaym_Landingpage_DV_v01_24-11\" \/><\/p>\n<p>#Beautytip: Aunque hay infinidad de estilos, \u00a1una combinaci\u00f3n de total look es la clave! Apunta estas tendencias\n<\/p>\n<p>\t\t\t\t<a href=\"https:\/\/www.treatwell.es\/establecimientos\/tratamiento-maquillaje\/oferta-tipo-local\/descuento-dinamico\/en-es\/ordenar-por-mejor-puntuado\/\" target=\"_self\"><br \/>\n\t\t\t\t<img decoding=\"async\" src=\"https:\/\/www.treatwell.es/inspiracion\/wp-content\/uploads\/sites\/3\/2017\/04\/Makeup1.jpg\" alt=\"Makeup1\" \/><br \/>\n\t\t\t\t<\/a><br \/>\n\t\t\t\t<a href=\"https:\/\/www.treatwell.es\/establecimientos\/tratamiento-maquillaje\/oferta-tipo-local\/descuento-dinamico\/en-es\/\" target=\"_self\"><br \/>\n\t\t\t\t<img decoding=\"async\" src=\"https:\/\/www.treatwell.es/inspiracion\/wp-content\/uploads\/sites\/3\/2017\/04\/Makeup2.jpg\" alt=\"Makeup2\" \/><br \/>\n\t\t\t\t<\/a><br \/>\n\t\t\t\t<a href=\"https:\/\/www.treatwell.es\/establecimientos\/tratamiento-maquillaje\/oferta-tipo-local\/descuento-dinamico\/en-es\/ordenar-por-descuento-desc\/\" target=\"_self\"><br \/>\n\t\t\t\t<img decoding=\"async\" src=\"https:\/\/www.treatwell.es/inspiracion\/wp-content\/uploads\/sites\/3\/2017\/04\/Makeup3.jpg\" alt=\"Makeup3\" \/><br \/>\n\t\t\t\t<\/a><br \/>\n\t\t\t\t<a href=\"https:\/\/www.treatwell.es\/establecimientos\/tratamiento-maquillaje\/oferta-tipo-local\/descuento-dinamico\/en-es\/ordenar-por-mas-vendidos-asc\/\" target=\"_self\"><br \/>\n\t\t\t\t<img decoding=\"async\" src=\"https:\/\/www.treatwell.es/inspiracion\/wp-content\/uploads\/sites\/3\/2017\/04\/Makeup4.jpg\" alt=\"Makeup4\" \/><br \/>\n\t\t\t\t<\/a><br \/>\n\t\t\t\t<a href=\"https:\/\/www.treatwell.es\/establecimientos\/tratamiento-maquillaje\/oferta-tipo-local\/descuento-dinamico\/en-es\/ordenar-por-mejor-puntuado\/\" target=\"_self\"><br \/>\n\t\t\t\t<img decoding=\"async\" src=\"https:\/\/www.treatwell.es/inspiracion\/wp-content\/uploads\/sites\/3\/2017\/04\/Makeup5.jpg\" alt=\"Makeup5\" \/><br \/>\n\t\t\t\t<\/a><br \/>\n\t\t\t\t<a href=\"https:\/\/www.treatwell.es\/establecimientos\/tratamiento-maquillaje\/oferta-tipo-local\/descuento-dinamico\/en-es\/\" target=\"_self\"><br \/>\n\t\t\t\t<img decoding=\"async\" src=\"https:\/\/www.treatwell.es/inspiracion\/wp-content\/uploads\/sites\/3\/2017\/04\/Makeup6.jpg\" alt=\"Makeup6\" \/><br \/>\n\t\t\t\t<\/a><br \/>\n\t\t\t\t<a href=\"https:\/\/www.treatwell.es\/establecimientos\/tratamiento-maquillaje\/oferta-tipo-local\/descuento-dinamico\/en-es\/ordenar-por-descuento-desc\/\" target=\"_self\"><br \/>\n\t\t\t\t<img decoding=\"async\" src=\"https:\/\/www.treatwell.es/inspiracion\/wp-content\/uploads\/sites\/3\/2017\/04\/Makeup7.jpg\" alt=\"Makeup7\" \/><br \/>\n\t\t\t\t<\/a><br \/>\n\t\t\t\t<a href=\"https:\/\/www.treatwell.es\/establecimientos\/tratamiento-maquillaje\/oferta-tipo-local\/descuento-dinamico\/en-es\/ordenar-por-mas-vendidos-asc\/\" target=\"_self\"><br \/>\n\t\t\t\t<img decoding=\"async\" src=\"https:\/\/www.treatwell.es/inspiracion\/wp-content\/uploads\/sites\/3\/2017\/04\/Makeup8.jpg\" alt=\"Makeup8\" \/><br \/>\n\t\t\t\t<\/a><br \/>\n\t\t\t\t<img decoding=\"async\" src=\"https:\/\/www.treatwell.es/inspiracion\/wp-content\/uploads\/sites\/3\/2017\/04\/TW_ES_Mothersdafy_Landingpage_DV_v01_24-11.png\" alt=\"TW_ES_Mothersdafy_Landingpage_DV_v01_24-11\" \/><\/p>\n<p>#Beautytip: La poluci\u00f3n, el estr\u00e9s, la preocupaci\u00f3n&#8230; \u00a1Date un capricho y mima tu cara antes de la boda! Tranquila, te ayudamos\n<\/p>\n<p>\t\t\t\t<img decoding=\"async\" src=\"https:\/\/www.treatwell.es/inspiracion\/wp-content\/uploads\/sites\/3\/2017\/04\/Big_Face.jpg\" alt=\"Big_Face\" \/><\/p>\n","protected":false},"excerpt":{"rendered":"<p>#Beautytip: \u00a1Elige el peinado seg\u00fan tu vestido! A cada escote, un peinado diferente. Realza tu belleza. #Beautytip: Aunque hay infinidad de estilos, \u00a1una combinaci\u00f3n de total look es la clave! Apunta estas tendencias #Beautytip: La poluci\u00f3n, el estr\u00e9s, la preocupaci\u00f3n&#8230; \u00a1Date un capricho y mima tu cara antes de la boda! Tranquila, te ayudamos<\/p>\n","protected":false},"author":117,"featured_media":0,"parent":0,"menu_order":0,"comment_status":"closed","ping_status":"closed","template":"","meta":{"inline_featured_image":false,"footnotes":""},"class_list":["post-4770","page","type-page","status-publish","hentry"],"yoast_head":"<!-- This site is optimized with the Yoast SEO plugin v27.3 - https:\/\/yoast.com\/product\/yoast-seo-wordpress\/ -->\n<title>Novia - Treatwell ES<\/title>\n<meta name=\"description\" content=\"Elige el peinado seg\u00fan tu vestido de boda. A cada escote, un peinado diferente. Realza tu belleza y \u00a1prep\u00e1rate para t\u00fa gran d\u00eda!\" \/>\n<meta name=\"robots\" content=\"index, follow, max-snippet:-1, max-image-preview:large, max-video-preview:-1\" \/>\n<link rel=\"canonical\" href=\"https:\/\/www.treatwell.es/inspiracion\/novia\/\" \/>\n<meta property=\"og:locale\" content=\"es_ES\" \/>\n<meta property=\"og:type\" content=\"article\" \/>\n<meta property=\"og:title\" content=\"Novia - Treatwell ES\" \/>\n<meta property=\"og:description\" content=\"Elige el peinado seg\u00fan tu vestido de boda. A cada escote, un peinado diferente. Realza tu belleza y \u00a1prep\u00e1rate para t\u00fa gran d\u00eda!\" \/>\n<meta property=\"og:url\" content=\"https:\/\/www.treatwell.es/inspiracion\/novia\/\" \/>\n<meta property=\"og:site_name\" content=\"Treatwell ES\" \/>\n<meta property=\"article:modified_time\" content=\"2017-05-03T15:03:23+00:00\" \/>\n<meta property=\"og:image\" content=\"https:\/\/www.treatwell.es/inspiracion\/wp-content\/uploads\/sites\/3\/2017\/04\/TW_ES_Mothersday_Landingpage_DV_v01_24-11-4.jpg\" \/>\n<meta name=\"twitter:card\" content=\"summary_large_image\" \/>\n<script type=\"application\/ld+json\" class=\"yoast-schema-graph\">{\"@context\":\"https:\\\/\\\/schema.org\",\"@graph\":[{\"@type\":\"WebPage\",\"@id\":\"https:\\\/\\\/www.treatwell.es/inspiracion\\\/novia\\\/\",\"url\":\"https:\\\/\\\/www.treatwell.es/inspiracion\\\/novia\\\/\",\"name\":\"Novia - Treatwell ES\",\"isPartOf\":{\"@id\":\"https:\\\/\\\/www.treatwell.es/inspiracion\\\/#website\"},\"primaryImageOfPage\":{\"@id\":\"https:\\\/\\\/www.treatwell.es/inspiracion\\\/novia\\\/#primaryimage\"},\"image\":{\"@id\":\"https:\\\/\\\/www.treatwell.es/inspiracion\\\/novia\\\/#primaryimage\"},\"thumbnailUrl\":\"https:\\\/\\\/www.treatwell.es/inspiracion\\\/wp-content\\\/uploads\\\/sites\\\/3\\\/2017\\\/04\\\/TW_ES_Mothersday_Landingpage_DV_v01_24-11-4.jpg\",\"datePublished\":\"2017-04-28T09:48:32+00:00\",\"dateModified\":\"2017-05-03T15:03:23+00:00\",\"description\":\"Elige el peinado seg\u00fan tu vestido de boda. A cada escote, un peinado diferente. Realza tu belleza y \u00a1prep\u00e1rate para t\u00fa gran d\u00eda!\",\"breadcrumb\":{\"@id\":\"https:\\\/\\\/www.treatwell.es/inspiracion\\\/novia\\\/#breadcrumb\"},\"inLanguage\":\"es\",\"potentialAction\":[{\"@type\":\"ReadAction\",\"target\":[\"https:\\\/\\\/www.treatwell.es/inspiracion\\\/novia\\\/\"]}]},{\"@type\":\"ImageObject\",\"inLanguage\":\"es\",\"@id\":\"https:\\\/\\\/www.treatwell.es/inspiracion\\\/novia\\\/#primaryimage\",\"url\":\"https:\\\/\\\/www.treatwell.es/inspiracion\\\/wp-content\\\/uploads\\\/sites\\\/3\\\/2017\\\/04\\\/TW_ES_Mothersday_Landingpage_DV_v01_24-11-4.jpg\",\"contentUrl\":\"https:\\\/\\\/www.treatwell.es/inspiracion\\\/wp-content\\\/uploads\\\/sites\\\/3\\\/2017\\\/04\\\/TW_ES_Mothersday_Landingpage_DV_v01_24-11-4.jpg\",\"width\":505,\"height\":130},{\"@type\":\"BreadcrumbList\",\"@id\":\"https:\\\/\\\/www.treatwell.es/inspiracion\\\/novia\\\/#breadcrumb\",\"itemListElement\":[{\"@type\":\"ListItem\",\"position\":1,\"name\":\"Home\",\"item\":\"https:\\\/\\\/www.treatwell.es/inspiracion\\\/\"},{\"@type\":\"ListItem\",\"position\":2,\"name\":\"Novia\"}]},{\"@type\":\"WebSite\",\"@id\":\"https:\\\/\\\/www.treatwell.es/inspiracion\\\/#website\",\"url\":\"https:\\\/\\\/www.treatwell.es/inspiracion\\\/\",\"name\":\"Treatwell ES\",\"description\":\"\",\"potentialAction\":[{\"@type\":\"SearchAction\",\"target\":{\"@type\":\"EntryPoint\",\"urlTemplate\":\"https:\\\/\\\/www.treatwell.es/inspiracion\\\/?s={search_term_string}\"},\"query-input\":{\"@type\":\"PropertyValueSpecification\",\"valueRequired\":true,\"valueName\":\"search_term_string\"}}],\"inLanguage\":\"es\"}]}<\/script>\n<!-- \/ Yoast SEO plugin. -->","yoast_head_json":{"title":"Novia - Treatwell ES","description":"Elige el peinado seg\u00fan tu vestido de boda. A cada escote, un peinado diferente. Realza tu belleza y \u00a1prep\u00e1rate para t\u00fa gran d\u00eda!","robots":{"index":"index","follow":"follow","max-snippet":"max-snippet:-1","max-image-preview":"max-image-preview:large","max-video-preview":"max-video-preview:-1"},"canonical":"https:\/\/www.treatwell.es/inspiracion\/novia\/","og_locale":"es_ES","og_type":"article","og_title":"Novia - Treatwell ES","og_description":"Elige el peinado seg\u00fan tu vestido de boda. A cada escote, un peinado diferente. Realza tu belleza y \u00a1prep\u00e1rate para t\u00fa gran d\u00eda!","og_url":"https:\/\/www.treatwell.es/inspiracion\/novia\/","og_site_name":"Treatwell ES","article_modified_time":"2017-05-03T15:03:23+00:00","og_image":[{"url":"https:\/\/www.treatwell.es/inspiracion\/wp-content\/uploads\/sites\/3\/2017\/04\/TW_ES_Mothersday_Landingpage_DV_v01_24-11-4.jpg","type":"","width":"","height":""}],"twitter_card":"summary_large_image","schema":{"@context":"https:\/\/schema.org","@graph":[{"@type":"WebPage","@id":"https:\/\/www.treatwell.es/inspiracion\/novia\/","url":"https:\/\/www.treatwell.es/inspiracion\/novia\/","name":"Novia - Treatwell ES","isPartOf":{"@id":"https:\/\/www.treatwell.es/inspiracion\/#website"},"primaryImageOfPage":{"@id":"https:\/\/www.treatwell.es/inspiracion\/novia\/#primaryimage"},"image":{"@id":"https:\/\/www.treatwell.es/inspiracion\/novia\/#primaryimage"},"thumbnailUrl":"https:\/\/www.treatwell.es/inspiracion\/wp-content\/uploads\/sites\/3\/2017\/04\/TW_ES_Mothersday_Landingpage_DV_v01_24-11-4.jpg","datePublished":"2017-04-28T09:48:32+00:00","dateModified":"2017-05-03T15:03:23+00:00","description":"Elige el peinado seg\u00fan tu vestido de boda. A cada escote, un peinado diferente. Realza tu belleza y \u00a1prep\u00e1rate para t\u00fa gran d\u00eda!","breadcrumb":{"@id":"https:\/\/www.treatwell.es/inspiracion\/novia\/#breadcrumb"},"inLanguage":"es","potentialAction":[{"@type":"ReadAction","target":["https:\/\/www.treatwell.es/inspiracion\/novia\/"]}]},{"@type":"ImageObject","inLanguage":"es","@id":"https:\/\/www.treatwell.es/inspiracion\/novia\/#primaryimage","url":"https:\/\/www.treatwell.es/inspiracion\/wp-content\/uploads\/sites\/3\/2017\/04\/TW_ES_Mothersday_Landingpage_DV_v01_24-11-4.jpg","contentUrl":"https:\/\/www.treatwell.es/inspiracion\/wp-content\/uploads\/sites\/3\/2017\/04\/TW_ES_Mothersday_Landingpage_DV_v01_24-11-4.jpg","width":505,"height":130},{"@type":"BreadcrumbList","@id":"https:\/\/www.treatwell.es/inspiracion\/novia\/#breadcrumb","itemListElement":[{"@type":"ListItem","position":1,"name":"Home","item":"https:\/\/www.treatwell.es/inspiracion\/"},{"@type":"ListItem","position":2,"name":"Novia"}]},{"@type":"WebSite","@id":"https:\/\/www.treatwell.es/inspiracion\/#website","url":"https:\/\/www.treatwell.es/inspiracion\/","name":"Treatwell ES","description":"","potentialAction":[{"@type":"SearchAction","target":{"@type":"EntryPoint","urlTemplate":"https:\/\/www.treatwell.es/inspiracion\/?s={search_term_string}"},"query-input":{"@type":"PropertyValueSpecification","valueRequired":true,"valueName":"search_term_string"}}],"inLanguage":"es"}]}},"_links":{"self":[{"href":"https:\/\/www.treatwell.es\/inspiracion\/wp-json\/wp\/v2\/pages\/4770","targetHints":{"allow":["GET"]}}],"collection":[{"href":"https:\/\/www.treatwell.es\/inspiracion\/wp-json\/wp\/v2\/pages"}],"about":[{"href":"https:\/\/www.treatwell.es\/inspiracion\/wp-json\/wp\/v2\/types\/page"}],"author":[{"embeddable":true,"href":"https:\/\/www.treatwell.es\/inspiracion\/wp-json\/wp\/v2\/users\/117"}],"replies":[{"embeddable":true,"href":"https:\/\/www.treatwell.es\/inspiracion\/wp-json\/wp\/v2\/comments?post=4770"}],"version-history":[{"count":0,"href":"https:\/\/www.treatwell.es\/inspiracion\/wp-json\/wp\/v2\/pages\/4770\/revisions"}],"wp:attachment":[{"href":"https:\/\/www.treatwell.es\/inspiracion\/wp-json\/wp\/v2\/media?parent=4770"}],"curies":[{"name":"wp","href":"https:\/\/api.w.org\/{rel}","templated":true}]}}