{"id":5749,"date":"2017-09-12T13:07:31","date_gmt":"2017-09-12T13:07:31","guid":{"rendered":"https:\/\/www.treatwell.es\/inspiracion\/?page_id=5749"},"modified":"2017-09-12T14:49:22","modified_gmt":"2017-09-12T14:49:22","slug":"bases-legales-mrwonderful","status":"publish","type":"page","link":"https:\/\/www.treatwell.es/inspiracion\/bases-legales-mrwonderful\/","title":{"rendered":"Bases legales &#8211; Mr Wonderful x Treatwell"},"content":{"rendered":"<p><strong><\/p>\n<tr><font size=\"6\"><\/p>\n<tr>Bases legales sorteo Mr. Wonderful \u00a0&#8211; Treatwell\u00a0<\/strong><\/font><\/p>\n<ol>\n<li><strong><strong>\u00a0ORGANIZADORES<br \/>\n<\/strong><\/strong><\/p>\n<p>La empresa TREATWELL SPAIN, S.L.U. (en adelante \u201cel organizador\u201d) con domicilio en Barcelona-08007, Calle Balmes n\u00ba 7, planta 3\u00aa A y B, NIF B-87237293 organiza un sorteo promocional (en adelante \u201cel SORTEO\u201d) bajo su responsabilidad y de conformidad con las bases detalladas a continuaci\u00f3n.<\/p>\n<p>La sociedad MR. WONDERFUL COMUNICATION, S.L., con domicilio en Barcelona-08036 Av. Diagonal 435, 4\u00ba 1\u00aa, NIF n\u00famero B65773400, colabora con parte del premio, tal y como detalla m\u00e1s abajo.\n<\/p>\n<\/li>\n<li><strong><strong>PLAZO DE DURACI\u00d3N DEL SORTEO<br \/>\n<\/strong><\/strong><\/p>\n<p>El SORTEO tendr\u00e1 una duraci\u00f3n limitada, iniciando el d\u00eda 13 de septiembre de 2017, a las 12:00 (CEST), hasta el d\u00eda 20 de septiembre de 2017, a las 23:59 (CEST).<\/p>\n<p>&nbsp;<\/li>\n<li><strong>PREMIO<\/strong><br \/>\nEl premio consiste en un lote de productos Mr. Wonderful (contiene: una libreta, un estuche con bol\u00edgrafos, una\u00a0botella t\u00e9rmica\u00a0y un taza) y una tarjeta regalo de 50\u20ac de Treatwell canjeable por un producto de Treatwell, en\u00a0<a href=\"https:\/\/www.google.com\/url?q=http:\/\/www.treatwell.es&amp;sa=D&amp;ust=1505220531381000&amp;usg=AFQjCNEKcO90d2roQXduak6_tmYqBsIV_g\">www.treatwell.es<\/a>\u00a0con pago online y, la tarjeta regalo no es v\u00e1lida para comprar una gift card. El vale no es sustituible por su valor econ\u00f3mico en efectivo. S\u00f3lo tendr\u00e1 un \u00fanico uso se consuma o no en su integridad el importe del vale. El vale tendr\u00e1 vigencia hasta el 31\/12\/2017. El vale no es transferible.&nbsp;<\/li>\n<li><strong><strong>CONDICIONES DE PARTICIPACI\u00d3N<br \/>\n<\/strong><\/strong><\/p>\n<p>Podr\u00e1n participar en el SORTEO cualquier persona f\u00edsica, mayor de edad y con plena capacidad para el ejercicio de sus derechos y residente en Espa\u00f1a (pen\u00ednsula, Islas Canarias e Islas Baleares). Quedan excluidas de participar en el SORTEO las siguientes personas:<\/p>\n<p>&#8211; Empleados as\u00ed como familiares directos de los ORGANIZADORES.<\/p>\n<p>&#8211; Cualquier persona que haya participado en la organizaci\u00f3n del presente SORTEO.<\/p>\n<p>La participaci\u00f3n en el SORTEO es gratuita.<\/p>\n<p>Cualquier utilizaci\u00f3n abusiva o fraudulenta de estas bases dar\u00e1 lugar a la consiguiente descalificaci\u00f3n del participante en la promoci\u00f3n. Ser\u00e1n descartadas las personas que hagan uso ileg\u00edtimo, recibiendo ayuda y\/o ventaja para manipular la participaci\u00f3n.\u00a0A t\u00edtulo enunciativo, pero no limitativo, se entender\u00e1 que se produce abuso o fraude, cuando un participante se registre m\u00e1s de una vez, los que hagan uso de identidad falsa o la de un tercero sin su consentimiento, quienes no re\u00fanan los requisitos y condiciones citadas en las presentes bases. Tambi\u00e9n ser\u00e1n eliminadas la participaci\u00f3n realizada fuera de plazo.<\/p>\n<p>&nbsp;<\/li>\n<li><strong>MEC\u00c1NICA DE PARTICIPACI\u00d3N<\/strong>\n<p>Para poder participar en el SORTEO, se deber\u00e1 registrar en el siguiente sitio web: https:\/\/www.treatwell.es\/inspiracion\/mrwonderful-x-treatwell\/. El formulario de registro a cumplimentar en el sitio web anteriormente indicado le requerir\u00e1 los siguientes datos que deber\u00e1 cumplimentar en su totalidad para poder participar: NOMBRE, APELLIDOS, CORREO ELECTR\u00d3NICO, G\u00c9NERO, CODIGO POSTAL.<\/p>\n<p>Solo es posible la participaci\u00f3n con un \u00fanico correo electr\u00f3nico y una \u00fanica vez, no pudiendo cumplimentar el formulario de registro varias veces.<\/p>\n<p>&nbsp;<\/li>\n<li><strong><strong>COMUNICACI\u00d3N AL GANADOR<br \/>\n<\/strong><\/strong><\/p>\n<p id=\"h.gjdgxs\">El ganador ser\u00e1 comunicado el d\u00eda 27 de septiembre de 2017 en las redes sociales de\u00a0Mr. Wonderful\u00a0(<a href=\"https:\/\/www.google.com\/url?q=https:\/\/www.facebook.com\/mrwonderfulshop&amp;sa=D&amp;ust=1505220531383000&amp;usg=AFQjCNEanqJ0CRR_CvFvBH1686dg1wgUpw\">https:\/\/www.facebook.com\/mrwonderfulshop<\/a>) \u00a0y en las de Treatwell\u00a0(<a href=\"https:\/\/www.google.com\/url?q=https:\/\/www.facebook.com\/treatwelles&amp;sa=D&amp;ust=1505220531383000&amp;usg=AFQjCNE157dORyOiXN41qjMoY2hGkLmi8w\">https:\/\/www.facebook.com\/treatwelles<\/a>)\u00a0concretamente se comunicar\u00e1 en las p\u00e1ginas oficiales de ambas entidades en Facebook.<\/p>\n<p>El ganador ser\u00e1 elegido de forma aleatoria entre todos los participantes registrados dentro del plazo de duraci\u00f3n del SORTEO, indicado en el apartado 2 de las presentes bases. El ganador ser\u00e1 informado mediante comentario p\u00fablico en las redes sociales de Mr. Wonderful y Treatwell y posteriormente mediante mensaje privado a su correo electr\u00f3nico para que el ganador facilite su domicilio y se pueda realizar el env\u00edo. En el caso de que no fuera posible localizar al ganador en un plazo de 48 horas a contar desde el primer intento, o bien el premio fuera expresamente rechazado por cualquier causa, se acudir\u00e1\u0301 a los registros por orden de extracci\u00f3n para determinar el ganador una \u00fanica vez adicional. Si no se pudiera contactar con el ganador ni su sustituto en los t\u00e9rminos indicados, se proceder\u00e1 a declarar el premio como desierto.<\/p>\n<p>El ganador del premio quedar\u00e1 sometido al cumplimiento de todas las obligaciones fiscales establecidas por la legislaci\u00f3n vigente aplicable, en su caso, siendo de su cargo exclusivo el pago de las mismas.<\/p>\n<p>&nbsp;<\/li>\n<li><strong><strong>PROTECCI\u00d3N DE DATOS<br \/>\n<\/strong><\/strong><\/p>\n<p>El Organizador garantiza el cumplimiento \u00edntegro de la Ley Org\u00e1nica 15\/1999, de 13 de diciembre de Protecci\u00f3n de Datos de Car\u00e1cter Personal en el tratamiento de los datos personales, as\u00ed como del resto de la legislaci\u00f3n aplicable en materia de protecci\u00f3n de datos. Los datos suministrados por todos los participantes ser\u00e1n incorporados a los correspondientes ficheros automatizados de TREATWELL SPAIN, S.L.U. y MR. WONDERFUL COMUNICATION, S.L.<\/p>\n<p>Al facilitarnos los datos mediante la cumplimentaci\u00f3n del formulario correspondiente se\u00f1alado en el apartado 5, Vd. consiente expresamente el uso, tratamiento y comunicaci\u00f3n de los mismos para las finalidades indicadas a continuaci\u00f3n.<\/p>\n<p>Dichos datos ser\u00e1n utilizados para identificarles como usuarios de los ORGANIZADORES para gestionar el otorgamiento del premio, as\u00ed como para el desarrollo de acciones promocionales de car\u00e1cter general. El participante podr\u00e1 en cualquier momento ejercitar los derechos de oposici\u00f3n, acceso, rectificaci\u00f3n y cancelaci\u00f3n de sus datos enviando un correo electr\u00f3nico a\u00a0<a href=\"mailto:servicio.cliente@treatwell.es\">servicio.cliente@treatwell.es<\/a>\u00a0y\u00a0<a href=\"mailto:lopd@mrwonderful.es\">lopd@mrwonderful.es<\/a>.<\/p>\n<p>&nbsp;<\/li>\n<li><strong>LEGISLACI\u00d3N APLICABLE Y JUZGADOS COMPETENTES<br \/>\n<\/strong>En lo no dispuesto en las presentes bases, este SORTEO se someter\u00e1 a lo dispuesto en la normativa espa\u00f1ola aplicable al momento en que se realiza. Los juzgados competentes para conocer de cualquier conflicto o controversia que surja en el seno del presente SORTEO son los Juzgados de la ciudad de Barcelona.<strong><br \/>\n<\/strong><\/li>\n<li><strong><strong>RESERVA Y LIMITACIONES<br \/>\n<\/strong><\/strong><\/p>\n<p>El ORGANIZADOR se reservan el derecho a aplazar o ampliar el plazo del SORTEO, as\u00ed\u0301 como la facultad de interpretar las presentes bases legales.<strong><br \/>\n<\/strong>El ORGANIZADOR se reservan el derecho de cancelar, modificar o suspender el SORTEO en cualquier momento o a efectuar cambios que redunden en el buen fin del SORTEO cuando concurra causa justa o motivos de fuerza mayor que impidan llevarla a t\u00e9rmino en la forma en que recogen las presentes bases.<\/p>\n<\/li>\n<li><strong><strong>\u00a0ACEPTACI\u00d3N DE LAS BASES Y RESPONSABILIDAD<br \/>\n<\/strong><\/strong><\/p>\n<p id=\"h.30j0zll\">El mero hecho de participar en el SORTEO implica que el participante acepta totalmente las condiciones de estas bases legales. As\u00ed mismo, la participaci\u00f3n en un SORTEO de esta naturaleza supone la aceptaci\u00f3n de los T\u00e9rminos y Condiciones del sitio web donde se desarrolla\/publica\/promociona el mismo.<\/p>\n<p>El ORGANIZADOR se reserva el derecho de excluir de la participaci\u00f3n en el SORTEO a todos aquellos participantes que, estime, est\u00e1n incumpliendo cualquier condici\u00f3n de participaci\u00f3n incluida en las presentes bases. La exclusi\u00f3n de un participante conlleva la p\u00e9rdida de todos los derechos derivados de su condici\u00f3n como tal. En este sentido, el ORGANIZADOR queda eximido de cualquier responsabilidad en el supuesto de existir alg\u00fan error en los datos facilitados por los propios participantes que impidiera su identificaci\u00f3n.<\/p>\n<\/li>\n<\/ol>\n<p id=\"h.30j0zll\">\n","protected":false},"excerpt":{"rendered":"<p>Bases legales sorteo Mr. Wonderful \u00a0&#8211; Treatwell\u00a0 \u00a0ORGANIZADORES La empresa TREATWELL SPAIN, S.L.U. (en adelante \u201cel organizador\u201d) con domicilio en Barcelona-08007, Calle Balmes n\u00ba 7, planta 3\u00aa A y B, NIF B-87237293 organiza un sorteo promocional (en adelante \u201cel SORTEO\u201d) bajo su responsabilidad y de conformidad con las bases detalladas a continuaci\u00f3n. La sociedad MR.&hellip;<\/p>\n","protected":false},"author":117,"featured_media":0,"parent":0,"menu_order":0,"comment_status":"closed","ping_status":"closed","template":"","meta":{"inline_featured_image":false,"footnotes":""},"class_list":["post-5749","page","type-page","status-publish","hentry"],"yoast_head":"<!-- This site is optimized with the Yoast SEO plugin v27.4 - https:\/\/yoast.com\/product\/yoast-seo-wordpress\/ -->\n<title>Bases legales - Mr Wonderful x Treatwell - Treatwell ES<\/title>\n<meta name=\"robots\" content=\"index, follow, max-snippet:-1, max-image-preview:large, max-video-preview:-1\" \/>\n<link rel=\"canonical\" href=\"https:\/\/www.treatwell.es/inspiracion\/bases-legales-mrwonderful\/\" \/>\n<meta property=\"og:locale\" content=\"es_ES\" \/>\n<meta property=\"og:type\" content=\"article\" \/>\n<meta property=\"og:title\" content=\"Bases legales - Mr Wonderful x Treatwell - Treatwell ES\" \/>\n<meta property=\"og:description\" content=\"Bases legales sorteo Mr. Wonderful \u00a0&#8211; Treatwell\u00a0 \u00a0ORGANIZADORES La empresa TREATWELL SPAIN, S.L.U. (en adelante \u201cel organizador\u201d) con domicilio en Barcelona-08007, Calle Balmes n\u00ba 7, planta 3\u00aa A y B, NIF B-87237293 organiza un sorteo promocional (en adelante \u201cel SORTEO\u201d) bajo su responsabilidad y de conformidad con las bases detalladas a continuaci\u00f3n. La sociedad MR.&hellip;\" \/>\n<meta property=\"og:url\" content=\"https:\/\/www.treatwell.es/inspiracion\/bases-legales-mrwonderful\/\" \/>\n<meta property=\"og:site_name\" content=\"Treatwell ES\" \/>\n<meta property=\"article:modified_time\" content=\"2017-09-12T14:49:22+00:00\" \/>\n<meta name=\"twitter:card\" content=\"summary_large_image\" \/>\n<meta name=\"twitter:label1\" content=\"Tiempo de lectura\" \/>\n\t<meta name=\"twitter:data1\" content=\"6 minutos\" \/>\n<script type=\"application\/ld+json\" class=\"yoast-schema-graph\">{\"@context\":\"https:\\\/\\\/schema.org\",\"@graph\":[{\"@type\":\"WebPage\",\"@id\":\"https:\\\/\\\/www.treatwell.es/inspiracion\\\/bases-legales-mrwonderful\\\/\",\"url\":\"https:\\\/\\\/www.treatwell.es/inspiracion\\\/bases-legales-mrwonderful\\\/\",\"name\":\"Bases legales - Mr Wonderful x Treatwell - Treatwell ES\",\"isPartOf\":{\"@id\":\"https:\\\/\\\/www.treatwell.es/inspiracion\\\/#website\"},\"datePublished\":\"2017-09-12T13:07:31+00:00\",\"dateModified\":\"2017-09-12T14:49:22+00:00\",\"breadcrumb\":{\"@id\":\"https:\\\/\\\/www.treatwell.es/inspiracion\\\/bases-legales-mrwonderful\\\/#breadcrumb\"},\"inLanguage\":\"es\",\"potentialAction\":[{\"@type\":\"ReadAction\",\"target\":[\"https:\\\/\\\/www.treatwell.es/inspiracion\\\/bases-legales-mrwonderful\\\/\"]}]},{\"@type\":\"BreadcrumbList\",\"@id\":\"https:\\\/\\\/www.treatwell.es/inspiracion\\\/bases-legales-mrwonderful\\\/#breadcrumb\",\"itemListElement\":[{\"@type\":\"ListItem\",\"position\":1,\"name\":\"Home\",\"item\":\"https:\\\/\\\/www.treatwell.es/inspiracion\\\/\"},{\"@type\":\"ListItem\",\"position\":2,\"name\":\"Bases legales &#8211; Mr Wonderful x Treatwell\"}]},{\"@type\":\"WebSite\",\"@id\":\"https:\\\/\\\/www.treatwell.es/inspiracion\\\/#website\",\"url\":\"https:\\\/\\\/www.treatwell.es/inspiracion\\\/\",\"name\":\"Treatwell ES\",\"description\":\"\",\"potentialAction\":[{\"@type\":\"SearchAction\",\"target\":{\"@type\":\"EntryPoint\",\"urlTemplate\":\"https:\\\/\\\/www.treatwell.es/inspiracion\\\/?s={search_term_string}\"},\"query-input\":{\"@type\":\"PropertyValueSpecification\",\"valueRequired\":true,\"valueName\":\"search_term_string\"}}],\"inLanguage\":\"es\"}]}<\/script>\n<!-- \/ Yoast SEO plugin. -->","yoast_head_json":{"title":"Bases legales - Mr Wonderful x Treatwell - Treatwell ES","robots":{"index":"index","follow":"follow","max-snippet":"max-snippet:-1","max-image-preview":"max-image-preview:large","max-video-preview":"max-video-preview:-1"},"canonical":"https:\/\/www.treatwell.es/inspiracion\/bases-legales-mrwonderful\/","og_locale":"es_ES","og_type":"article","og_title":"Bases legales - Mr Wonderful x Treatwell - Treatwell ES","og_description":"Bases legales sorteo Mr. Wonderful \u00a0&#8211; Treatwell\u00a0 \u00a0ORGANIZADORES La empresa TREATWELL SPAIN, S.L.U. (en adelante \u201cel organizador\u201d) con domicilio en Barcelona-08007, Calle Balmes n\u00ba 7, planta 3\u00aa A y B, NIF B-87237293 organiza un sorteo promocional (en adelante \u201cel SORTEO\u201d) bajo su responsabilidad y de conformidad con las bases detalladas a continuaci\u00f3n. La sociedad MR.&hellip;","og_url":"https:\/\/www.treatwell.es/inspiracion\/bases-legales-mrwonderful\/","og_site_name":"Treatwell ES","article_modified_time":"2017-09-12T14:49:22+00:00","twitter_card":"summary_large_image","twitter_misc":{"Tiempo de lectura":"6 minutos"},"schema":{"@context":"https:\/\/schema.org","@graph":[{"@type":"WebPage","@id":"https:\/\/www.treatwell.es/inspiracion\/bases-legales-mrwonderful\/","url":"https:\/\/www.treatwell.es/inspiracion\/bases-legales-mrwonderful\/","name":"Bases legales - Mr Wonderful x Treatwell - Treatwell ES","isPartOf":{"@id":"https:\/\/www.treatwell.es/inspiracion\/#website"},"datePublished":"2017-09-12T13:07:31+00:00","dateModified":"2017-09-12T14:49:22+00:00","breadcrumb":{"@id":"https:\/\/www.treatwell.es/inspiracion\/bases-legales-mrwonderful\/#breadcrumb"},"inLanguage":"es","potentialAction":[{"@type":"ReadAction","target":["https:\/\/www.treatwell.es/inspiracion\/bases-legales-mrwonderful\/"]}]},{"@type":"BreadcrumbList","@id":"https:\/\/www.treatwell.es/inspiracion\/bases-legales-mrwonderful\/#breadcrumb","itemListElement":[{"@type":"ListItem","position":1,"name":"Home","item":"https:\/\/www.treatwell.es/inspiracion\/"},{"@type":"ListItem","position":2,"name":"Bases legales &#8211; Mr Wonderful x Treatwell"}]},{"@type":"WebSite","@id":"https:\/\/www.treatwell.es/inspiracion\/#website","url":"https:\/\/www.treatwell.es/inspiracion\/","name":"Treatwell ES","description":"","potentialAction":[{"@type":"SearchAction","target":{"@type":"EntryPoint","urlTemplate":"https:\/\/www.treatwell.es/inspiracion\/?s={search_term_string}"},"query-input":{"@type":"PropertyValueSpecification","valueRequired":true,"valueName":"search_term_string"}}],"inLanguage":"es"}]}},"_links":{"self":[{"href":"https:\/\/www.treatwell.es\/inspiracion\/wp-json\/wp\/v2\/pages\/5749","targetHints":{"allow":["GET"]}}],"collection":[{"href":"https:\/\/www.treatwell.es\/inspiracion\/wp-json\/wp\/v2\/pages"}],"about":[{"href":"https:\/\/www.treatwell.es\/inspiracion\/wp-json\/wp\/v2\/types\/page"}],"author":[{"embeddable":true,"href":"https:\/\/www.treatwell.es\/inspiracion\/wp-json\/wp\/v2\/users\/117"}],"replies":[{"embeddable":true,"href":"https:\/\/www.treatwell.es\/inspiracion\/wp-json\/wp\/v2\/comments?post=5749"}],"version-history":[{"count":0,"href":"https:\/\/www.treatwell.es\/inspiracion\/wp-json\/wp\/v2\/pages\/5749\/revisions"}],"wp:attachment":[{"href":"https:\/\/www.treatwell.es\/inspiracion\/wp-json\/wp\/v2\/media?parent=5749"}],"curies":[{"name":"wp","href":"https:\/\/api.w.org\/{rel}","templated":true}]}}