{"id":6479,"date":"2018-01-05T15:30:45","date_gmt":"2018-01-05T15:30:45","guid":{"rendered":"https:\/\/www.treatwell.es\/inspiracion\/?page_id=6479"},"modified":"2018-06-15T13:32:55","modified_gmt":"2018-06-15T13:32:55","slug":"rebajas-beauty-treatwell","status":"publish","type":"page","link":"https:\/\/www.treatwell.es/inspiracion\/rebajas-beauty-treatwell\/","title":{"rendered":"Rebajas Beauty Treatwell"},"content":{"rendered":"<p><strong>Rebajas<br \/>\n<\/strong><\/p>\n<p><strong>beauty<\/strong><\/p>\n<p>Hasta un 60% off<\/p>\n<p>\t\t\t\t<img decoding=\"async\" src=\"https:\/\/www.treatwell.es/inspiracion\/wp-content\/uploads\/sites\/3\/2018\/01\/MOBILE_REBAJAS.jpg\" alt=\"MOBILE_REBAJAS\" \/><br \/>\n\t\t\t\t<a href=\"https:\/\/www.treatwell.es\/establecimientos\/oferta-tipo-local\/en-es\/comprar-como-reserva\/disponible-en-los-proximos-7-dias\/\" target=\"_self\"><br \/>\n\t\t\t\t<img decoding=\"async\" src=\"https:\/\/www.treatwell.es/inspiracion\/wp-content\/uploads\/sites\/3\/2018\/01\/02_Block-01.jpg\" alt=\"02_Block-01\" \/><br \/>\n\t\t\t\t<\/a><\/p>\n<p><strong>Cambia<\/strong><br \/>\n<strong>\u00a0 \u00a0de look<\/strong><\/p>\n<p>\t\t\t\t<img decoding=\"async\" src=\"https:\/\/www.treatwell.es/inspiracion\/wp-content\/uploads\/sites\/3\/2017\/12\/06.png\" alt=\"06\" \/><\/p>\n<p>Peluquer\u00eda desde 15\u20ac<\/p>\n<p>\t\t\tReserva en el \u00faltimo minuto &gt;<\/p>\n<p><a href=\"https:\/\/www.treatwell.es\/establecimientos\/servicios-grupo-pelo\/oferta-tipo-local\/descuento-dinamico\/en-provincia-de-barcelona-es\/\">Barcelona<\/a><\/p>\n<p><a href=\"https:\/\/www.treatwell.es\/establecimientos\/servicios-grupo-pelo\/oferta-tipo-local\/descuento-dinamico\/en-comunidad-de-madrid-es\/\">Madrid<\/a><\/p>\n<p>\t\t\t\t<img decoding=\"async\" src=\"https:\/\/www.treatwell.es/inspiracion\/wp-content\/uploads\/sites\/3\/2018\/01\/03_Block-02.jpg\" alt=\"03_Block-02\" \/><\/p>\n<p><strong>Presume de<br \/>\n<\/strong><strong>\u00a0 \u00a0 \u00a0 \u00a0 u\u00f1as top<\/strong><\/p>\n<p>\t\t\t\t<img decoding=\"async\" src=\"https:\/\/www.treatwell.es/inspiracion\/wp-content\/uploads\/sites\/3\/2017\/12\/06.png\" alt=\"06\" \/><\/p>\n<p>Manicuras desde 5\u20ac<\/p>\n<p>\t\t\tReserva cerca de ti &gt;<\/p>\n<p><a href=\"https:\/\/www.treatwell.es\/establecimientos\/servicios-grupo-unas\/oferta-tipo-local\/descuento-dinamico\/en-provincia-de-barcelona-es\/\">Barcelona<\/a><\/p>\n<p><a href=\"https:\/\/www.treatwell.es\/establecimientos\/servicios-grupo-unas\/oferta-tipo-local\/descuento-dinamico\/en-comunidad-de-madrid-es\/\">Madrid<\/a><\/p>\n<p>\t\t\t\t<img decoding=\"async\" src=\"https:\/\/www.treatwell.es/inspiracion\/wp-content\/uploads\/sites\/3\/2018\/01\/04_Block-03.jpg\" alt=\"04_Block-03\" \/><\/p>\n<p><strong>Dep\u00edlate\u00a0<\/strong><br \/>\n<strong>\u00a0 por menos <\/strong><\/p>\n<p>\t\t\t\t<img decoding=\"async\" src=\"https:\/\/www.treatwell.es/inspiracion\/wp-content\/uploads\/sites\/3\/2017\/12\/06.png\" alt=\"06\" \/><\/p>\n<p>Dep\u00edlate\u00a0desde 2\u20ac<\/p>\n<p>\t\t\tReserva con descuento &gt;<\/p>\n<p><a href=\"https:\/\/www.treatwell.es\/establecimientos\/servicios-grupo-depilacion\/oferta-tipo-local\/descuento-dinamico\/en-provincia-de-barcelona-es\/\">Barcelona<\/a><\/p>\n<p><a href=\"https:\/\/www.treatwell.es\/establecimientos\/servicios-grupo-depilacion\/oferta-tipo-local\/descuento-dinamico\/en-comunidad-de-madrid-es\/\">Madrid<\/a><\/p>\n<p style=\"text-align: center\"><strong> \u00a1Cu\u00edtade de arriba a bajo (y con descuento)!<\/strong><\/p>\n<p>Faciales y corporales &#8211; imprescindibles a mitad de precio. El fr\u00edo (polar) exige que protejamos a\u00fan m\u00e1s nuestra piel.\u00a0\u00bfA qu\u00e9 esperas?\n<\/p>\n<p>\t\t\t\t<a href=\"https:\/\/www.treatwell.es\/establecimientos\/oferta-tipo-local\/en-es\/comprar-como-reserva\/disponible-en-los-proximos-7-dias\/\" target=\"_self\"><br \/>\n\t\t\t\t<img decoding=\"async\" src=\"https:\/\/www.treatwell.es/inspiracion\/wp-content\/uploads\/sites\/3\/2018\/01\/05_Block-04.jpg\" alt=\"05_Block-04\" \/><br \/>\n\t\t\t\t<\/a><\/p>\n<p><strong>\u00a1Fuera <\/strong><br \/>\n<strong>\u00a0 \u00a0estr\u00e9s!<\/strong><\/p>\n<p>\t\t\t\t<img decoding=\"async\" src=\"https:\/\/www.treatwell.es/inspiracion\/wp-content\/uploads\/sites\/3\/2017\/12\/06.png\" alt=\"06\" \/><\/p>\n<p>Masajes\u00a0desde 20\u20ac<\/p>\n<p>\t\t\tReserva en el \u00faltimo minuto &gt;<\/p>\n<p><a href=\"https:\/\/www.treatwell.es\/establecimientos\/servicios-grupo-masaje\/oferta-tipo-local\/descuento-dinamico\/en-provincia-de-barcelona-es\/\">Barcelona<\/a><\/p>\n<p><a href=\"https:\/\/www.treatwell.es\/establecimientos\/servicios-grupo-pelo\/oferta-tipo-local\/descuento-dinamico\/en-comunidad-de-madrid-es\/\">Madrid<\/a><\/p>\n<p>\t\t\t\t<img decoding=\"async\" src=\"https:\/\/www.treatwell.es/inspiracion\/wp-content\/uploads\/sites\/3\/2018\/01\/06_Block-05.jpg\" alt=\"06_Block-05\" \/><\/p>\n<p><strong>Cara<\/strong><br \/>\n<strong>\u00a0 radiante<\/strong><\/p>\n<p>\t\t\t\t<img decoding=\"async\" src=\"https:\/\/www.treatwell.es/inspiracion\/wp-content\/uploads\/sites\/3\/2017\/12\/06.png\" alt=\"06\" \/><\/p>\n<p>Faciales desde 5\u20ac<\/p>\n<p>\t\t\tReserva cerca de ti &gt;<\/p>\n<p><a href=\"https:\/\/www.treatwell.es\/establecimientos\/servicios-grupo-facial\/oferta-tipo-local\/descuento-dinamico\/en-provincia-de-barcelona-es\/\">Barcelona<\/a><\/p>\n<p><a href=\"https:\/\/www.treatwell.es\/establecimientos\/servicios-grupo-pelo\/oferta-tipo-local\/descuento-dinamico\/en-comunidad-de-madrid-es\/\">Madrid<\/a><\/p>\n<p>\t\t\t\t<img decoding=\"async\" src=\"https:\/\/www.treatwell.es/inspiracion\/wp-content\/uploads\/sites\/3\/2018\/01\/07_Block-06.jpg\" alt=\"07_Block-06\" \/><\/p>\n<p><strong>Sanea \u00a0<\/strong><br \/>\n<strong>\u00a0 el body<\/strong><\/p>\n<p>\t\t\t\t<img decoding=\"async\" src=\"https:\/\/www.treatwell.es/inspiracion\/wp-content\/uploads\/sites\/3\/2017\/12\/06.png\" alt=\"06\" \/><\/p>\n<p>Corporales desde 15\u20ac<\/p>\n<p>\t\t\tReserva con descuentos &gt;<\/p>\n<p><a href=\"https:\/\/www.treatwell.es\/establecimientos\/servicios-grupo-facial\/oferta-tipo-local\/descuento-dinamico\/en-barcelona-es\/ordenar-por-descuento-desc\/\">Barcelona<\/a><\/p>\n<p><a href=\"https:\/\/www.treatwell.es\/establecimientos\/servicios-grupo-cuerpo\/oferta-tipo-local\/descuento-dinamico\/en-comunidad-de-madrid-es\/\">Madrid<\/a><\/p>\n<p style=\"text-align: center\"><strong>\u00a1S\u00edguenos en las redes sociales!<\/strong><\/p>\n<p style=\"text-align: center\"><strong>\u00a1S\u00edguenos en las redes sociales!<\/strong><\/p>\n","protected":false},"excerpt":{"rendered":"<p>Rebajas beauty Hasta un 60% off Cambia \u00a0 \u00a0de look Peluquer\u00eda desde 15\u20ac Reserva en el \u00faltimo minuto &gt; Barcelona Madrid Presume de \u00a0 \u00a0 \u00a0 \u00a0 u\u00f1as top Manicuras desde 5\u20ac Reserva cerca de ti &gt; Barcelona Madrid Dep\u00edlate\u00a0 \u00a0 por menos Dep\u00edlate\u00a0desde 2\u20ac Reserva con descuento &gt; Barcelona Madrid \u00a1Cu\u00edtade de arriba a&hellip;<\/p>\n","protected":false},"author":117,"featured_media":0,"parent":0,"menu_order":0,"comment_status":"closed","ping_status":"closed","template":"","meta":{"inline_featured_image":false,"footnotes":""},"class_list":["post-6479","page","type-page","status-publish","hentry"],"yoast_head":"<!-- This site is optimized with the Yoast SEO plugin v27.5 - https:\/\/yoast.com\/product\/yoast-seo-wordpress\/ -->\n<title>Rebajas Beauty - Aprovecha los mejores descuentos en belleza<\/title>\n<meta name=\"description\" content=\"Date un capricho, reserva tu pr\u00f3xima sesi\u00f3n de depilaci\u00f3n l\u00e1ser o prueba ese nuevo tratamiento. Tenemos muchos motivos para que vivas tus rebajas beauty.\" \/>\n<meta name=\"robots\" content=\"index, follow, max-snippet:-1, max-image-preview:large, max-video-preview:-1\" \/>\n<link rel=\"canonical\" href=\"https:\/\/www.treatwell.es/inspiracion\/rebajas-beauty-treatwell\/\" \/>\n<meta property=\"og:locale\" content=\"es_ES\" \/>\n<meta property=\"og:type\" content=\"article\" \/>\n<meta property=\"og:title\" content=\"Rebajas Beauty - Aprovecha los mejores descuentos en belleza\" \/>\n<meta property=\"og:description\" content=\"Date un capricho, reserva tu pr\u00f3xima sesi\u00f3n de depilaci\u00f3n l\u00e1ser o prueba ese nuevo tratamiento. Tenemos muchos motivos para que vivas tus rebajas beauty.\" \/>\n<meta property=\"og:url\" content=\"https:\/\/www.treatwell.es/inspiracion\/rebajas-beauty-treatwell\/\" \/>\n<meta property=\"og:site_name\" content=\"Treatwell ES\" \/>\n<meta property=\"article:modified_time\" content=\"2018-06-15T13:32:55+00:00\" \/>\n<meta property=\"og:image\" content=\"https:\/\/www.treatwell.es/inspiracion\/wp-content\/uploads\/sites\/3\/2018\/01\/MOBILE_REBAJAS.jpg\" \/>\n<meta name=\"twitter:card\" content=\"summary_large_image\" \/>\n<meta name=\"twitter:label1\" content=\"Tiempo de lectura\" \/>\n\t<meta name=\"twitter:data1\" content=\"1 minuto\" \/>\n<script type=\"application\/ld+json\" class=\"yoast-schema-graph\">{\"@context\":\"https:\\\/\\\/schema.org\",\"@graph\":[{\"@type\":\"WebPage\",\"@id\":\"https:\\\/\\\/www.treatwell.es/inspiracion\\\/rebajas-beauty-treatwell\\\/\",\"url\":\"https:\\\/\\\/www.treatwell.es/inspiracion\\\/rebajas-beauty-treatwell\\\/\",\"name\":\"Rebajas Beauty - Aprovecha los mejores descuentos en belleza\",\"isPartOf\":{\"@id\":\"https:\\\/\\\/www.treatwell.es/inspiracion\\\/#website\"},\"primaryImageOfPage\":{\"@id\":\"https:\\\/\\\/www.treatwell.es/inspiracion\\\/rebajas-beauty-treatwell\\\/#primaryimage\"},\"image\":{\"@id\":\"https:\\\/\\\/www.treatwell.es/inspiracion\\\/rebajas-beauty-treatwell\\\/#primaryimage\"},\"thumbnailUrl\":\"https:\\\/\\\/www.treatwell.es/inspiracion\\\/wp-content\\\/uploads\\\/sites\\\/3\\\/2018\\\/01\\\/MOBILE_REBAJAS.jpg\",\"datePublished\":\"2018-01-05T15:30:45+00:00\",\"dateModified\":\"2018-06-15T13:32:55+00:00\",\"description\":\"Date un capricho, reserva tu pr\u00f3xima sesi\u00f3n de depilaci\u00f3n l\u00e1ser o prueba ese nuevo tratamiento. Tenemos muchos motivos para que vivas tus rebajas beauty.\",\"breadcrumb\":{\"@id\":\"https:\\\/\\\/www.treatwell.es/inspiracion\\\/rebajas-beauty-treatwell\\\/#breadcrumb\"},\"inLanguage\":\"es\",\"potentialAction\":[{\"@type\":\"ReadAction\",\"target\":[\"https:\\\/\\\/www.treatwell.es/inspiracion\\\/rebajas-beauty-treatwell\\\/\"]}]},{\"@type\":\"ImageObject\",\"inLanguage\":\"es\",\"@id\":\"https:\\\/\\\/www.treatwell.es/inspiracion\\\/rebajas-beauty-treatwell\\\/#primaryimage\",\"url\":\"https:\\\/\\\/www.treatwell.es/inspiracion\\\/wp-content\\\/uploads\\\/sites\\\/3\\\/2018\\\/01\\\/MOBILE_REBAJAS.jpg\",\"contentUrl\":\"https:\\\/\\\/www.treatwell.es/inspiracion\\\/wp-content\\\/uploads\\\/sites\\\/3\\\/2018\\\/01\\\/MOBILE_REBAJAS.jpg\",\"width\":640,\"height\":480},{\"@type\":\"BreadcrumbList\",\"@id\":\"https:\\\/\\\/www.treatwell.es/inspiracion\\\/rebajas-beauty-treatwell\\\/#breadcrumb\",\"itemListElement\":[{\"@type\":\"ListItem\",\"position\":1,\"name\":\"Home\",\"item\":\"https:\\\/\\\/www.treatwell.es/inspiracion\\\/\"},{\"@type\":\"ListItem\",\"position\":2,\"name\":\"Rebajas Beauty Treatwell\"}]},{\"@type\":\"WebSite\",\"@id\":\"https:\\\/\\\/www.treatwell.es/inspiracion\\\/#website\",\"url\":\"https:\\\/\\\/www.treatwell.es/inspiracion\\\/\",\"name\":\"Treatwell ES\",\"description\":\"\",\"potentialAction\":[{\"@type\":\"SearchAction\",\"target\":{\"@type\":\"EntryPoint\",\"urlTemplate\":\"https:\\\/\\\/www.treatwell.es/inspiracion\\\/?s={search_term_string}\"},\"query-input\":{\"@type\":\"PropertyValueSpecification\",\"valueRequired\":true,\"valueName\":\"search_term_string\"}}],\"inLanguage\":\"es\"}]}<\/script>\n<!-- \/ Yoast SEO plugin. -->","yoast_head_json":{"title":"Rebajas Beauty - Aprovecha los mejores descuentos en belleza","description":"Date un capricho, reserva tu pr\u00f3xima sesi\u00f3n de depilaci\u00f3n l\u00e1ser o prueba ese nuevo tratamiento. Tenemos muchos motivos para que vivas tus rebajas beauty.","robots":{"index":"index","follow":"follow","max-snippet":"max-snippet:-1","max-image-preview":"max-image-preview:large","max-video-preview":"max-video-preview:-1"},"canonical":"https:\/\/www.treatwell.es/inspiracion\/rebajas-beauty-treatwell\/","og_locale":"es_ES","og_type":"article","og_title":"Rebajas Beauty - Aprovecha los mejores descuentos en belleza","og_description":"Date un capricho, reserva tu pr\u00f3xima sesi\u00f3n de depilaci\u00f3n l\u00e1ser o prueba ese nuevo tratamiento. Tenemos muchos motivos para que vivas tus rebajas beauty.","og_url":"https:\/\/www.treatwell.es/inspiracion\/rebajas-beauty-treatwell\/","og_site_name":"Treatwell ES","article_modified_time":"2018-06-15T13:32:55+00:00","og_image":[{"url":"https:\/\/www.treatwell.es/inspiracion\/wp-content\/uploads\/sites\/3\/2018\/01\/MOBILE_REBAJAS.jpg","type":"","width":"","height":""}],"twitter_card":"summary_large_image","twitter_misc":{"Tiempo de lectura":"1 minuto"},"schema":{"@context":"https:\/\/schema.org","@graph":[{"@type":"WebPage","@id":"https:\/\/www.treatwell.es/inspiracion\/rebajas-beauty-treatwell\/","url":"https:\/\/www.treatwell.es/inspiracion\/rebajas-beauty-treatwell\/","name":"Rebajas Beauty - Aprovecha los mejores descuentos en belleza","isPartOf":{"@id":"https:\/\/www.treatwell.es/inspiracion\/#website"},"primaryImageOfPage":{"@id":"https:\/\/www.treatwell.es/inspiracion\/rebajas-beauty-treatwell\/#primaryimage"},"image":{"@id":"https:\/\/www.treatwell.es/inspiracion\/rebajas-beauty-treatwell\/#primaryimage"},"thumbnailUrl":"https:\/\/www.treatwell.es/inspiracion\/wp-content\/uploads\/sites\/3\/2018\/01\/MOBILE_REBAJAS.jpg","datePublished":"2018-01-05T15:30:45+00:00","dateModified":"2018-06-15T13:32:55+00:00","description":"Date un capricho, reserva tu pr\u00f3xima sesi\u00f3n de depilaci\u00f3n l\u00e1ser o prueba ese nuevo tratamiento. Tenemos muchos motivos para que vivas tus rebajas beauty.","breadcrumb":{"@id":"https:\/\/www.treatwell.es/inspiracion\/rebajas-beauty-treatwell\/#breadcrumb"},"inLanguage":"es","potentialAction":[{"@type":"ReadAction","target":["https:\/\/www.treatwell.es/inspiracion\/rebajas-beauty-treatwell\/"]}]},{"@type":"ImageObject","inLanguage":"es","@id":"https:\/\/www.treatwell.es/inspiracion\/rebajas-beauty-treatwell\/#primaryimage","url":"https:\/\/www.treatwell.es/inspiracion\/wp-content\/uploads\/sites\/3\/2018\/01\/MOBILE_REBAJAS.jpg","contentUrl":"https:\/\/www.treatwell.es/inspiracion\/wp-content\/uploads\/sites\/3\/2018\/01\/MOBILE_REBAJAS.jpg","width":640,"height":480},{"@type":"BreadcrumbList","@id":"https:\/\/www.treatwell.es/inspiracion\/rebajas-beauty-treatwell\/#breadcrumb","itemListElement":[{"@type":"ListItem","position":1,"name":"Home","item":"https:\/\/www.treatwell.es/inspiracion\/"},{"@type":"ListItem","position":2,"name":"Rebajas Beauty Treatwell"}]},{"@type":"WebSite","@id":"https:\/\/www.treatwell.es/inspiracion\/#website","url":"https:\/\/www.treatwell.es/inspiracion\/","name":"Treatwell ES","description":"","potentialAction":[{"@type":"SearchAction","target":{"@type":"EntryPoint","urlTemplate":"https:\/\/www.treatwell.es/inspiracion\/?s={search_term_string}"},"query-input":{"@type":"PropertyValueSpecification","valueRequired":true,"valueName":"search_term_string"}}],"inLanguage":"es"}]}},"_links":{"self":[{"href":"https:\/\/www.treatwell.es\/inspiracion\/wp-json\/wp\/v2\/pages\/6479","targetHints":{"allow":["GET"]}}],"collection":[{"href":"https:\/\/www.treatwell.es\/inspiracion\/wp-json\/wp\/v2\/pages"}],"about":[{"href":"https:\/\/www.treatwell.es\/inspiracion\/wp-json\/wp\/v2\/types\/page"}],"author":[{"embeddable":true,"href":"https:\/\/www.treatwell.es\/inspiracion\/wp-json\/wp\/v2\/users\/117"}],"replies":[{"embeddable":true,"href":"https:\/\/www.treatwell.es\/inspiracion\/wp-json\/wp\/v2\/comments?post=6479"}],"version-history":[{"count":0,"href":"https:\/\/www.treatwell.es\/inspiracion\/wp-json\/wp\/v2\/pages\/6479\/revisions"}],"wp:attachment":[{"href":"https:\/\/www.treatwell.es\/inspiracion\/wp-json\/wp\/v2\/media?parent=6479"}],"curies":[{"name":"wp","href":"https:\/\/api.w.org\/{rel}","templated":true}]}}