{"id":7259,"date":"2018-05-06T15:29:48","date_gmt":"2018-05-06T15:29:48","guid":{"rendered":"https:\/\/www.treatwell.es\/inspiracion\/?page_id=7259"},"modified":"2018-05-07T08:14:13","modified_gmt":"2018-05-07T08:14:13","slug":"bases-legales-treatwell-x-asos","status":"publish","type":"page","link":"https:\/\/www.treatwell.es/inspiracion\/bases-legales-treatwell-x-asos\/","title":{"rendered":"Bases legales &#8211; Treatwell x Asos"},"content":{"rendered":"<p><strong>\u00a0Bases legales Treatwell x\u00a0ASOS<\/strong><\/p>\n<ol>\n<li> PROMOTORES<\/li>\n<\/ol>\n<p>&nbsp;<\/p>\n<p>Treatwell Spain S.L. (\u201cTreatwell\u201d) con sede en Carrer de Balmes 7, planta 3\u00aa, 08007 Barcelona, con n\u00famero de CIF B-87237293 y ASOS.com Limited (\u201cASOS\u201d) con sede en Londres, Greater London House, Hampstead Road, NW1 7FB, con n\u00famero de NIF 788622577 organizan como promotores el presente concurso (el \u201cConcurso\u201d) sujeto a las presentes bases legales (las \u201cBases\u201d).<\/p>\n<p>&nbsp;<\/p>\n<ol start=\"2\">\n<li> PARTICIPANTES<\/li>\n<\/ol>\n<p>&nbsp;<\/p>\n<p>Podr\u00e1n participar en el Concurso cualquier persona f\u00edsica residente legal en Espa\u00f1a mayor de edad en Espa\u00f1a el d\u00eda y hora del inicio del Concurso.<\/p>\n<p>&nbsp;<\/p>\n<ol start=\"3\">\n<li> \u00c1MBITO<\/li>\n<\/ol>\n<p>&nbsp;<\/p>\n<p>El Concurso es \u00fanicamente v\u00e1lido en territorio espa\u00f1ol. No obstante, los participantes han de tener en cuenta que el premio vinculado con Treatwell y descrito m\u00e1s adelante s\u00f3lo podr\u00e1 ser disfrutado en Madrid y Barcelona.<\/p>\n<p>&nbsp;<\/p>\n<ol start=\"4\">\n<li> FECHAS DE PARTICIPACI\u00d3N<\/li>\n<\/ol>\n<p>&nbsp;<\/p>\n<p>Los participantes podr\u00e1n participar en el Concurso desde el d\u00eda 7 de mayo de 2018 hasta las 23.59h (CET) del 22 de mayo de 2018.<\/p>\n<p>&nbsp;<\/p>\n<ol start=\"5\">\n<li> MODO DE PARTICIPACI\u00d3N<\/li>\n<\/ol>\n<p>&nbsp;<\/p>\n<p>Para participar en el Concurso ser\u00e1 obligatorio inscribirse en una landing especial alojada en <a href=\"https:\/\/www.treatwell.es\/inspiracion\/treatwell-x-asos\/\">https:\/\/www.treatwell.es\/inspiracion\/treatwell-x-asos\/<\/a> aportando los siguientes datos personales: nombre, apellidos, g\u00e9nero, c\u00f3digo postal y una direcci\u00f3n de correo electr\u00f3nico personal v\u00e1lida.<br \/>\nLa participaci\u00f3n es gratuita.<\/p>\n<p>&nbsp;<\/p>\n<p>Cualquier utilizaci\u00f3n abusiva o fraudulenta de estas bases dar\u00e1 lugar a la consiguiente descalificaci\u00f3n del participante en el Concurso. Ser\u00e1n descartadas las personas que hagan uso ileg\u00edtimo, recibiendo ayuda y\/o ventaja para manipular la participaci\u00f3n. A t\u00edtulo enunciativo, pero no limitativo, se entender\u00e1 que se produce abuso o fraude, cuando un participante se registre m\u00e1s de una vez, los que hagan uso de identidad falsa o la de un tercero sin su consentimiento, quienes no re\u00fanan los requisitos y condiciones citadas en las presentes bases. Tambi\u00e9n ser\u00e1n eliminadas la participaci\u00f3n realizada fuera de plazo.<\/p>\n<p>&nbsp;<\/p>\n<ol start=\"6\">\n<li> PREMIO<\/li>\n<\/ol>\n<p>&nbsp;<\/p>\n<p>El concurso tiene cinco premios distintos del valor de 200\u20ac cada uno. Cada premio consiste en una Tarjeta Regalo Treatwell del valor de 100\u20ac (1) y de un Vale Regalo ASOS del valor de 100\u20ac (2).<\/p>\n<p>(1). La Tarjeta Regalo Treatwell consiste en un c\u00f3digo descuento de 100\u20ac para citas reservadas a trav\u00e9s de www.treatwell.es o app Treatwell con pago online y sin importe m\u00ednimo. Descuento v\u00e1lido hasta las 23:59h (CET) del 30.06.2018, siendo esta la fecha l\u00edmite para llevar a cabo una reserva con dicho descuento para un servicio futuro, no limitado a dicha fecha en cuanto a prestaci\u00f3n del tratamiento. Un \u00fanico uso por usuario. No aplicable a Tarjetas Regalo. <\/p>\n<p>(2). El Vale Regalo ASOS consiste en un c\u00f3digo descuento de 100\u20ac para compras a trav\u00e9s de www.asos.com o app ASOS con pago online y sin importe m\u00ednimo. Descuento v\u00e1lido hasta las 23:59h (CET) del 24.05.2019. C\u00f3digo de uso personal e intransferible. Descuento no aplicable a gastos de env\u00edo, Env\u00edo Premier o ASOS Marketplace. <\/p>\n<\/p>\n<p>El premio no incluye otros conceptos no especificados.<\/p>\n<p>El premio se enviar\u00e1 mediante correo electr\u00f3nico al ganador.<\/p>\n<\/p>\n<ol start=\"7\">\n<li> FORMA Y FECHA DE ELECCI\u00d3N DEL GANADOR<\/li>\n<\/ol>\n<p>&nbsp;<\/p>\n<p>Una vez finalizado el plazo para participar en el Concurso, los ganadores se elegir\u00e1n al azar, a trav\u00e9s de la plataforma de sorteo online Randorium (www.random.org). Los ganadores ser\u00e1n contactados antes del 31 de mayo de 2018.<\/p>\n<p>&nbsp;<\/p>\n<p>El ganador ser\u00e1 notificado a trav\u00e9s del email facilitado en la landing page del Concurso y recibir\u00e1 las instrucciones para obtener el Premio.<\/p>\n<p>&nbsp;<\/p>\n<p>La falta de contestaci\u00f3n al correo electr\u00f3nico donde se designe al ganador por un plazo superior a 7 d\u00edas implica su renuncia al Premio sin derecho a ning\u00fan tipo de premio o compensaci\u00f3n, y por tanto, la elecci\u00f3n de un nuevo ganador siguiendo el procedimiento descrito en las presentes Bases<\/p>\n<p>&nbsp;<\/p>\n<p>La elecci\u00f3n ser\u00e1 final e irrevocable a todos los efectos.<\/p>\n<p>&nbsp;<\/p>\n<ol start=\"8\">\n<li> RESERVAS Y LIMITACIONES<\/li>\n<\/ol>\n<p>&nbsp;<\/p>\n<p>Instagram, Twitter y Facebook no patrocinan, avalan ni publicitan el presente Concurso por lo que se establece la desvinculaci\u00f3n expresa de dichas redes sociales con el contenido del presente Concurso.<\/p>\n<p>&nbsp;<\/p>\n<p>Treatwell y ASOS se reservan el derecho a cambiar o cancelar el Concurso en cualquier momento sin previo aviso.<\/p>\n<p>&nbsp;<\/p>\n<p>No se permite la participaci\u00f3n a los empleados de las respectivas compa\u00f1\u00edas, y las agencias de publicidades o promociones, as\u00ed como cualquier otra entidad que participe en el dise\u00f1o, promoci\u00f3n, marketing, administraci\u00f3n o realizaci\u00f3n del Concurso, as\u00ed como sus sociedades civiles y mercantiles, al igual que sus familiares directos hasta el segundo grado.<\/p>\n<p>&nbsp;<\/p>\n<ol start=\"9\">\n<li> PROTECCI\u00d3N DE DATOS<\/li>\n<\/ol>\n<p>&nbsp;<\/p>\n<p>Treatwell y ASOS garantizan que la recogida de datos de car\u00e1cter personal se realizar\u00e1 cumpliendo en todo momento la normativa vigente de Protecci\u00f3n de Datos de Car\u00e1cter Personal: Ley Org\u00e1nica 15\/1999, de 13 de diciembre y Real Decreto 1720\/2007, de 21 de diciembre.<\/p>\n<p>&nbsp;<\/p>\n<p>Los datos facilitados por cada participante suponen su consentimiento para que sean incorporados a los correspondientes ficheros titularidad de Treatwell Spain SL. y de ASOS.com Limited. <\/p>\n<p>Al facilitar los datos mediante la cumplimentaci\u00f3n del formulario correspondiente se\u00f1alado en el apartado 5, el participante consiente expresamente el uso, tratamiento y comunicaci\u00f3n de los mismos para las finalidades indicadas a continuaci\u00f3n.<\/p>\n<p>&nbsp;<\/p>\n<p>Dichos datos ser\u00e1n utilizados para identificarles como usuarios de los Promotores para gestionar el otorgamiento del premio, as\u00ed como para el desarrollo de acciones promocionales de car\u00e1cter general realizadas por los Promotores tanto conjuntamente como por separado. <\/p>\n<p>&nbsp;<\/p>\n<p>El participante podr\u00e1 en cualquier momento ejercitar los derechos de oposici\u00f3n, acceso, rectificaci\u00f3n y cancelaci\u00f3n de sus datos enviando un correo electr\u00f3nico a <a href=\"mailto:servicio.cliente@treatwell.es\">servicio.cliente@treatwell.es<\/a> y a trav\u00e9s de la URL: http:\/\/www.asos.com\/es\/atencion-cliente\/asistencia-al-cliente\/ayuda<\/p>\n<p>&nbsp;<\/p>\n<ol start=\"10\">\n<li> ACEPTACI\u00d3N DE LAS BASES Y RESPONSABILIDAD<\/li>\n<\/ol>\n<p>&nbsp;<\/p>\n<p>Mediante la participaci\u00f3n en el presente Concurso, los participantes manifiestan su conformidad y aceptaci\u00f3n al contenido \u00edntegro de las presentes Bases.<\/p>\n<p>&nbsp;<\/p>\n<p>As\u00ed mismo, la participaci\u00f3n en un Concurso de esta naturaleza supone la aceptaci\u00f3n de los T\u00e9rminos y Condiciones del sitio web donde se desarrolla\/publica\/promociona el mismo.<\/p>\n<p>&nbsp;<\/p>\n<p>Treatwell y ASOS se reservan el derecho de excluir de la participaci\u00f3n en el Concurso a todos aquellos participantes que estimen est\u00e1n incumpliendo cualquier condici\u00f3n de participaci\u00f3n incluida en las presentes Bases. La exclusi\u00f3n de un participante conlleva la p\u00e9rdida de todos los derechos derivados de su condici\u00f3n como tal. En este sentido, Treatwell y ASOS quedan eximidos de cualquier responsabilidad en el supuesto de existir alg\u00fan error en los datos facilitados por los propios participantes que impidiera su identificaci\u00f3n.<\/p>\n<ol start=\"11\">\n<li> JURISDICCI\u00d3N\n<\/li>\n<\/ol>\n<p>Las presentes Bases se rigen por la legislaci\u00f3n espa\u00f1ola y para cualquier cuesti\u00f3n que pudiera surgir en relaci\u00f3n a las mismas ser\u00e1n de aplicaci\u00f3n los juzgados y tribunales de Barcelona.<\/p>\n","protected":false},"excerpt":{"rendered":"<p>\u00a0Bases legales Treatwell x\u00a0ASOS PROMOTORES &nbsp; Treatwell Spain S.L. (\u201cTreatwell\u201d) con sede en Carrer de Balmes 7, planta 3\u00aa, 08007 Barcelona, con n\u00famero de CIF B-87237293 y ASOS.com Limited (\u201cASOS\u201d) con sede en Londres, Greater London House, Hampstead Road, NW1 7FB, con n\u00famero de NIF 788622577 organizan como promotores el presente concurso (el \u201cConcurso\u201d) sujeto&hellip;<\/p>\n","protected":false},"author":117,"featured_media":0,"parent":0,"menu_order":0,"comment_status":"closed","ping_status":"closed","template":"","meta":{"inline_featured_image":false,"footnotes":""},"class_list":["post-7259","page","type-page","status-publish","hentry"],"yoast_head":"<!-- This site is optimized with the Yoast SEO plugin v27.1.1 - https:\/\/yoast.com\/product\/yoast-seo-wordpress\/ -->\n<title>T\u00e9rminos y condiciones - Bases legales - Treatwell x Asos<\/title>\n<meta name=\"robots\" content=\"index, follow, max-snippet:-1, max-image-preview:large, max-video-preview:-1\" \/>\n<link rel=\"canonical\" href=\"https:\/\/www.treatwell.es/inspiracion\/bases-legales-treatwell-x-asos\/\" \/>\n<meta property=\"og:locale\" content=\"es_ES\" \/>\n<meta property=\"og:type\" content=\"article\" \/>\n<meta property=\"og:title\" content=\"T\u00e9rminos y condiciones - Bases legales - Treatwell x Asos\" \/>\n<meta property=\"og:description\" content=\"\u00a0Bases legales Treatwell x\u00a0ASOS PROMOTORES &nbsp; Treatwell Spain S.L. (\u201cTreatwell\u201d) con sede en Carrer de Balmes 7, planta 3\u00aa, 08007 Barcelona, con n\u00famero de CIF B-87237293 y ASOS.com Limited (\u201cASOS\u201d) con sede en Londres, Greater London House, Hampstead Road, NW1 7FB, con n\u00famero de NIF 788622577 organizan como promotores el presente concurso (el \u201cConcurso\u201d) sujeto&hellip;\" \/>\n<meta property=\"og:url\" content=\"https:\/\/www.treatwell.es/inspiracion\/bases-legales-treatwell-x-asos\/\" \/>\n<meta property=\"og:site_name\" content=\"Treatwell ES\" \/>\n<meta property=\"article:modified_time\" content=\"2018-05-07T08:14:13+00:00\" \/>\n<meta name=\"twitter:card\" content=\"summary_large_image\" \/>\n<meta name=\"twitter:label1\" content=\"Tiempo de lectura\" \/>\n\t<meta name=\"twitter:data1\" content=\"6 minutos\" \/>\n<script type=\"application\/ld+json\" class=\"yoast-schema-graph\">{\"@context\":\"https:\/\/schema.org\",\"@graph\":[{\"@type\":\"WebPage\",\"@id\":\"https:\/\/www.treatwell.es/inspiracion\/bases-legales-treatwell-x-asos\/\",\"url\":\"https:\/\/www.treatwell.es/inspiracion\/bases-legales-treatwell-x-asos\/\",\"name\":\"T\u00e9rminos y condiciones - Bases legales - Treatwell x Asos\",\"isPartOf\":{\"@id\":\"https:\/\/www.treatwell.es/inspiracion\/#website\"},\"datePublished\":\"2018-05-06T15:29:48+00:00\",\"dateModified\":\"2018-05-07T08:14:13+00:00\",\"breadcrumb\":{\"@id\":\"https:\/\/www.treatwell.es/inspiracion\/bases-legales-treatwell-x-asos\/#breadcrumb\"},\"inLanguage\":\"es\",\"potentialAction\":[{\"@type\":\"ReadAction\",\"target\":[\"https:\/\/www.treatwell.es/inspiracion\/bases-legales-treatwell-x-asos\/\"]}]},{\"@type\":\"BreadcrumbList\",\"@id\":\"https:\/\/www.treatwell.es/inspiracion\/bases-legales-treatwell-x-asos\/#breadcrumb\",\"itemListElement\":[{\"@type\":\"ListItem\",\"position\":1,\"name\":\"Home\",\"item\":\"https:\/\/www.treatwell.es/inspiracion\/\"},{\"@type\":\"ListItem\",\"position\":2,\"name\":\"Bases legales &#8211; Treatwell x Asos\"}]},{\"@type\":\"WebSite\",\"@id\":\"https:\/\/www.treatwell.es/inspiracion\/#website\",\"url\":\"https:\/\/www.treatwell.es/inspiracion\/\",\"name\":\"Treatwell ES\",\"description\":\"\",\"potentialAction\":[{\"@type\":\"SearchAction\",\"target\":{\"@type\":\"EntryPoint\",\"urlTemplate\":\"https:\/\/www.treatwell.es/inspiracion\/?s={search_term_string}\"},\"query-input\":{\"@type\":\"PropertyValueSpecification\",\"valueRequired\":true,\"valueName\":\"search_term_string\"}}],\"inLanguage\":\"es\"}]}<\/script>\n<!-- \/ Yoast SEO plugin. -->","yoast_head_json":{"title":"T\u00e9rminos y condiciones - Bases legales - Treatwell x Asos","robots":{"index":"index","follow":"follow","max-snippet":"max-snippet:-1","max-image-preview":"max-image-preview:large","max-video-preview":"max-video-preview:-1"},"canonical":"https:\/\/www.treatwell.es/inspiracion\/bases-legales-treatwell-x-asos\/","og_locale":"es_ES","og_type":"article","og_title":"T\u00e9rminos y condiciones - Bases legales - Treatwell x Asos","og_description":"\u00a0Bases legales Treatwell x\u00a0ASOS PROMOTORES &nbsp; Treatwell Spain S.L. (\u201cTreatwell\u201d) con sede en Carrer de Balmes 7, planta 3\u00aa, 08007 Barcelona, con n\u00famero de CIF B-87237293 y ASOS.com Limited (\u201cASOS\u201d) con sede en Londres, Greater London House, Hampstead Road, NW1 7FB, con n\u00famero de NIF 788622577 organizan como promotores el presente concurso (el \u201cConcurso\u201d) sujeto&hellip;","og_url":"https:\/\/www.treatwell.es/inspiracion\/bases-legales-treatwell-x-asos\/","og_site_name":"Treatwell ES","article_modified_time":"2018-05-07T08:14:13+00:00","twitter_card":"summary_large_image","twitter_misc":{"Tiempo de lectura":"6 minutos"},"schema":{"@context":"https:\/\/schema.org","@graph":[{"@type":"WebPage","@id":"https:\/\/www.treatwell.es/inspiracion\/bases-legales-treatwell-x-asos\/","url":"https:\/\/www.treatwell.es/inspiracion\/bases-legales-treatwell-x-asos\/","name":"T\u00e9rminos y condiciones - Bases legales - Treatwell x Asos","isPartOf":{"@id":"https:\/\/www.treatwell.es/inspiracion\/#website"},"datePublished":"2018-05-06T15:29:48+00:00","dateModified":"2018-05-07T08:14:13+00:00","breadcrumb":{"@id":"https:\/\/www.treatwell.es/inspiracion\/bases-legales-treatwell-x-asos\/#breadcrumb"},"inLanguage":"es","potentialAction":[{"@type":"ReadAction","target":["https:\/\/www.treatwell.es/inspiracion\/bases-legales-treatwell-x-asos\/"]}]},{"@type":"BreadcrumbList","@id":"https:\/\/www.treatwell.es/inspiracion\/bases-legales-treatwell-x-asos\/#breadcrumb","itemListElement":[{"@type":"ListItem","position":1,"name":"Home","item":"https:\/\/www.treatwell.es/inspiracion\/"},{"@type":"ListItem","position":2,"name":"Bases legales &#8211; Treatwell x Asos"}]},{"@type":"WebSite","@id":"https:\/\/www.treatwell.es/inspiracion\/#website","url":"https:\/\/www.treatwell.es/inspiracion\/","name":"Treatwell ES","description":"","potentialAction":[{"@type":"SearchAction","target":{"@type":"EntryPoint","urlTemplate":"https:\/\/www.treatwell.es/inspiracion\/?s={search_term_string}"},"query-input":{"@type":"PropertyValueSpecification","valueRequired":true,"valueName":"search_term_string"}}],"inLanguage":"es"}]}},"_links":{"self":[{"href":"https:\/\/www.treatwell.es\/inspiracion\/wp-json\/wp\/v2\/pages\/7259","targetHints":{"allow":["GET"]}}],"collection":[{"href":"https:\/\/www.treatwell.es\/inspiracion\/wp-json\/wp\/v2\/pages"}],"about":[{"href":"https:\/\/www.treatwell.es\/inspiracion\/wp-json\/wp\/v2\/types\/page"}],"author":[{"embeddable":true,"href":"https:\/\/www.treatwell.es\/inspiracion\/wp-json\/wp\/v2\/users\/117"}],"replies":[{"embeddable":true,"href":"https:\/\/www.treatwell.es\/inspiracion\/wp-json\/wp\/v2\/comments?post=7259"}],"version-history":[{"count":0,"href":"https:\/\/www.treatwell.es\/inspiracion\/wp-json\/wp\/v2\/pages\/7259\/revisions"}],"wp:attachment":[{"href":"https:\/\/www.treatwell.es\/inspiracion\/wp-json\/wp\/v2\/media?parent=7259"}],"curies":[{"name":"wp","href":"https:\/\/api.w.org\/{rel}","templated":true}]}}