{"id":7504,"date":"2018-05-09T11:00:49","date_gmt":"2018-05-09T11:00:49","guid":{"rendered":"https:\/\/www.treatwell.es\/inspiracion\/?page_id=7504"},"modified":"2018-05-18T08:09:34","modified_gmt":"2018-05-18T08:09:34","slug":"depilate-o-no","status":"publish","type":"page","link":"https:\/\/www.treatwell.es/inspiracion\/depilate-o-no\/","title":{"rendered":"Reserva last-minute y \u00a1dep\u00edlate (o no)!"},"content":{"rendered":"<p>\t\t\t\t<img decoding=\"async\" src=\"https:\/\/www.treatwell.es/inspiracion\/wp-content\/uploads\/sites\/3\/2018\/05\/Heromodule-1.gif\" alt=\"Heromodule\" \/><\/p>\n<p style=\"text-align: left\"><strong>Reserva last-minute y dep\u00edlate (o no).\u00a0<\/strong><\/p>\n<p style=\"text-align: left\"><strong>Reserva last-minute y dep\u00edlate (o no).\u00a0<\/strong><\/p>\n<p>\t\t\t<a href=\"#booknow\" target=\"_self\" role=\"button\"><br \/>\n\t\t\t\t\t\t\tReserva ahora<br \/>\n\t\t\t\t\t<\/a><\/p>\n<p><strong>Depilaci\u00f3n<\/strong><\/p>\n<p><strong>de axilas<\/strong><\/p>\n<p>\t\t\t<a href=\"https:\/\/www.treatwell.es\/establecimientos\/tratamiento-depilacion-de-brazos-y-axilas-mujer\/oferta-tipo-local\/en-es\/ordenar-por-descuento-desc\/?mkt_params=GC~summer18_LC~hairremovalES_PM~LP-slot_CM~HairRemovalES\" target=\"_self\" role=\"button\"><br \/>\n\t\t\t\t\t\t\tHasta un 50% off<br \/>\n\t\t\t\t\t<\/a><br \/>\n\t\t\t<a href=\"https:\/\/www.treatwell.es\/establecimientos\/tratamiento-depilacion-de-brazos-y-axilas-mujer\/oferta-tipo-local\/en-es\/ordenar-por-mas-vendidos-asc\/?mkt_params=GC~summer18_LC~hairremovalES_PM~LP-slot_CM~HairRemovalES\" target=\"_self\" role=\"button\"><br \/>\n\t\t\t\t\t\t\tReserva ahora<br \/>\n\t\t\t\t\t<\/a><br \/>\n\t\t\t\t<img decoding=\"async\" src=\"https:\/\/www.treatwell.es/inspiracion\/wp-content\/uploads\/sites\/3\/2018\/05\/ARMS.png\" alt=\"ARMS\" \/><\/p>\n<p><strong>Todo sobre depilaci\u00f3n<\/strong><\/p>\n<p>\t\t\t<a href=\"https:\/\/www.treatwell.es\/in-the-glow\/depilacion-hilo-vs-cera\/\" target=\"_self\"><\/a>\t\t\t<\/p>\n<h1>Cejas top: depilaci\u00f3n con hilo vs cera<\/h1>\n<p>Si no sabes si decidirte por la cl\u00e1sica depilaci\u00f3n con cera o probar la tendencia de moda de la depilaci\u00f3n con hilo, esto te interesar\u00e1.<\/p>\n<p>\t\t\t<a href=\"https:\/\/www.treatwell.es\/in-the-glow\/depilacion-hilo-vs-cera\/\" target=\"_self\" role=\"button\"><br \/>\n\t\t\t\t\t\t\tLeer m\u00e1s<br \/>\n\t\t\t\t\t<\/a><br \/>\n\t\t\t<a href=\"https:\/\/www.treatwell.es\/in-the-glow\/que-es-la-depilacion-vegana\/\" target=\"_self\"><\/a>\t\t\t<\/p>\n<h1>\u00bfQu\u00e9 es la depilaci\u00f3n vegana?<\/h1>\n<p>Te contamos todo lo que necesitas saber para sumarte a esta nueva moda de depilaci\u00f3n con az\u00facar.<\/p>\n<p>\t\t\t<a href=\"https:\/\/www.treatwell.es\/in-the-glow\/que-es-la-depilacion-vegana\/\" target=\"_self\" role=\"button\"><br \/>\n\t\t\t\t\t\t\tLeer ahora<br \/>\n\t\t\t\t\t<\/a><br \/>\n\t\t\t<a href=\"https:\/\/www.treatwell.es\/in-the-glow\/errores-depilacion\/\" target=\"_self\"><\/a>\t\t\t<\/p>\n<h1>Los 9 errores que cometes al depilarte<\/h1>\n<p>Cr\u00e9enos, la depilaci\u00f3n puede ir sobre ruedas si evitas estas cositas.<\/p>\n<p>\t\t\t<a href=\"https:\/\/www.treatwell.es\/in-the-glow\/errores-depilacion\/\" target=\"_self\" role=\"button\"><br \/>\n\t\t\t\t\t\t\tLeer ahora<br \/>\n\t\t\t\t\t<\/a><br \/>\n\t\t\t\t<img decoding=\"async\" src=\"https:\/\/en-gb.twinspiration.wpengine.treatwell.com\/wp-content\/uploads\/sites\/9\/2018\/05\/Images-1.jpg\" alt=\"Images-1\" \/><\/p>\n<p><strong>Depilaci\u00f3n<\/strong><\/p>\n<p><strong>\u00edntima<\/strong><\/p>\n<p>\t\t\t<a href=\"https:\/\/www.treatwell.es\/establecimientos\/tratamiento-depilacion-con-cera-de-ingles-brasilenas,depilacion-con-cera-de-ingles-integrales,depilacion-de-ingles\/oferta-tipo-local\/en-es\/ordenar-por-descuento-desc\/?mkt_params=GC~summer18_LC~hairremovalES_PM~LP-slot_CM~HairRemovalES\" target=\"_self\" role=\"button\"><br \/>\n\t\t\t\t\t\t\tHasta un 50% off<br \/>\n\t\t\t\t\t<\/a><br \/>\n\t\t\t<a href=\"https:\/\/www.treatwell.es\/establecimientos\/tratamiento-depilacion-con-cera-de-ingles-brasilenas,depilacion-con-cera-de-ingles-integrales,depilacion-de-ingles\/oferta-tipo-local\/en-es\/ordenar-por-mas-vendidos-asc\/?mkt_params=GC~summer18_LC~hairremovalES_PM~LP-slot_CM~HairRemovalES\" target=\"_self\" role=\"button\"><br \/>\n\t\t\t\t\t\t\tReserva ahora<br \/>\n\t\t\t\t\t<\/a><br \/>\n\t\t\t\t<img decoding=\"async\" src=\"https:\/\/en-gb.twinspiration.wpengine.treatwell.com\/wp-content\/uploads\/sites\/9\/2018\/05\/lighter-gold.jpg\" alt=\"lighter gold\" \/><br \/>\n\t\t\t\t<img decoding=\"async\" src=\"https:\/\/www.treatwell.es/inspiracion\/wp-content\/uploads\/sites\/3\/2018\/05\/TW_ES_Hair-Removal_Landingpage_KK_v03_05.jpg\" alt=\"TW_ES_Hair-Removal_Landingpage_KK_v03_05\" \/><br \/>\n\t\t\t\t<img decoding=\"async\" src=\"https:\/\/en-gb.twinspiration.wpengine.treatwell.com\/wp-content\/uploads\/sites\/9\/2018\/05\/Wax_gif.gif\" alt=\"Wax_gif\" \/><\/p>\n<p><strong>Piernas completas<\/strong><\/p>\n<p><strong>Piernas<\/strong><\/p>\n<p><strong>completas<\/strong><\/p>\n<p>\t\t\t<a href=\"https:\/\/www.treatwell.es\/establecimientos\/tratamiento-depilacion-de-piernas-mujer\/oferta-tipo-local\/descuento-dinamico\/en-es\/ordenar-por-mas-vendidos-asc\/?mkt_params=GC~summer18_LC~HairRemovalES_PM~LP-slot_CM~HairRemovalES\" target=\"_self\" role=\"button\"><br \/>\n\t\t\t\t\t\t\tHasta un 50% off<br \/>\n\t\t\t\t\t<\/a><br \/>\n\t\t\t<a href=\"https:\/\/www.treatwell.es\/establecimientos\/tratamiento-depilacion-con-cera-de-ingles-brasilenas,depilacion-con-cera-de-ingles-integrales,depilacion-de-ingles\/oferta-tipo-local\/en-es\/ordenar-por-mas-vendidos-asc\/?mkt_params=GC~summer18_LC~hairremovalES_PM~LP-slot_CM~HairRemovalES\" target=\"_self\" role=\"button\"><br \/>\n\t\t\t\t\t\t\tReserva ahora<br \/>\n\t\t\t\t\t<\/a><br \/>\n\t\t\t\t<img decoding=\"async\" src=\"https:\/\/www.treatwell.es/inspiracion\/wp-content\/uploads\/sites\/3\/2018\/05\/TW_ES_Hair-Removal_Landingpage_KK_v03_12-06.jpg\" alt=\"TW_ES_Hair-Removal_Landingpage_KK_v03_12-06\" \/><\/p>\n<p><strong>Depilaci\u00f3n facial<\/strong><\/p>\n<p>\t\t\t<a href=\"https:\/\/www.treatwell.es\/in-the-glow\/depilacion-hilo-vs-cera\/?mkt_params=GC~summer18_LC~HairRemovalES_PM~LP-slot_CM~HairRemovalES\" target=\"_self\" role=\"button\"><br \/>\n\t\t\t\t\t\t\t\u00bfCon hilo o con cera? Tu eliges.<br \/>\n\t\t\t\t\t<\/a><br \/>\n\t\t\t<a href=\"https:\/\/www.treatwell.es\/in-the-glow\/depilacion-hilo-vs-cera\/?mkt_params=GC~summer18_LC~HairRemovalES_PM~LP-slot_CM~HairRemovalES\" target=\"_self\" role=\"button\"><br \/>\n\t\t\t\t\t\t\tReserva cerca de ti<br \/>\n\t\t\t\t\t<\/a><\/p>\n<p><strong>Depilaci\u00f3n para hombre.<\/strong><\/p>\n<p>\t\t\t<a href=\"https:\/\/www.treatwell.es\/establecimientos\/tratamiento-depilacion-con-cera-hombre\/oferta-tipo-local\/descuento-dinamico\/en-es\/ordenar-por-descuento-desc\/?mkt_params=GC~summer18_LC~HairRemovalES_PM~LP-slot_CM~HairRemovalES\" target=\"_self\" role=\"button\"><br \/>\n\t\t\t\t\t\t\tHasta un 50% off<br \/>\n\t\t\t\t\t<\/a><br \/>\n\t\t\t<a href=\"https:\/\/www.treatwell.es\/establecimientos\/tratamiento-depilacion-con-cera-hombre\/oferta-tipo-local\/descuento-dinamico\/en-es\/?mkt_params=GC~summer18_LC~HairRemovalES_PM~LP-slot_CM~HairRemovalES\" target=\"_self\" role=\"button\"><br \/>\n\t\t\t\t\t\t\tReserva ahora<br \/>\n\t\t\t\t\t<\/a><br \/>\n\t\t\t\t<img decoding=\"async\" src=\"https:\/\/en-gb.twinspiration.wpengine.treatwell.com\/wp-content\/uploads\/sites\/9\/2018\/05\/Video_bottom.gif\" alt=\"Video_bottom\" \/><br \/>\n\t\t\t\t<img decoding=\"async\" src=\"https:\/\/www.treatwell.es/inspiracion\/wp-content\/uploads\/sites\/3\/2018\/05\/TW_ES_Hair-Removal_Landingpage_KK_v03_12-07.jpg\" alt=\"TW_ES_Hair-Removal_Landingpage_KK_v03_12-07\" \/><br \/>\n\t\t\t\t<img decoding=\"async\" src=\"https:\/\/www.treatwell.es/inspiracion\/wp-content\/uploads\/sites\/3\/2018\/05\/Phone_ES.png\" alt=\"Phone_ES\" \/><\/p>\n<p><strong>\u00a1Reserva en la app!<\/strong><\/p>\n<p> Y por ser t\u00fa, 5\u20ac gratis en la app con el c\u00f3digo APPLOVER*. \u00bfQu\u00e9 mejor que reservar desde tu m\u00f3vil d\u00f3nde y cu\u00e1ndo quieras?<\/p>\n<p>*Condiciones:\u00a0 M\u00ednimo\u00a0de compra 20\u20ac. V\u00e1lido hasta el 31\/08\/2018. Solo para app.\u00a0<\/p>\n<p>\t\t\t<a href=\"https:\/\/treatwell.onelink.me\/32083905?pid=affiliate_es&amp;c=affiliate_es_orange&amp;af_dp=treatwell%3A%2F%2Fhome&amp;af_web_dp=https%3A%2F%2Fwww.treatwell.com&amp;is_retargeting=true\" target=\"_self\" role=\"button\"><br \/>\n\t\t\t\t\t\t\tReserva en la app<br \/>\n\t\t\t\t\t<\/a><\/p>\n","protected":false},"excerpt":{"rendered":"<p>Reserva last-minute y dep\u00edlate (o no).\u00a0 Reserva last-minute y dep\u00edlate (o no).\u00a0 Reserva ahora Depilaci\u00f3n de axilas Hasta un 50% off Reserva ahora Todo sobre depilaci\u00f3n Cejas top: depilaci\u00f3n con hilo vs cera Si no sabes si decidirte por la cl\u00e1sica depilaci\u00f3n con cera o probar la tendencia de moda de la depilaci\u00f3n con hilo,&hellip;<\/p>\n","protected":false},"author":117,"featured_media":0,"parent":0,"menu_order":0,"comment_status":"closed","ping_status":"closed","template":"","meta":{"inline_featured_image":false,"footnotes":""},"class_list":["post-7504","page","type-page","status-publish","hentry"],"yoast_head":"<!-- This site is optimized with the Yoast SEO plugin v27.5 - https:\/\/yoast.com\/product\/yoast-seo-wordpress\/ -->\n<title>Reserva last-minute y \u00a1dep\u00edlate (o no)!<\/title>\n<meta name=\"description\" content=\"Por fin llega el (ansiado) momento de sacar del armario esos vestidos, faldas y tirantes que tanto te gustan. \u00bfReady para lucir piel sedosa?\" \/>\n<meta name=\"robots\" content=\"index, follow, max-snippet:-1, max-image-preview:large, max-video-preview:-1\" \/>\n<link rel=\"canonical\" href=\"https:\/\/www.treatwell.es/inspiracion\/depilate-o-no\/\" \/>\n<meta property=\"og:locale\" content=\"es_ES\" \/>\n<meta property=\"og:type\" content=\"article\" \/>\n<meta property=\"og:title\" content=\"Reserva last-minute y \u00a1dep\u00edlate (o no)!\" \/>\n<meta property=\"og:description\" content=\"Por fin llega el (ansiado) momento de sacar del armario esos vestidos, faldas y tirantes que tanto te gustan. \u00bfReady para lucir piel sedosa?\" \/>\n<meta property=\"og:url\" content=\"https:\/\/www.treatwell.es/inspiracion\/depilate-o-no\/\" \/>\n<meta property=\"og:site_name\" content=\"Treatwell ES\" \/>\n<meta property=\"article:modified_time\" content=\"2018-05-18T08:09:34+00:00\" \/>\n<meta property=\"og:image\" content=\"https:\/\/www.treatwell.es/inspiracion\/wp-content\/uploads\/sites\/3\/2018\/05\/Heromodule-1.gif\" \/>\n<meta name=\"twitter:card\" content=\"summary_large_image\" \/>\n<meta name=\"twitter:label1\" content=\"Tiempo de lectura\" \/>\n\t<meta name=\"twitter:data1\" content=\"1 minuto\" \/>\n<script type=\"application\/ld+json\" class=\"yoast-schema-graph\">{\"@context\":\"https:\\\/\\\/schema.org\",\"@graph\":[{\"@type\":\"WebPage\",\"@id\":\"https:\\\/\\\/www.treatwell.es/inspiracion\\\/depilate-o-no\\\/\",\"url\":\"https:\\\/\\\/www.treatwell.es/inspiracion\\\/depilate-o-no\\\/\",\"name\":\"Reserva last-minute y \u00a1dep\u00edlate (o no)!\",\"isPartOf\":{\"@id\":\"https:\\\/\\\/www.treatwell.es/inspiracion\\\/#website\"},\"primaryImageOfPage\":{\"@id\":\"https:\\\/\\\/www.treatwell.es/inspiracion\\\/depilate-o-no\\\/#primaryimage\"},\"image\":{\"@id\":\"https:\\\/\\\/www.treatwell.es/inspiracion\\\/depilate-o-no\\\/#primaryimage\"},\"thumbnailUrl\":\"https:\\\/\\\/www.treatwell.es/inspiracion\\\/wp-content\\\/uploads\\\/sites\\\/3\\\/2018\\\/05\\\/Heromodule-1.gif\",\"datePublished\":\"2018-05-09T11:00:49+00:00\",\"dateModified\":\"2018-05-18T08:09:34+00:00\",\"description\":\"Por fin llega el (ansiado) momento de sacar del armario esos vestidos, faldas y tirantes que tanto te gustan. \u00bfReady para lucir piel sedosa?\",\"breadcrumb\":{\"@id\":\"https:\\\/\\\/www.treatwell.es/inspiracion\\\/depilate-o-no\\\/#breadcrumb\"},\"inLanguage\":\"es\",\"potentialAction\":[{\"@type\":\"ReadAction\",\"target\":[\"https:\\\/\\\/www.treatwell.es/inspiracion\\\/depilate-o-no\\\/\"]}]},{\"@type\":\"ImageObject\",\"inLanguage\":\"es\",\"@id\":\"https:\\\/\\\/www.treatwell.es/inspiracion\\\/depilate-o-no\\\/#primaryimage\",\"url\":\"https:\\\/\\\/www.treatwell.es/inspiracion\\\/wp-content\\\/uploads\\\/sites\\\/3\\\/2018\\\/05\\\/Heromodule-1.gif\",\"contentUrl\":\"https:\\\/\\\/www.treatwell.es/inspiracion\\\/wp-content\\\/uploads\\\/sites\\\/3\\\/2018\\\/05\\\/Heromodule-1.gif\",\"width\":660,\"height\":300},{\"@type\":\"BreadcrumbList\",\"@id\":\"https:\\\/\\\/www.treatwell.es/inspiracion\\\/depilate-o-no\\\/#breadcrumb\",\"itemListElement\":[{\"@type\":\"ListItem\",\"position\":1,\"name\":\"Home\",\"item\":\"https:\\\/\\\/www.treatwell.es/inspiracion\\\/\"},{\"@type\":\"ListItem\",\"position\":2,\"name\":\"Reserva last-minute y \u00a1dep\u00edlate (o no)!\"}]},{\"@type\":\"WebSite\",\"@id\":\"https:\\\/\\\/www.treatwell.es/inspiracion\\\/#website\",\"url\":\"https:\\\/\\\/www.treatwell.es/inspiracion\\\/\",\"name\":\"Treatwell ES\",\"description\":\"\",\"potentialAction\":[{\"@type\":\"SearchAction\",\"target\":{\"@type\":\"EntryPoint\",\"urlTemplate\":\"https:\\\/\\\/www.treatwell.es/inspiracion\\\/?s={search_term_string}\"},\"query-input\":{\"@type\":\"PropertyValueSpecification\",\"valueRequired\":true,\"valueName\":\"search_term_string\"}}],\"inLanguage\":\"es\"}]}<\/script>\n<!-- \/ Yoast SEO plugin. -->","yoast_head_json":{"title":"Reserva last-minute y \u00a1dep\u00edlate (o no)!","description":"Por fin llega el (ansiado) momento de sacar del armario esos vestidos, faldas y tirantes que tanto te gustan. \u00bfReady para lucir piel sedosa?","robots":{"index":"index","follow":"follow","max-snippet":"max-snippet:-1","max-image-preview":"max-image-preview:large","max-video-preview":"max-video-preview:-1"},"canonical":"https:\/\/www.treatwell.es/inspiracion\/depilate-o-no\/","og_locale":"es_ES","og_type":"article","og_title":"Reserva last-minute y \u00a1dep\u00edlate (o no)!","og_description":"Por fin llega el (ansiado) momento de sacar del armario esos vestidos, faldas y tirantes que tanto te gustan. \u00bfReady para lucir piel sedosa?","og_url":"https:\/\/www.treatwell.es/inspiracion\/depilate-o-no\/","og_site_name":"Treatwell ES","article_modified_time":"2018-05-18T08:09:34+00:00","og_image":[{"url":"https:\/\/www.treatwell.es/inspiracion\/wp-content\/uploads\/sites\/3\/2018\/05\/Heromodule-1.gif","type":"","width":"","height":""}],"twitter_card":"summary_large_image","twitter_misc":{"Tiempo de lectura":"1 minuto"},"schema":{"@context":"https:\/\/schema.org","@graph":[{"@type":"WebPage","@id":"https:\/\/www.treatwell.es/inspiracion\/depilate-o-no\/","url":"https:\/\/www.treatwell.es/inspiracion\/depilate-o-no\/","name":"Reserva last-minute y \u00a1dep\u00edlate (o no)!","isPartOf":{"@id":"https:\/\/www.treatwell.es/inspiracion\/#website"},"primaryImageOfPage":{"@id":"https:\/\/www.treatwell.es/inspiracion\/depilate-o-no\/#primaryimage"},"image":{"@id":"https:\/\/www.treatwell.es/inspiracion\/depilate-o-no\/#primaryimage"},"thumbnailUrl":"https:\/\/www.treatwell.es/inspiracion\/wp-content\/uploads\/sites\/3\/2018\/05\/Heromodule-1.gif","datePublished":"2018-05-09T11:00:49+00:00","dateModified":"2018-05-18T08:09:34+00:00","description":"Por fin llega el (ansiado) momento de sacar del armario esos vestidos, faldas y tirantes que tanto te gustan. \u00bfReady para lucir piel sedosa?","breadcrumb":{"@id":"https:\/\/www.treatwell.es/inspiracion\/depilate-o-no\/#breadcrumb"},"inLanguage":"es","potentialAction":[{"@type":"ReadAction","target":["https:\/\/www.treatwell.es/inspiracion\/depilate-o-no\/"]}]},{"@type":"ImageObject","inLanguage":"es","@id":"https:\/\/www.treatwell.es/inspiracion\/depilate-o-no\/#primaryimage","url":"https:\/\/www.treatwell.es/inspiracion\/wp-content\/uploads\/sites\/3\/2018\/05\/Heromodule-1.gif","contentUrl":"https:\/\/www.treatwell.es/inspiracion\/wp-content\/uploads\/sites\/3\/2018\/05\/Heromodule-1.gif","width":660,"height":300},{"@type":"BreadcrumbList","@id":"https:\/\/www.treatwell.es/inspiracion\/depilate-o-no\/#breadcrumb","itemListElement":[{"@type":"ListItem","position":1,"name":"Home","item":"https:\/\/www.treatwell.es/inspiracion\/"},{"@type":"ListItem","position":2,"name":"Reserva last-minute y \u00a1dep\u00edlate (o no)!"}]},{"@type":"WebSite","@id":"https:\/\/www.treatwell.es/inspiracion\/#website","url":"https:\/\/www.treatwell.es/inspiracion\/","name":"Treatwell ES","description":"","potentialAction":[{"@type":"SearchAction","target":{"@type":"EntryPoint","urlTemplate":"https:\/\/www.treatwell.es/inspiracion\/?s={search_term_string}"},"query-input":{"@type":"PropertyValueSpecification","valueRequired":true,"valueName":"search_term_string"}}],"inLanguage":"es"}]}},"_links":{"self":[{"href":"https:\/\/www.treatwell.es\/inspiracion\/wp-json\/wp\/v2\/pages\/7504","targetHints":{"allow":["GET"]}}],"collection":[{"href":"https:\/\/www.treatwell.es\/inspiracion\/wp-json\/wp\/v2\/pages"}],"about":[{"href":"https:\/\/www.treatwell.es\/inspiracion\/wp-json\/wp\/v2\/types\/page"}],"author":[{"embeddable":true,"href":"https:\/\/www.treatwell.es\/inspiracion\/wp-json\/wp\/v2\/users\/117"}],"replies":[{"embeddable":true,"href":"https:\/\/www.treatwell.es\/inspiracion\/wp-json\/wp\/v2\/comments?post=7504"}],"version-history":[{"count":0,"href":"https:\/\/www.treatwell.es\/inspiracion\/wp-json\/wp\/v2\/pages\/7504\/revisions"}],"wp:attachment":[{"href":"https:\/\/www.treatwell.es\/inspiracion\/wp-json\/wp\/v2\/media?parent=7504"}],"curies":[{"name":"wp","href":"https:\/\/api.w.org\/{rel}","templated":true}]}}