{"id":8576,"date":"2015-01-03T14:28:34","date_gmt":"2015-01-03T14:28:34","guid":{"rendered":"https:\/\/www.treatwell.co.uk\/inspiration\/?page_id=8576"},"modified":"2019-01-31T15:08:05","modified_gmt":"2019-01-31T15:08:05","slug":"valentines","status":"publish","type":"page","link":"https:\/\/www.treatwell.es/inspiracion\/valentines\/","title":{"rendered":"Valentine 2019"},"content":{"rendered":"\n<p style=\"text-align: center;line-height: 100%\"><strong>Hagas lo que hagas&#8230; <\/strong><\/p>\n<p style=\"text-align: center;line-height: 300%\"><strong>Estamos aqu\u00ed para ti<\/strong><\/p>\n<p style=\"text-align: center;color: #ffffff;line-height: 130%\">Viernes de Netflix con tu gato. Plan de pizza con tu madre. Masaje en pareja<br \/>\nsin pareja. Hagas lo que hagas, estamos aqu\u00ed para ti (si quieres).<\/p>\n<p>\t\t\t<a href=\"https:\/\/www.treatwell.es\/?utm_source=landingpagehero&amp;utm_medium=page&amp;utm_campaign=valentine19&amp;utm_term=valentine19es&amp;utm_content=bannerlandingpage\/?mkt_params=GC~valentine19_LC~valentine19es_PM~LP-slot_CM~header\" target=\"_blank\" role=\"button\"><br \/>\n\t\t\t\t\t\t\tReserva belleza en tres clics<br \/>\n\t\t\t\t\t<\/a><br \/>\n\t\t\t\t<img decoding=\"async\" src=\"https:\/\/www.treatwell.es/inspiracion\/wp-content\/uploads\/sites\/3\/2019\/01\/1080x684_Landingpage_hero_mobile_ES.gif\" alt=\"1080x684_Landingpage_hero_mobile_ES\" \/><\/p>\n<p style=\"text-align: center;color: #ffffff\">Viernes de Netflix con tu gato. Plan de pizza con tu madre. Masaje en pareja sin pareja.<br \/>\nHagas lo que hagas, estamos aqu\u00ed para ti (si quieres).<\/p>\n<p>\t\t\t<a href=\"https:\/\/www.treatwell.es\/?utm_source=landingpagehero&amp;utm_medium=page&amp;utm_campaign=valentine19&amp;utm_term=valentine19es&amp;utm_content=bannerlandingpage\/?mkt_params=GC~valentine19_LC~valentine19es_PM~LP-slot_CM~header\" target=\"_blank\" role=\"button\"><br \/>\n\t\t\t\t\t\t\tReserva belleza en tres clics<br \/>\n\t\t\t\t\t<\/a><br \/>\n\t\t\t\t<img decoding=\"async\" src=\"https:\/\/www.treatwell.es/inspiracion\/wp-content\/uploads\/sites\/3\/2019\/01\/Treatment-4.jpg\" alt=\"Treatment 4\" \/><\/p>\n<p style=\"text-align: center;font-weight: bold;font-size: 25px;color: #ffffff\">Pelo<\/p>\n<p>\t\t\t<a href=\"https:\/\/www.treatwell.es\/establecimientos\/tratamiento-alisado-de-keratina-mujer,corte-de-pelo,corte-de-pelo-hombre,lavado-y-peinado,mechas-californianas,tinte-y-mechas-mujer\/oferta-tipo-local\/descuento-dinamico\/geocode-51.5189,-0.1134\/?utm_source=landingpage&amp;utm_medium=page&amp;utm_campaign=valentine19&amp;utm_term=valentine19es&amp;utm_content=hairslot\/?mkt_params=GC~valentine19_LC~valentine19es_PM~LP-slot_CM~hair\" target=\"_blank\" role=\"button\"><br \/>\n\t\t\t\t\t\t\tReserva tu tratamiento<br \/>\n\t\t\t\t\t<\/a><br \/>\n\t\t\t\t<img decoding=\"async\" src=\"https:\/\/www.treatwell.es/inspiracion\/wp-content\/uploads\/sites\/3\/2019\/01\/Treatment-3.jpg\" alt=\"Treatment 3\" \/><\/p>\n<p style=\"text-align: center;font-weight: bold;font-size: 25px;color: #ffffff\">U\u00f1as<\/p>\n<p>\t\t\t<a href=\"https:\/\/www.treatwell.es\/establecimientos\/tratamiento-decoracion-de-unas,extensiones-y-reconstruccion-de-unas,manicura,manicura-semipermanente\/oferta-tipo-local\/descuento-dinamico\/geocode-51.5188,-0.1134\/?utm_source=landingpage&amp;utm_medium=page&amp;utm_campaign=valentine19&amp;utm_term=valentine19es&amp;utm_content=nailslot\/?mkt_params=GC~valentine19_LC~valentine19es_PM~LP-slot_CM~nails\" target=\"_blank\" role=\"button\"><br \/>\n\t\t\t\t\t\t\tReserva tu tratamiento<br \/>\n\t\t\t\t\t<\/a><br \/>\n\t\t\t\t<img decoding=\"async\" src=\"https:\/\/www.treatwell.es/inspiracion\/wp-content\/uploads\/sites\/3\/2019\/01\/Treatment-1.jpg\" alt=\"Treatment 1\" \/><\/p>\n<p style=\"text-align: center;font-weight: bold;font-size: 25px;color: #ffffff\">Depilaci\u00f3n<\/p>\n<p>\t\t\t<a href=\"https:\/\/www.treatwell.es\/establecimientos\/servicios-grupo-depilacion\/oferta-tipo-local\/descuento-dinamico\/geocode-51.5188,-0.1134\/?utm_source=landingpage&amp;utm_medium=page&amp;utm_campaign=valentine19&amp;utm_term=valentine19es&amp;utm_content=waxslot\/?mkt_params=GC~valentine19_LC~valentine19es_PM~LP-slot_CM~wax\" target=\"_blank\" role=\"button\"><br \/>\n\t\t\t\t\t\t\tReserva tu tratamiento<br \/>\n\t\t\t\t\t<\/a><br \/>\n\t\t\t\t<img decoding=\"async\" src=\"https:\/\/www.treatwell.es/inspiracion\/wp-content\/uploads\/sites\/3\/2019\/01\/Treatment-2.jpg\" alt=\"Treatment 2\" \/><\/p>\n<p style=\"text-align: center;font-weight: bold;font-size: 25px;color: #ffffff\">Cejas<\/p>\n<p>\t\t\t<a href=\"https:\/\/www.treatwell.es\/establecimientos\/tratamiento-depilacion-de-cejas,depilacion-de-cejas-con-hilo,diseno-y-tinte-de-cejas,tinte-de-cejas-o-pestanas\/oferta-tipo-local\/geocode-51.5188,-0.1134\/?utm_source=landingpage&amp;utm_medium=page&amp;utm_campaign=valentine19&amp;utm_term=valentine19es&amp;utm_content=browslot\/?mkt_params=GC~valentine19_LC~valentine19es_PM~LP-slot_CM~brows\" target=\"_blank\" role=\"button\"><br \/>\n\t\t\t\t\t\t\tReserva tu tratamiento<br \/>\n\t\t\t\t\t<\/a><br \/>\n\t\t\t\t<img decoding=\"async\" src=\"https:\/\/www.treatwell.es/inspiracion\/wp-content\/uploads\/sites\/3\/2019\/01\/Title-01-ES-1.png\" alt=\"Title 01 ES\" \/><\/p>\n<p>Porque un lunes ser\u00e1 menos lunes si tienes hora en el spa. Porque tu cuerpo te pide un poco de relax. O porque te ha dado la gana. Los motivos son lo de menos. Disfruta de un momento para ti.<\/p>\n<p>\t\t\t<a href=\"https:\/\/www.treatwell.es\/establecimientos\/tratamiento-circuito-spa\/oferta-tipo-local\/ext-en-1778\/?utm_source=landingpage&amp;utm_medium=page&amp;utm_campaign=valentine19&amp;utm_term=valentine19es&amp;utm_content=spa\/?mkt_params=GC~valentine19_LC~valentine19es_PM~LP-slot_CM~spa\" target=\"_blank\" role=\"button\"><br \/>\n\t\t\t\t\t\t\tReserva en el Spa<br \/>\n\t\t\t\t\t<\/a><br \/>\n\t\t\t\t<img decoding=\"async\" src=\"https:\/\/en-gb.twinspiration.wpengine.treatwell.com\/wp-content\/uploads\/sites\/9\/2019\/01\/Image-01.jpg\" alt=\"Image 01\" \/><br \/>\n\t\t\t\t<img decoding=\"async\" src=\"https:\/\/en-gb.twinspiration.wpengine.treatwell.com\/wp-content\/uploads\/sites\/9\/2019\/01\/Image-02.png\" alt=\"Image 02\" \/><br \/>\n\t\t\t\t<img decoding=\"async\" src=\"https:\/\/www.treatwell.es/inspiracion\/wp-content\/uploads\/sites\/3\/2019\/01\/Title-02-ES.png\" alt=\"Title 02 ES\" \/><\/p>\n<p>Porque cuando a tu memoria no le ha dado la vida para m\u00e1s, tambi\u00e9n estamos aqu\u00ed para ti. Compra tu tarjeta regalo en tres clics.<\/p>\n<p>\t\t\t<a href=\"https:\/\/www.treatwell.es\/tarjeta-regalo\/?utm_source=landingpage&amp;utm_medium=page&amp;utm_campaign=valentine19&amp;utm_term=valentine19es&amp;utm_content=giftcard\/?mkt_params=GC~valentine19_LC~valentine19es_PM~LP-slot_CM~giftcard\" target=\"_blank\" role=\"button\"><br \/>\n\t\t\t\t\t\t\tRegala belleza a la carta<br \/>\n\t\t\t\t\t<\/a><\/p>\n","protected":false},"excerpt":{"rendered":"<p>Hagas lo que hagas&#8230; Estamos aqu\u00ed para ti Viernes de Netflix con tu gato. Plan de pizza con tu madre. Masaje en pareja sin pareja. Hagas lo que hagas, estamos aqu\u00ed para ti (si quieres). Reserva belleza en tres clics Viernes de Netflix con tu gato. Plan de pizza con tu madre. Masaje en pareja&hellip;<\/p>\n","protected":false},"author":117,"featured_media":0,"parent":0,"menu_order":0,"comment_status":"closed","ping_status":"closed","template":"","meta":{"inline_featured_image":false,"footnotes":""},"class_list":["post-8576","page","type-page","status-publish","hentry"],"yoast_head":"<!-- This site is optimized with the Yoast SEO plugin v27.5 - https:\/\/yoast.com\/product\/yoast-seo-wordpress\/ -->\n<title>Hagas lo que hagas por San Valent\u00edn - Estamos aqu\u00ed para ti<\/title>\n<meta name=\"description\" content=\"Viernes de Netflix con tu gato. Plan de pizza con tu madre. Masaje en parejasin pareja. Hagas lo que hagas, estamos aqu\u00ed para ti (si quieres).\" \/>\n<meta name=\"robots\" content=\"index, follow, max-snippet:-1, max-image-preview:large, max-video-preview:-1\" \/>\n<link rel=\"canonical\" href=\"https:\/\/www.treatwell.es/inspiracion\/valentines\/\" \/>\n<meta property=\"og:locale\" content=\"es_ES\" \/>\n<meta property=\"og:type\" content=\"article\" \/>\n<meta property=\"og:title\" content=\"Hagas lo que hagas por San Valent\u00edn - Estamos aqu\u00ed para ti\" \/>\n<meta property=\"og:description\" content=\"Viernes de Netflix con tu gato. Plan de pizza con tu madre. Masaje en parejasin pareja. Hagas lo que hagas, estamos aqu\u00ed para ti (si quieres).\" \/>\n<meta property=\"og:url\" content=\"https:\/\/www.treatwell.es/inspiracion\/valentines\/\" \/>\n<meta property=\"og:site_name\" content=\"Treatwell ES\" \/>\n<meta property=\"article:modified_time\" content=\"2019-01-31T15:08:05+00:00\" \/>\n<meta property=\"og:image\" content=\"https:\/\/www.treatwell.es/inspiracion\/wp-content\/uploads\/sites\/3\/2019\/01\/1080x684_Landingpage_hero_mobile_ES.gif\" \/>\n<meta name=\"twitter:card\" content=\"summary_large_image\" \/>\n<meta name=\"twitter:label1\" content=\"Tiempo de lectura\" \/>\n\t<meta name=\"twitter:data1\" content=\"1 minuto\" \/>\n<script type=\"application\/ld+json\" class=\"yoast-schema-graph\">{\"@context\":\"https:\\\/\\\/schema.org\",\"@graph\":[{\"@type\":\"WebPage\",\"@id\":\"https:\\\/\\\/www.treatwell.es/inspiracion\\\/valentines\\\/\",\"url\":\"https:\\\/\\\/www.treatwell.es/inspiracion\\\/valentines\\\/\",\"name\":\"Hagas lo que hagas por San Valent\u00edn - Estamos aqu\u00ed para ti\",\"isPartOf\":{\"@id\":\"https:\\\/\\\/www.treatwell.es/inspiracion\\\/#website\"},\"primaryImageOfPage\":{\"@id\":\"https:\\\/\\\/www.treatwell.es/inspiracion\\\/valentines\\\/#primaryimage\"},\"image\":{\"@id\":\"https:\\\/\\\/www.treatwell.es/inspiracion\\\/valentines\\\/#primaryimage\"},\"thumbnailUrl\":\"https:\\\/\\\/www.treatwell.es/inspiracion\\\/wp-content\\\/uploads\\\/sites\\\/3\\\/2019\\\/01\\\/1080x684_Landingpage_hero_mobile_ES.gif\",\"datePublished\":\"2015-01-03T14:28:34+00:00\",\"dateModified\":\"2019-01-31T15:08:05+00:00\",\"description\":\"Viernes de Netflix con tu gato. Plan de pizza con tu madre. Masaje en parejasin pareja. Hagas lo que hagas, estamos aqu\u00ed para ti (si quieres).\",\"breadcrumb\":{\"@id\":\"https:\\\/\\\/www.treatwell.es/inspiracion\\\/valentines\\\/#breadcrumb\"},\"inLanguage\":\"es\",\"potentialAction\":[{\"@type\":\"ReadAction\",\"target\":[\"https:\\\/\\\/www.treatwell.es/inspiracion\\\/valentines\\\/\"]}]},{\"@type\":\"ImageObject\",\"inLanguage\":\"es\",\"@id\":\"https:\\\/\\\/www.treatwell.es/inspiracion\\\/valentines\\\/#primaryimage\",\"url\":\"https:\\\/\\\/www.treatwell.es/inspiracion\\\/wp-content\\\/uploads\\\/sites\\\/3\\\/2019\\\/01\\\/1080x684_Landingpage_hero_mobile_ES.gif\",\"contentUrl\":\"https:\\\/\\\/www.treatwell.es/inspiracion\\\/wp-content\\\/uploads\\\/sites\\\/3\\\/2019\\\/01\\\/1080x684_Landingpage_hero_mobile_ES.gif\",\"width\":1080,\"height\":684},{\"@type\":\"BreadcrumbList\",\"@id\":\"https:\\\/\\\/www.treatwell.es/inspiracion\\\/valentines\\\/#breadcrumb\",\"itemListElement\":[{\"@type\":\"ListItem\",\"position\":1,\"name\":\"Home\",\"item\":\"https:\\\/\\\/www.treatwell.es/inspiracion\\\/\"},{\"@type\":\"ListItem\",\"position\":2,\"name\":\"Valentine 2019\"}]},{\"@type\":\"WebSite\",\"@id\":\"https:\\\/\\\/www.treatwell.es/inspiracion\\\/#website\",\"url\":\"https:\\\/\\\/www.treatwell.es/inspiracion\\\/\",\"name\":\"Treatwell ES\",\"description\":\"\",\"potentialAction\":[{\"@type\":\"SearchAction\",\"target\":{\"@type\":\"EntryPoint\",\"urlTemplate\":\"https:\\\/\\\/www.treatwell.es/inspiracion\\\/?s={search_term_string}\"},\"query-input\":{\"@type\":\"PropertyValueSpecification\",\"valueRequired\":true,\"valueName\":\"search_term_string\"}}],\"inLanguage\":\"es\"}]}<\/script>\n<!-- \/ Yoast SEO plugin. -->","yoast_head_json":{"title":"Hagas lo que hagas por San Valent\u00edn - Estamos aqu\u00ed para ti","description":"Viernes de Netflix con tu gato. Plan de pizza con tu madre. Masaje en parejasin pareja. Hagas lo que hagas, estamos aqu\u00ed para ti (si quieres).","robots":{"index":"index","follow":"follow","max-snippet":"max-snippet:-1","max-image-preview":"max-image-preview:large","max-video-preview":"max-video-preview:-1"},"canonical":"https:\/\/www.treatwell.es/inspiracion\/valentines\/","og_locale":"es_ES","og_type":"article","og_title":"Hagas lo que hagas por San Valent\u00edn - Estamos aqu\u00ed para ti","og_description":"Viernes de Netflix con tu gato. Plan de pizza con tu madre. Masaje en parejasin pareja. Hagas lo que hagas, estamos aqu\u00ed para ti (si quieres).","og_url":"https:\/\/www.treatwell.es/inspiracion\/valentines\/","og_site_name":"Treatwell ES","article_modified_time":"2019-01-31T15:08:05+00:00","og_image":[{"url":"https:\/\/www.treatwell.es/inspiracion\/wp-content\/uploads\/sites\/3\/2019\/01\/1080x684_Landingpage_hero_mobile_ES.gif","type":"","width":"","height":""}],"twitter_card":"summary_large_image","twitter_misc":{"Tiempo de lectura":"1 minuto"},"schema":{"@context":"https:\/\/schema.org","@graph":[{"@type":"WebPage","@id":"https:\/\/www.treatwell.es/inspiracion\/valentines\/","url":"https:\/\/www.treatwell.es/inspiracion\/valentines\/","name":"Hagas lo que hagas por San Valent\u00edn - Estamos aqu\u00ed para ti","isPartOf":{"@id":"https:\/\/www.treatwell.es/inspiracion\/#website"},"primaryImageOfPage":{"@id":"https:\/\/www.treatwell.es/inspiracion\/valentines\/#primaryimage"},"image":{"@id":"https:\/\/www.treatwell.es/inspiracion\/valentines\/#primaryimage"},"thumbnailUrl":"https:\/\/www.treatwell.es/inspiracion\/wp-content\/uploads\/sites\/3\/2019\/01\/1080x684_Landingpage_hero_mobile_ES.gif","datePublished":"2015-01-03T14:28:34+00:00","dateModified":"2019-01-31T15:08:05+00:00","description":"Viernes de Netflix con tu gato. Plan de pizza con tu madre. Masaje en parejasin pareja. Hagas lo que hagas, estamos aqu\u00ed para ti (si quieres).","breadcrumb":{"@id":"https:\/\/www.treatwell.es/inspiracion\/valentines\/#breadcrumb"},"inLanguage":"es","potentialAction":[{"@type":"ReadAction","target":["https:\/\/www.treatwell.es/inspiracion\/valentines\/"]}]},{"@type":"ImageObject","inLanguage":"es","@id":"https:\/\/www.treatwell.es/inspiracion\/valentines\/#primaryimage","url":"https:\/\/www.treatwell.es/inspiracion\/wp-content\/uploads\/sites\/3\/2019\/01\/1080x684_Landingpage_hero_mobile_ES.gif","contentUrl":"https:\/\/www.treatwell.es/inspiracion\/wp-content\/uploads\/sites\/3\/2019\/01\/1080x684_Landingpage_hero_mobile_ES.gif","width":1080,"height":684},{"@type":"BreadcrumbList","@id":"https:\/\/www.treatwell.es/inspiracion\/valentines\/#breadcrumb","itemListElement":[{"@type":"ListItem","position":1,"name":"Home","item":"https:\/\/www.treatwell.es/inspiracion\/"},{"@type":"ListItem","position":2,"name":"Valentine 2019"}]},{"@type":"WebSite","@id":"https:\/\/www.treatwell.es/inspiracion\/#website","url":"https:\/\/www.treatwell.es/inspiracion\/","name":"Treatwell ES","description":"","potentialAction":[{"@type":"SearchAction","target":{"@type":"EntryPoint","urlTemplate":"https:\/\/www.treatwell.es/inspiracion\/?s={search_term_string}"},"query-input":{"@type":"PropertyValueSpecification","valueRequired":true,"valueName":"search_term_string"}}],"inLanguage":"es"}]}},"_links":{"self":[{"href":"https:\/\/www.treatwell.es\/inspiracion\/wp-json\/wp\/v2\/pages\/8576","targetHints":{"allow":["GET"]}}],"collection":[{"href":"https:\/\/www.treatwell.es\/inspiracion\/wp-json\/wp\/v2\/pages"}],"about":[{"href":"https:\/\/www.treatwell.es\/inspiracion\/wp-json\/wp\/v2\/types\/page"}],"author":[{"embeddable":true,"href":"https:\/\/www.treatwell.es\/inspiracion\/wp-json\/wp\/v2\/users\/117"}],"replies":[{"embeddable":true,"href":"https:\/\/www.treatwell.es\/inspiracion\/wp-json\/wp\/v2\/comments?post=8576"}],"version-history":[{"count":0,"href":"https:\/\/www.treatwell.es\/inspiracion\/wp-json\/wp\/v2\/pages\/8576\/revisions"}],"wp:attachment":[{"href":"https:\/\/www.treatwell.es\/inspiracion\/wp-json\/wp\/v2\/media?parent=8576"}],"curies":[{"name":"wp","href":"https:\/\/api.w.org\/{rel}","templated":true}]}}