{"id":9092,"date":"2016-04-17T12:19:02","date_gmt":"2016-04-17T12:19:02","guid":{"rendered":"https:\/\/www.treatwell.co.uk\/inspiration\/?page_id=9092"},"modified":"2023-07-11T12:16:54","modified_gmt":"2023-07-11T10:16:54","slug":"descargate-la-app-treatwell","status":"publish","type":"page","link":"https:\/\/www.treatwell.es/inspiracion\/descargate-la-app-treatwell\/","title":{"rendered":"Desc\u00e1rgate la app de Treatwell"},"content":{"rendered":"\n\n\t\t\t\t<img loading=\"lazy\" decoding=\"async\" src=\"https:\/\/www.treatwell.es/inspiracion\/wp-content\/uploads\/sites\/3\/2019\/05\/reviews.png\" alt=\"reviews\" itemprop=\"image\" height=\"177\" width=\"505\" title=\"reviews\" onerror=\"this.style.display='none'\"  \/>\n\t<p><strong>Reserva de nuevo<\/strong><\/p>\n\t<p><strong>en un plis<\/strong><\/p>\n\t<p>Tres pasos \u00a1y listo! <\/p>\n\t\t\t\t<img loading=\"lazy\" decoding=\"async\" src=\"https:\/\/www.treatwell.es/inspiracion\/wp-content\/uploads\/sites\/3\/2019\/05\/1.png\" alt=\"1\" itemprop=\"image\" height=\"390\" width=\"480\" title=\"1\" onerror=\"this.style.display='none'\"  \/>\n\t<p><strong>A\u00f1ade salones<\/strong><\/p>\n\t<p><strong>a tus favoritos<\/strong><\/p>\n\t<p>\u00bfEs el sal\u00f3n de tus sue\u00f1os?<\/p>\n\t<p>No lo dejes escapar.<\/p>\n\t\t\t\t<img loading=\"lazy\" decoding=\"async\" src=\"https:\/\/www.treatwell.es/inspiracion\/wp-content\/uploads\/sites\/3\/2019\/05\/2.png\" alt=\"2\" itemprop=\"image\" height=\"390\" width=\"480\" title=\"2\" onerror=\"this.style.display='none'\"  \/>\n\t<p><strong>Busca salones<\/strong><\/p>\n\t<p><strong>en el mapa.<\/strong><\/p>\n\t<p>Tu sal\u00f3n ideal podr\u00eda estar muy <\/p>\n\t<p>cerca de ti&#8230;<\/p>\n\t\t\t\t<img loading=\"lazy\" decoding=\"async\" src=\"https:\/\/www.treatwell.es/inspiracion\/wp-content\/uploads\/sites\/3\/2019\/05\/3-Madrid.png\" alt=\"3 Madrid\" itemprop=\"image\" height=\"390\" width=\"480\" title=\"3 Madrid\" onerror=\"this.style.display='none'\"  \/>\n\t<p><strong>Recibe recordatorios<\/strong><\/p>\n\t<p><strong>de tus citas<\/strong><\/p>\n\t<p>No pierdas tiempo ni en\u00a0abrir la agenda<\/p>\n\t<p><strong>Cambia tu cita<\/strong><\/p>\n\t<p><strong>(s\u00faper) f\u00e1cilmente.<\/strong><\/p>\n\t<p>Porque los planes cambian. Cosas de la vida.<\/p>\n\n","protected":false},"excerpt":{"rendered":"<p>Reserva de nuevo en un plis Tres pasos \u00a1y listo! A\u00f1ade salones a tus favoritos \u00bfEs el sal\u00f3n de tus sue\u00f1os? No lo dejes escapar. Busca salones en el mapa. Tu sal\u00f3n ideal podr\u00eda estar muy cerca de ti&#8230; Recibe recordatorios de tus citas No pierdas tiempo ni en\u00a0abrir la agenda Cambia tu cita (s\u00faper)&hellip;<\/p>\n","protected":false},"author":117,"featured_media":0,"parent":0,"menu_order":0,"comment_status":"closed","ping_status":"closed","template":"","meta":{"inline_featured_image":false,"footnotes":""},"class_list":["post-9092","page","type-page","status-publish","hentry"],"yoast_head":"<!-- This site is optimized with the Yoast SEO plugin v27.3 - https:\/\/yoast.com\/product\/yoast-seo-wordpress\/ -->\n<title>Desc\u00e1rgate la app de Treatwell - Reserva belleza en tres clics<\/title>\n<meta name=\"description\" content=\"Porque si ya nos quieres (aunque sea un poquito), cuando pruebes nuestra app seguro que lo vas a hacer incluso m\u00e1s. \u00a1Reserva belleza en tres clics!\" \/>\n<meta name=\"robots\" content=\"index, follow, max-snippet:-1, max-image-preview:large, max-video-preview:-1\" \/>\n<link rel=\"canonical\" href=\"https:\/\/www.treatwell.es/inspiracion\/descargate-la-app-treatwell\/\" \/>\n<meta property=\"og:locale\" content=\"es_ES\" \/>\n<meta property=\"og:type\" content=\"article\" \/>\n<meta property=\"og:title\" content=\"Desc\u00e1rgate la app de Treatwell - Reserva belleza en tres clics\" \/>\n<meta property=\"og:description\" content=\"Porque si ya nos quieres (aunque sea un poquito), cuando pruebes nuestra app seguro que lo vas a hacer incluso m\u00e1s. \u00a1Reserva belleza en tres clics!\" \/>\n<meta property=\"og:url\" content=\"https:\/\/www.treatwell.es/inspiracion\/descargate-la-app-treatwell\/\" \/>\n<meta property=\"og:site_name\" content=\"Treatwell ES\" \/>\n<meta property=\"article:modified_time\" content=\"2023-07-11T10:16:54+00:00\" \/>\n<meta property=\"og:image\" content=\"https:\/\/www.treatwell.es/inspiracion\/wp-content\/uploads\/sites\/3\/2019\/05\/reviews.png\" \/>\n<meta name=\"twitter:card\" content=\"summary_large_image\" \/>\n<script type=\"application\/ld+json\" class=\"yoast-schema-graph\">{\"@context\":\"https:\\\/\\\/schema.org\",\"@graph\":[{\"@type\":\"WebPage\",\"@id\":\"https:\\\/\\\/www.treatwell.es/inspiracion\\\/descargate-la-app-treatwell\\\/\",\"url\":\"https:\\\/\\\/www.treatwell.es/inspiracion\\\/descargate-la-app-treatwell\\\/\",\"name\":\"Desc\u00e1rgate la app de Treatwell - Reserva belleza en tres clics\",\"isPartOf\":{\"@id\":\"https:\\\/\\\/www.treatwell.es/inspiracion\\\/#website\"},\"primaryImageOfPage\":{\"@id\":\"https:\\\/\\\/www.treatwell.es/inspiracion\\\/descargate-la-app-treatwell\\\/#primaryimage\"},\"image\":{\"@id\":\"https:\\\/\\\/www.treatwell.es/inspiracion\\\/descargate-la-app-treatwell\\\/#primaryimage\"},\"thumbnailUrl\":\"https:\\\/\\\/www.treatwell.es/inspiracion\\\/wp-content\\\/uploads\\\/sites\\\/3\\\/2019\\\/05\\\/reviews.png\",\"datePublished\":\"2016-04-17T12:19:02+00:00\",\"dateModified\":\"2023-07-11T10:16:54+00:00\",\"description\":\"Porque si ya nos quieres (aunque sea un poquito), cuando pruebes nuestra app seguro que lo vas a hacer incluso m\u00e1s. \u00a1Reserva belleza en tres clics!\",\"breadcrumb\":{\"@id\":\"https:\\\/\\\/www.treatwell.es/inspiracion\\\/descargate-la-app-treatwell\\\/#breadcrumb\"},\"inLanguage\":\"es\",\"potentialAction\":[{\"@type\":\"ReadAction\",\"target\":[\"https:\\\/\\\/www.treatwell.es/inspiracion\\\/descargate-la-app-treatwell\\\/\"]}]},{\"@type\":\"ImageObject\",\"inLanguage\":\"es\",\"@id\":\"https:\\\/\\\/www.treatwell.es/inspiracion\\\/descargate-la-app-treatwell\\\/#primaryimage\",\"url\":\"https:\\\/\\\/www.treatwell.es/inspiracion\\\/wp-content\\\/uploads\\\/sites\\\/3\\\/2019\\\/05\\\/reviews.png\",\"contentUrl\":\"https:\\\/\\\/www.treatwell.es/inspiracion\\\/wp-content\\\/uploads\\\/sites\\\/3\\\/2019\\\/05\\\/reviews.png\",\"width\":505,\"height\":177},{\"@type\":\"BreadcrumbList\",\"@id\":\"https:\\\/\\\/www.treatwell.es/inspiracion\\\/descargate-la-app-treatwell\\\/#breadcrumb\",\"itemListElement\":[{\"@type\":\"ListItem\",\"position\":1,\"name\":\"Home\",\"item\":\"https:\\\/\\\/www.treatwell.es/inspiracion\\\/\"},{\"@type\":\"ListItem\",\"position\":2,\"name\":\"Desc\u00e1rgate la app de Treatwell\"}]},{\"@type\":\"WebSite\",\"@id\":\"https:\\\/\\\/www.treatwell.es/inspiracion\\\/#website\",\"url\":\"https:\\\/\\\/www.treatwell.es/inspiracion\\\/\",\"name\":\"Treatwell ES\",\"description\":\"\",\"potentialAction\":[{\"@type\":\"SearchAction\",\"target\":{\"@type\":\"EntryPoint\",\"urlTemplate\":\"https:\\\/\\\/www.treatwell.es/inspiracion\\\/?s={search_term_string}\"},\"query-input\":{\"@type\":\"PropertyValueSpecification\",\"valueRequired\":true,\"valueName\":\"search_term_string\"}}],\"inLanguage\":\"es\"}]}<\/script>\n<!-- \/ Yoast SEO plugin. -->","yoast_head_json":{"title":"Desc\u00e1rgate la app de Treatwell - Reserva belleza en tres clics","description":"Porque si ya nos quieres (aunque sea un poquito), cuando pruebes nuestra app seguro que lo vas a hacer incluso m\u00e1s. \u00a1Reserva belleza en tres clics!","robots":{"index":"index","follow":"follow","max-snippet":"max-snippet:-1","max-image-preview":"max-image-preview:large","max-video-preview":"max-video-preview:-1"},"canonical":"https:\/\/www.treatwell.es/inspiracion\/descargate-la-app-treatwell\/","og_locale":"es_ES","og_type":"article","og_title":"Desc\u00e1rgate la app de Treatwell - Reserva belleza en tres clics","og_description":"Porque si ya nos quieres (aunque sea un poquito), cuando pruebes nuestra app seguro que lo vas a hacer incluso m\u00e1s. \u00a1Reserva belleza en tres clics!","og_url":"https:\/\/www.treatwell.es/inspiracion\/descargate-la-app-treatwell\/","og_site_name":"Treatwell ES","article_modified_time":"2023-07-11T10:16:54+00:00","og_image":[{"url":"https:\/\/www.treatwell.es/inspiracion\/wp-content\/uploads\/sites\/3\/2019\/05\/reviews.png","type":"","width":"","height":""}],"twitter_card":"summary_large_image","schema":{"@context":"https:\/\/schema.org","@graph":[{"@type":"WebPage","@id":"https:\/\/www.treatwell.es/inspiracion\/descargate-la-app-treatwell\/","url":"https:\/\/www.treatwell.es/inspiracion\/descargate-la-app-treatwell\/","name":"Desc\u00e1rgate la app de Treatwell - Reserva belleza en tres clics","isPartOf":{"@id":"https:\/\/www.treatwell.es/inspiracion\/#website"},"primaryImageOfPage":{"@id":"https:\/\/www.treatwell.es/inspiracion\/descargate-la-app-treatwell\/#primaryimage"},"image":{"@id":"https:\/\/www.treatwell.es/inspiracion\/descargate-la-app-treatwell\/#primaryimage"},"thumbnailUrl":"https:\/\/www.treatwell.es/inspiracion\/wp-content\/uploads\/sites\/3\/2019\/05\/reviews.png","datePublished":"2016-04-17T12:19:02+00:00","dateModified":"2023-07-11T10:16:54+00:00","description":"Porque si ya nos quieres (aunque sea un poquito), cuando pruebes nuestra app seguro que lo vas a hacer incluso m\u00e1s. \u00a1Reserva belleza en tres clics!","breadcrumb":{"@id":"https:\/\/www.treatwell.es/inspiracion\/descargate-la-app-treatwell\/#breadcrumb"},"inLanguage":"es","potentialAction":[{"@type":"ReadAction","target":["https:\/\/www.treatwell.es/inspiracion\/descargate-la-app-treatwell\/"]}]},{"@type":"ImageObject","inLanguage":"es","@id":"https:\/\/www.treatwell.es/inspiracion\/descargate-la-app-treatwell\/#primaryimage","url":"https:\/\/www.treatwell.es/inspiracion\/wp-content\/uploads\/sites\/3\/2019\/05\/reviews.png","contentUrl":"https:\/\/www.treatwell.es/inspiracion\/wp-content\/uploads\/sites\/3\/2019\/05\/reviews.png","width":505,"height":177},{"@type":"BreadcrumbList","@id":"https:\/\/www.treatwell.es/inspiracion\/descargate-la-app-treatwell\/#breadcrumb","itemListElement":[{"@type":"ListItem","position":1,"name":"Home","item":"https:\/\/www.treatwell.es/inspiracion\/"},{"@type":"ListItem","position":2,"name":"Desc\u00e1rgate la app de Treatwell"}]},{"@type":"WebSite","@id":"https:\/\/www.treatwell.es/inspiracion\/#website","url":"https:\/\/www.treatwell.es/inspiracion\/","name":"Treatwell ES","description":"","potentialAction":[{"@type":"SearchAction","target":{"@type":"EntryPoint","urlTemplate":"https:\/\/www.treatwell.es/inspiracion\/?s={search_term_string}"},"query-input":{"@type":"PropertyValueSpecification","valueRequired":true,"valueName":"search_term_string"}}],"inLanguage":"es"}]}},"_links":{"self":[{"href":"https:\/\/www.treatwell.es\/inspiracion\/wp-json\/wp\/v2\/pages\/9092","targetHints":{"allow":["GET"]}}],"collection":[{"href":"https:\/\/www.treatwell.es\/inspiracion\/wp-json\/wp\/v2\/pages"}],"about":[{"href":"https:\/\/www.treatwell.es\/inspiracion\/wp-json\/wp\/v2\/types\/page"}],"author":[{"embeddable":true,"href":"https:\/\/www.treatwell.es\/inspiracion\/wp-json\/wp\/v2\/users\/117"}],"replies":[{"embeddable":true,"href":"https:\/\/www.treatwell.es\/inspiracion\/wp-json\/wp\/v2\/comments?post=9092"}],"version-history":[{"count":0,"href":"https:\/\/www.treatwell.es\/inspiracion\/wp-json\/wp\/v2\/pages\/9092\/revisions"}],"wp:attachment":[{"href":"https:\/\/www.treatwell.es\/inspiracion\/wp-json\/wp\/v2\/media?parent=9092"}],"curies":[{"name":"wp","href":"https:\/\/api.w.org\/{rel}","templated":true}]}}