{"id":9392,"date":"2017-08-27T07:46:49","date_gmt":"2017-08-27T07:46:49","guid":{"rendered":"https:\/\/www.treatwell.es\/inspiracion\/?page_id=9392"},"modified":"2020-02-13T14:43:11","modified_gmt":"2020-02-13T14:43:11","slug":"donatupelo","status":"publish","type":"page","link":"https:\/\/www.treatwell.es/inspiracion\/donatupelo\/","title":{"rendered":"Dona tu pelo"},"content":{"rendered":"<p>\t\t\t\t<img loading=\"lazy\" decoding=\"async\" src=\"https:\/\/www.treatwell.es/inspiracion\/wp-content\/uploads\/sites\/3\/2019\/08\/ES_DonaTuPelo_Landing_Page_icon_001@2x.png\" alt=\"ES_DonaTuPelo_Landing_Page_icon_001@2x\" itemprop=\"image\" height=\"107\" width=\"105\" title=\"ES_DonaTuPelo_Landing_Page_icon_001@2x\" onerror=\"this.style.display='none'\"  \/><\/p>\n<p>En 2018, se detectaron <br \/>\nalrededor de<br \/>\n<strong>270.000\u00a0<\/strong><br \/>\ncasos de c\u00e1ncer en Espa\u00f1a<\/p>\n<p>\t\t\t\t<img loading=\"lazy\" decoding=\"async\" src=\"https:\/\/www.treatwell.es/inspiracion\/wp-content\/uploads\/sites\/3\/2019\/08\/ES_DonaTuPelo_Landing_Page_icon_002@2x@2x.png\" alt=\"ES_DonaTuPelo_Landing_Page_icon_002@2x@2x\" itemprop=\"image\" height=\"109\" width=\"86\" title=\"ES_DonaTuPelo_Landing_Page_icon_002@2x@2x\" onerror=\"this.style.display='none'\"  \/><\/p>\n<p>Uno de los efectos m\u00e1s visibles de la quimioterapia es la p\u00e9rdida de pelo<\/p>\n<p>\t\t\t\t<img loading=\"lazy\" decoding=\"async\" src=\"https:\/\/www.treatwell.es/inspiracion\/wp-content\/uploads\/sites\/3\/2019\/08\/ES_DonaTuPelo_Landing_Page_icon_003@2x@2x@2x.png\" alt=\"ES_DonaTuPelo_Landing_Page_icon_003@2x@2x@2x\" itemprop=\"image\" height=\"57\" width=\"92\" title=\"ES_DonaTuPelo_Landing_Page_icon_003@2x@2x@2x\" onerror=\"this.style.display='none'\"  \/><\/p>\n<p>Una peluca de<br \/>\ncabello natural puede<br \/>\ncostar entre<br \/>\n<b>650<\/b>\u20ac y\u00a0<strong>2.000<\/strong>\u20ac<\/p>\n<p>\t\t\t\t<img loading=\"lazy\" decoding=\"async\" src=\"https:\/\/www.treatwell.es/inspiracion\/wp-content\/uploads\/sites\/3\/2019\/08\/ES_DonaTuPelo_Landing_Page_icon_004@2x@2x@2x@2x.png\" alt=\"ES_DonaTuPelo_Landing_Page_icon_004@2x@2x@2x@2x\" itemprop=\"image\" height=\"103\" width=\"113\" title=\"ES_DonaTuPelo_Landing_Page_icon_004@2x@2x@2x@2x\" onerror=\"this.style.display='none'\"  \/><\/p>\n<p>\u00bfY si consigui\u00e9ramos entre todos aumentar las donaciones de pelo?<\/p>\n<p>\t<iframe loading=\"lazy\" width=\"560\" height=\"315\" src=\"https:\/\/www.youtube.com\/embed\/tDdQqG498xg\" frameborder=\"0\" allow=\"accelerometer; autoplay; encrypted-media; gyroscope; picture-in-picture\" allowfullscreen><\/iframe><\/p>\n<h2>\n\t\tEncuentra tu pelu solidaria en&#8230;<br \/>\n\t<\/h2>\n<p>\t\t\t\t<img loading=\"lazy\" decoding=\"async\" src=\"https:\/\/www.treatwell.es/inspiracion\/wp-content\/uploads\/sites\/3\/2019\/08\/banner_neighbourhood.gif\" alt=\"banner_neighbourhood\" itemprop=\"image\" height=\"239\" width=\"400\" title=\"banner_neighbourhood\" onerror=\"this.style.display='none'\"  \/><\/p>\n<p><strong>Madrid<\/strong><\/p>\n<p>\t\t\t<a href=\"https:\/\/www.treatwell.es\/establecimientos\/oferta-etiqueta-mechones-solidarios\/en-comunidad-de-madrid-es\/\" target=\"_blank\" role=\"button\" rel=\"noopener\" ><br \/>\n\t\t\t\t\t\t\tDona tu pelo<br \/>\n\t\t\t\t\t<\/a><\/p>\n<p><strong>Barcelona<\/strong><\/p>\n<p>\t\t\t<a href=\"https:\/\/www.treatwell.es\/establecimientos\/oferta-etiqueta-mechones-solidarios\/en-provincia-de-barcelona-es\/\" target=\"_blank\" role=\"button\" rel=\"noopener\" ><br \/>\n\t\t\t\t\t\t\tDona tu pelo<br \/>\n\t\t\t\t\t<\/a><\/p>\n<h1>\n\t\t4 reglas para<br \/>\n\t<\/h1>\n<h1>\n\t\tdonar tu pelazo<br \/>\n\t<\/h1>\n<p>\t\t\t\t<img loading=\"lazy\" decoding=\"async\" src=\"https:\/\/www.treatwell.es/inspiracion\/wp-content\/uploads\/sites\/3\/2019\/08\/ES_DonaTuPelo_Landing_Page_icon_005@2x.png\" alt=\"ES_DonaTuPelo_Landing_Page_icon_005@2x\" itemprop=\"image\" height=\"208\" width=\"230\" title=\"ES_DonaTuPelo_Landing_Page_icon_005@2x\" onerror=\"this.style.display='none'\"  \/><\/p>\n<p><strong>Largo m\u00ednimo:<\/strong><\/p>\n<p>30cm en adultos.\u00a0<br \/>\n20cm en ni\u00f1os.<br \/>\n\u00a0 \u00a0 \u00a0\u00a0(hasta 14 a\u00f1os)<\/p>\n<p>\t\t\t\t<img loading=\"lazy\" decoding=\"async\" src=\"https:\/\/www.treatwell.es/inspiracion\/wp-content\/uploads\/sites\/3\/2019\/08\/ES_DonaTuPelo_Landing_Page_icon_006@2x.png\" alt=\"ES_DonaTuPelo_Landing_Page_icon_006@2x\" itemprop=\"image\" height=\"191\" width=\"284\" title=\"ES_DonaTuPelo_Landing_Page_icon_006@2x\" onerror=\"this.style.display='none'\"  \/><\/p>\n<p><strong>Apto para todo<br \/>\n<\/strong><strong>tipo de pelo<\/strong><\/p>\n<p>Rizado, ondulado<br \/>\nliso o s\u00faper liso.\u00a0<\/p>\n<p>\t\t\t\t<img loading=\"lazy\" decoding=\"async\" src=\"https:\/\/www.treatwell.es/inspiracion\/wp-content\/uploads\/sites\/3\/2019\/08\/ES_DonaTuPelo_Landing_Page_icon_007@2x.png\" alt=\"ES_DonaTuPelo_Landing_Page_icon_007@2x\" itemprop=\"image\" height=\"178\" width=\"244\" title=\"ES_DonaTuPelo_Landing_Page_icon_007@2x\" onerror=\"this.style.display='none'\"  \/><\/p>\n<p><strong>\u00bfTratado qu\u00edmicamente?<br \/>\n<\/strong><\/p>\n<p>Tintes, mechas y permanentes: <strong>S\u00ed.<\/strong><br \/>\nTratamientos con henna: <strong>No.<\/strong><\/p>\n<p>\t\t\t\t<img loading=\"lazy\" decoding=\"async\" src=\"https:\/\/www.treatwell.es/inspiracion\/wp-content\/uploads\/sites\/3\/2019\/08\/ES_DonaTuPelo_Landing_Page_icon_008@2x.png\" alt=\"ES_DonaTuPelo_Landing_Page_icon_008@2x\" itemprop=\"image\" height=\"184\" width=\"266\" title=\"ES_DonaTuPelo_Landing_Page_icon_008@2x\" onerror=\"this.style.display='none'\"  \/><\/p>\n<p><strong>Se recomienda<br \/>\ncortarlo<br \/>\n<\/strong><\/p>\n<p>en trenza o coleta.<\/p>\n<h1>\n\t\t\u00bfQuieres ayudar a la causa pero no puedes donar pelo? \u00a1Hazlo!<br \/>\n\t<\/h1>\n<p>Cualquier ayuda ser\u00e1 siempre (s\u00faper) bienvenida.<\/p>\n<p>Si te gustar\u00eda ayudar a la causa pero no puedes donar tu pelazo, no te preocupes. Hemos habilitado un espacio en Facebook para que puedas aportar tu granito de arena. Con tu contribuci\u00f3n econ\u00f3mica ayudar\u00e1s a cubrir el coste de la producci\u00f3n de pelucas de pelo natural.<\/p>\n<p>\t\t\t\t<img loading=\"lazy\" decoding=\"async\" src=\"https:\/\/www.treatwell.es/inspiracion\/wp-content\/uploads\/sites\/3\/2019\/08\/ES_DonaTuPelo_Landing_Page_icon_009@2x.png\" alt=\"ES_DonaTuPelo_Landing_Page_icon_009@2x\" itemprop=\"image\" height=\"171\" width=\"193\" title=\"ES_DonaTuPelo_Landing_Page_icon_009@2x\" onerror=\"this.style.display='none'\"  \/><br \/>\n\t\t\t<a href=\"https:\/\/formdonaciones.fundacionmapfre.org\/donations\/donate?projectId=43&#038;lang=ES\" target=\"_blank\" role=\"button\" rel=\"noopener\" ><br \/>\n\t\t\t\t\t\t\t Quiero hacer una donaci\u00f3n<br \/>\n\t\t\t\t\t<\/a><\/p>\n<h2>\n\t\t#Donatupelo<br \/>\n\t<\/h2>\n<p>No todos los heroes llevan capa.<br \/>\n\u00a1Pero algunos s\u00ed llevan capa de corte! <\/p>\n<p>Comparte tu experiencia en una de nuestras peluquer\u00edas solidarias con el hashtag #Donatupelo. Inspira a miles de personas.<\/p>\n<p>Gracias de coraz\u00f3n,<\/p>\n<p>Treatwell x Mechones Solidarios<\/p>\n<p>\t\t\t\t<img loading=\"lazy\" decoding=\"async\" src=\"https:\/\/www.treatwell.es/inspiracion\/wp-content\/uploads\/sites\/3\/2019\/10\/Captura-de-pantalla-2019-10-16-a-las-11.19.32.png\" alt=\"Treatwell, app para reservar citas de belleza online\" itemprop=\"image\" height=\"419\" width=\"449\" title=\"Dona tu pelo - Treatwell\" onerror=\"this.style.display='none'\"  \/><br \/>\n\t\t\t\t<img loading=\"lazy\" decoding=\"async\" src=\"https:\/\/www.treatwell.es/inspiracion\/wp-content\/uploads\/sites\/3\/2019\/10\/Captura-de-pantalla-2019-10-16-a-las-11.19.25.png\" alt=\"Treatwell, app para reservar citas de belleza online\" itemprop=\"image\" height=\"433\" width=\"448\" title=\"Dona tu pelo - treatwell\" onerror=\"this.style.display='none'\"  \/><br \/>\n\t\t\t\t<img loading=\"lazy\" decoding=\"async\" src=\"https:\/\/www.treatwell.es/inspiracion\/wp-content\/uploads\/sites\/3\/2019\/10\/Captura-de-pantalla-2019-10-16-a-las-11.19.41.png\" alt=\"Treatwell, app para reservar citas de belleza online\" itemprop=\"image\" height=\"441\" width=\"455\" title=\"Dona tu pelo\" onerror=\"this.style.display='none'\"  \/><br \/>\n\t\t\t\t<img loading=\"lazy\" decoding=\"async\" src=\"https:\/\/www.treatwell.es/inspiracion\/wp-content\/uploads\/sites\/3\/2019\/10\/Captura-de-pantalla-2019-10-16-a-las-11.19.18.png\" alt=\"Treatwell, app para reservar citas de belleza online\" itemprop=\"image\" height=\"407\" width=\"449\" title=\"Dona tu pelo - Treatwell\" onerror=\"this.style.display='none'\"  \/><br \/>\n\t\t\t\t<img loading=\"lazy\" decoding=\"async\" src=\"https:\/\/www.treatwell.es/inspiracion\/wp-content\/uploads\/sites\/3\/2019\/10\/Captura-de-pantalla-2019-10-16-a-las-11.19.12.png\" alt=\"Treatwell, app para reservar citas de belleza online\" itemprop=\"image\" height=\"407\" width=\"449\" title=\"Dona tu pelo - treatwell\" onerror=\"this.style.display='none'\"  \/><br \/>\n\t\t\t\t<img loading=\"lazy\" decoding=\"async\" src=\"https:\/\/www.treatwell.es/inspiracion\/wp-content\/uploads\/sites\/3\/2019\/10\/Captura-de-pantalla-2019-10-16-a-las-11.36.06.png\" alt=\"Treatwell, la app para reservar citas de belleza online\" itemprop=\"image\" height=\"400\" width=\"404\" title=\"Dona tu pelo - Treatwell\" onerror=\"this.style.display='none'\"  \/><br \/>\n\t\t\t\t<img loading=\"lazy\" decoding=\"async\" src=\"https:\/\/www.treatwell.es/inspiracion\/wp-content\/uploads\/sites\/3\/2019\/10\/Captura-de-pantalla-2019-10-16-a-las-11.29.28.png\" alt=\"Treatwell, app para reservar citas de belleza online\" itemprop=\"image\" height=\"451\" width=\"457\" title=\"Dona tu pelo Treatwell\" onerror=\"this.style.display='none'\"  \/><br \/>\n\t\t\t\t<img loading=\"lazy\" decoding=\"async\" src=\"https:\/\/www.treatwell.es/inspiracion\/wp-content\/uploads\/sites\/3\/2019\/10\/Captura-de-pantalla-2019-10-16-a-las-11.19.56.png\" alt=\"Treatwell, app para reservar citas de belleza online\" itemprop=\"image\" height=\"427\" width=\"456\" title=\"Dona tu pelo Treatwell\" onerror=\"this.style.display='none'\"  \/><\/p>\n","protected":false},"excerpt":{"rendered":"<p>En 2018, se detectaron alrededor de 270.000\u00a0 casos de c\u00e1ncer en Espa\u00f1a Uno de los efectos m\u00e1s visibles de la quimioterapia es la p\u00e9rdida de pelo Una peluca de cabello natural puede costar entre 650\u20ac y\u00a02.000\u20ac \u00bfY si consigui\u00e9ramos entre todos aumentar las donaciones de pelo? Encuentra tu pelu solidaria en&#8230; Madrid Dona tu pelo&hellip;<\/p>\n","protected":false},"author":158,"featured_media":0,"parent":0,"menu_order":0,"comment_status":"closed","ping_status":"closed","template":"","meta":{"inline_featured_image":false,"footnotes":""},"class_list":["post-9392","page","type-page","status-publish","hentry"],"yoast_head":"<!-- This site is optimized with the Yoast SEO plugin v27.3 - https:\/\/yoast.com\/product\/yoast-seo-wordpress\/ -->\n<title>Dona tu pelo - Treatwell ES<\/title>\n<meta name=\"robots\" content=\"index, follow, max-snippet:-1, max-image-preview:large, max-video-preview:-1\" \/>\n<link rel=\"canonical\" href=\"https:\/\/www.treatwell.es/inspiracion\/donatupelo\/\" \/>\n<meta property=\"og:locale\" content=\"es_ES\" \/>\n<meta property=\"og:type\" content=\"article\" \/>\n<meta property=\"og:title\" content=\"Dona tu pelo - Treatwell ES\" \/>\n<meta property=\"og:description\" content=\"En 2018, se detectaron alrededor de 270.000\u00a0 casos de c\u00e1ncer en Espa\u00f1a Uno de los efectos m\u00e1s visibles de la quimioterapia es la p\u00e9rdida de pelo Una peluca de cabello natural puede costar entre 650\u20ac y\u00a02.000\u20ac \u00bfY si consigui\u00e9ramos entre todos aumentar las donaciones de pelo? Encuentra tu pelu solidaria en&#8230; Madrid Dona tu pelo&hellip;\" \/>\n<meta property=\"og:url\" content=\"https:\/\/www.treatwell.es/inspiracion\/donatupelo\/\" \/>\n<meta property=\"og:site_name\" content=\"Treatwell ES\" \/>\n<meta property=\"article:modified_time\" content=\"2020-02-13T14:43:11+00:00\" \/>\n<meta property=\"og:image\" content=\"https:\/\/www.treatwell.es/inspiracion\/wp-content\/uploads\/sites\/3\/2019\/08\/ES_DonaTuPelo_Landing_Page_icon_001@2x.png\" \/>\n<meta name=\"twitter:card\" content=\"summary_large_image\" \/>\n<meta name=\"twitter:label1\" content=\"Tiempo de lectura\" \/>\n\t<meta name=\"twitter:data1\" content=\"1 minuto\" \/>\n<script type=\"application\/ld+json\" class=\"yoast-schema-graph\">{\"@context\":\"https:\\\/\\\/schema.org\",\"@graph\":[{\"@type\":\"WebPage\",\"@id\":\"https:\\\/\\\/www.treatwell.es/inspiracion\\\/donatupelo\\\/\",\"url\":\"https:\\\/\\\/www.treatwell.es/inspiracion\\\/donatupelo\\\/\",\"name\":\"Dona tu pelo - Treatwell ES\",\"isPartOf\":{\"@id\":\"https:\\\/\\\/www.treatwell.es/inspiracion\\\/#website\"},\"primaryImageOfPage\":{\"@id\":\"https:\\\/\\\/www.treatwell.es/inspiracion\\\/donatupelo\\\/#primaryimage\"},\"image\":{\"@id\":\"https:\\\/\\\/www.treatwell.es/inspiracion\\\/donatupelo\\\/#primaryimage\"},\"thumbnailUrl\":\"https:\\\/\\\/www.treatwell.es/inspiracion\\\/wp-content\\\/uploads\\\/sites\\\/3\\\/2019\\\/08\\\/ES_DonaTuPelo_Landing_Page_icon_001@2x.png\",\"datePublished\":\"2017-08-27T07:46:49+00:00\",\"dateModified\":\"2020-02-13T14:43:11+00:00\",\"breadcrumb\":{\"@id\":\"https:\\\/\\\/www.treatwell.es/inspiracion\\\/donatupelo\\\/#breadcrumb\"},\"inLanguage\":\"es\",\"potentialAction\":[{\"@type\":\"ReadAction\",\"target\":[\"https:\\\/\\\/www.treatwell.es/inspiracion\\\/donatupelo\\\/\"]}]},{\"@type\":\"ImageObject\",\"inLanguage\":\"es\",\"@id\":\"https:\\\/\\\/www.treatwell.es/inspiracion\\\/donatupelo\\\/#primaryimage\",\"url\":\"https:\\\/\\\/www.treatwell.es/inspiracion\\\/wp-content\\\/uploads\\\/sites\\\/3\\\/2019\\\/08\\\/ES_DonaTuPelo_Landing_Page_icon_001@2x.png\",\"contentUrl\":\"https:\\\/\\\/www.treatwell.es/inspiracion\\\/wp-content\\\/uploads\\\/sites\\\/3\\\/2019\\\/08\\\/ES_DonaTuPelo_Landing_Page_icon_001@2x.png\",\"width\":105,\"height\":107},{\"@type\":\"BreadcrumbList\",\"@id\":\"https:\\\/\\\/www.treatwell.es/inspiracion\\\/donatupelo\\\/#breadcrumb\",\"itemListElement\":[{\"@type\":\"ListItem\",\"position\":1,\"name\":\"Home\",\"item\":\"https:\\\/\\\/www.treatwell.es/inspiracion\\\/\"},{\"@type\":\"ListItem\",\"position\":2,\"name\":\"Dona tu pelo\"}]},{\"@type\":\"WebSite\",\"@id\":\"https:\\\/\\\/www.treatwell.es/inspiracion\\\/#website\",\"url\":\"https:\\\/\\\/www.treatwell.es/inspiracion\\\/\",\"name\":\"Treatwell ES\",\"description\":\"\",\"potentialAction\":[{\"@type\":\"SearchAction\",\"target\":{\"@type\":\"EntryPoint\",\"urlTemplate\":\"https:\\\/\\\/www.treatwell.es/inspiracion\\\/?s={search_term_string}\"},\"query-input\":{\"@type\":\"PropertyValueSpecification\",\"valueRequired\":true,\"valueName\":\"search_term_string\"}}],\"inLanguage\":\"es\"}]}<\/script>\n<!-- \/ Yoast SEO plugin. -->","yoast_head_json":{"title":"Dona tu pelo - Treatwell ES","robots":{"index":"index","follow":"follow","max-snippet":"max-snippet:-1","max-image-preview":"max-image-preview:large","max-video-preview":"max-video-preview:-1"},"canonical":"https:\/\/www.treatwell.es/inspiracion\/donatupelo\/","og_locale":"es_ES","og_type":"article","og_title":"Dona tu pelo - Treatwell ES","og_description":"En 2018, se detectaron alrededor de 270.000\u00a0 casos de c\u00e1ncer en Espa\u00f1a Uno de los efectos m\u00e1s visibles de la quimioterapia es la p\u00e9rdida de pelo Una peluca de cabello natural puede costar entre 650\u20ac y\u00a02.000\u20ac \u00bfY si consigui\u00e9ramos entre todos aumentar las donaciones de pelo? Encuentra tu pelu solidaria en&#8230; Madrid Dona tu pelo&hellip;","og_url":"https:\/\/www.treatwell.es/inspiracion\/donatupelo\/","og_site_name":"Treatwell ES","article_modified_time":"2020-02-13T14:43:11+00:00","og_image":[{"url":"https:\/\/www.treatwell.es/inspiracion\/wp-content\/uploads\/sites\/3\/2019\/08\/ES_DonaTuPelo_Landing_Page_icon_001@2x.png","type":"","width":"","height":""}],"twitter_card":"summary_large_image","twitter_misc":{"Tiempo de lectura":"1 minuto"},"schema":{"@context":"https:\/\/schema.org","@graph":[{"@type":"WebPage","@id":"https:\/\/www.treatwell.es/inspiracion\/donatupelo\/","url":"https:\/\/www.treatwell.es/inspiracion\/donatupelo\/","name":"Dona tu pelo - Treatwell ES","isPartOf":{"@id":"https:\/\/www.treatwell.es/inspiracion\/#website"},"primaryImageOfPage":{"@id":"https:\/\/www.treatwell.es/inspiracion\/donatupelo\/#primaryimage"},"image":{"@id":"https:\/\/www.treatwell.es/inspiracion\/donatupelo\/#primaryimage"},"thumbnailUrl":"https:\/\/www.treatwell.es/inspiracion\/wp-content\/uploads\/sites\/3\/2019\/08\/ES_DonaTuPelo_Landing_Page_icon_001@2x.png","datePublished":"2017-08-27T07:46:49+00:00","dateModified":"2020-02-13T14:43:11+00:00","breadcrumb":{"@id":"https:\/\/www.treatwell.es/inspiracion\/donatupelo\/#breadcrumb"},"inLanguage":"es","potentialAction":[{"@type":"ReadAction","target":["https:\/\/www.treatwell.es/inspiracion\/donatupelo\/"]}]},{"@type":"ImageObject","inLanguage":"es","@id":"https:\/\/www.treatwell.es/inspiracion\/donatupelo\/#primaryimage","url":"https:\/\/www.treatwell.es/inspiracion\/wp-content\/uploads\/sites\/3\/2019\/08\/ES_DonaTuPelo_Landing_Page_icon_001@2x.png","contentUrl":"https:\/\/www.treatwell.es/inspiracion\/wp-content\/uploads\/sites\/3\/2019\/08\/ES_DonaTuPelo_Landing_Page_icon_001@2x.png","width":105,"height":107},{"@type":"BreadcrumbList","@id":"https:\/\/www.treatwell.es/inspiracion\/donatupelo\/#breadcrumb","itemListElement":[{"@type":"ListItem","position":1,"name":"Home","item":"https:\/\/www.treatwell.es/inspiracion\/"},{"@type":"ListItem","position":2,"name":"Dona tu pelo"}]},{"@type":"WebSite","@id":"https:\/\/www.treatwell.es/inspiracion\/#website","url":"https:\/\/www.treatwell.es/inspiracion\/","name":"Treatwell ES","description":"","potentialAction":[{"@type":"SearchAction","target":{"@type":"EntryPoint","urlTemplate":"https:\/\/www.treatwell.es/inspiracion\/?s={search_term_string}"},"query-input":{"@type":"PropertyValueSpecification","valueRequired":true,"valueName":"search_term_string"}}],"inLanguage":"es"}]}},"_links":{"self":[{"href":"https:\/\/www.treatwell.es\/inspiracion\/wp-json\/wp\/v2\/pages\/9392","targetHints":{"allow":["GET"]}}],"collection":[{"href":"https:\/\/www.treatwell.es\/inspiracion\/wp-json\/wp\/v2\/pages"}],"about":[{"href":"https:\/\/www.treatwell.es\/inspiracion\/wp-json\/wp\/v2\/types\/page"}],"author":[{"embeddable":true,"href":"https:\/\/www.treatwell.es\/inspiracion\/wp-json\/wp\/v2\/users\/158"}],"replies":[{"embeddable":true,"href":"https:\/\/www.treatwell.es\/inspiracion\/wp-json\/wp\/v2\/comments?post=9392"}],"version-history":[{"count":0,"href":"https:\/\/www.treatwell.es\/inspiracion\/wp-json\/wp\/v2\/pages\/9392\/revisions"}],"wp:attachment":[{"href":"https:\/\/www.treatwell.es\/inspiracion\/wp-json\/wp\/v2\/media?parent=9392"}],"curies":[{"name":"wp","href":"https:\/\/api.w.org\/{rel}","templated":true}]}}