{"id":9639,"date":"2019-10-16T16:19:58","date_gmt":"2019-10-16T16:19:58","guid":{"rendered":"https:\/\/www.treatwell.es\/inspiracion\/?page_id=9639"},"modified":"2019-10-17T08:20:51","modified_gmt":"2019-10-17T08:20:51","slug":"bases-legales-del-sorteo-en-instagram-misako","status":"publish","type":"page","link":"https:\/\/www.treatwell.es/inspiracion\/bases-legales-del-sorteo-en-instagram-misako\/","title":{"rendered":"Bases legales del sorteo en Instagram &#8211; Misako"},"content":{"rendered":"<p><strong>\u00a0T&amp;C Sorteo en el perfil de @Treatwell_es<\/strong><\/p>\n<p><b>ENTIDAD ORGANIZADORA Y OBJETO DEL SORTEO.<\/b><\/p>\n<p>Treatwell Spain, S.L., con domicilio social en c\/Balmes 7 planta 3, 08007 Barcelona con n\u00famero de CIF B87237293, (en adelante, \u201cTreatwell\u201d ambas conjuntamente denominadas como el \u201cOrganizador\u201d), pone a disposici\u00f3n de los participantes, las condiciones que regir\u00e1n el Sorteo denominado \u201cTreatwell x Misako\u201d (en adelante, el \u201cSorteo\u201d), en el cual podr\u00e1n participar a trav\u00e9s de la red social Instagram.\u00a0Las presentes bases legales (en adelante, las \u201cBases\u201d) rigen el funcionamiento del Sorteo.<\/p>\n<p>\u00c1mbito temporal y territorial del SORTEO.<\/p>\n<p>El plazo de participaci\u00f3n en el Sorteo es desde el d\u00eda 16 de octubre 2019 hasta el 22 de noviembre de 2019 a las 12:00h. No admiti\u00e9ndose nuevas participaciones a partir de ese momento.<\/p>\n<p>La selecci\u00f3n del ganador tendr\u00e1 lugar el d\u00eda 22 de noviembre de 2019, sin perjuicio de que \u00e9ste pueda retrasarse hasta un m\u00e1ximo de Diez (10) d\u00edas naturales desde la fecha de cierre del Sorteo conforme al procedimiento y criterios indicados en las presentes Bases por razones organizativas, t\u00e9cnicas y\/o de disponibilidad.<\/p>\n<p>El ORGANIZADOR se reserva el derecho a suspender, aplazar, cancelar o modificar la duraci\u00f3n del Sorteo en cualquier momento anterior a su finalizaci\u00f3n, por causas justificadas que ser\u00e1n publicadas en los canales de comunicaci\u00f3n a trav\u00e9s de los cuales se articule y d\u00e9 a conocer el Sorteo, as\u00ed como por cualesquiera perfiles de redes sociales titularidad del ORGANIZADOR que \u00e9ste pudiese utilizar al efecto.<\/p>\n<p>Podr\u00e1n participar en el mismo de forma gratuita (exceptuando los costes derivados de la conexi\u00f3n a Internet) todas las personas que cumplan los requisitos establecidos en estas Bases.<\/p>\n<p>&nbsp;<\/p>\n<ol start=\"2\">\n<li><b> REQUISITOS DE PARTICIPACI\u00d3N EN EL SORTEO.<\/b><\/li>\n<\/ol>\n<p>Para participar en el Sorteo, es indispensable cumplir los siguientes requisitos:<\/p>\n<ul>\n<li> Ser persona f\u00edsica.<\/li>\n<li> Ser poseedor de una cuenta en la red social Instagram.<\/li>\n<li> Seguir el procedimiento establecido en el post del sorteo del d\u00eda 16 de octubre 2019 en @treatwell_es.<\/li>\n<\/ul>\n<p>La participaci\u00f3n en el Sorteo es completamente gratuita, sin que exista ning\u00fan coste o cargo adicional asociado a la participaci\u00f3n del mismo.<\/p>\n<p>Con el fin de garantizar la independencia del Sorteo y la transparencia de la celebraci\u00f3n del mismo, los miembros del personal directivo, los empleados del ORGANIZADOR, as\u00ed como los colaboradores y\/o subcontratistas directos o indirectos que hayan participado en el desarrollo del Sorteo, o de cualquiera de sus elementos actuales o existentes durante la celebraci\u00f3n del mismo. No podr\u00e1n participar en el Sorteo y, en caso de hacerlo, en ning\u00fan caso resultar ganadores del mismo.<\/p>\n<p>No podr\u00e1n participar en el Sorteo las personas que no cumplan todos y cada uno de los requisitos anteriores. Si resultase ganadora alguna persona que no re\u00fana los requisitos detallados en esta cl\u00e1usula, quedar\u00e1 excluida del Sorteo y perder\u00e1 su derecho a obtener el premio ganado.<\/p>\n<p>El ORGANIZADOR se reserva el derecho a no admitir o a expulsar como participante a todo usuario que impida o dificulte en modo alguno el buen desarrollo del Sorteo y\/o que en todo caso lleve a cabo acciones que puedan ser consideradas abusivas, contrarias a la buena fe y los principios de independencia, imparcialidad y\/u objetividad del resultado del Sorteo.<\/p>\n<p>La participaci\u00f3n en el Sorteo supone la aceptaci\u00f3n de todas y cada una de las condiciones establecidas en las presentes Bases y de la correspondiente declaraci\u00f3n de ganadores una vez finalizado el mismo.<\/p>\n<p>&nbsp;<\/p>\n<ol start=\"3\">\n<li><b> DESARROLLO DEL SORTEO.<\/b><\/li>\n<\/ol>\n<p>El Sorteo ser\u00e1 publicado en el perfil de Instagram de Treatwell.\u00a0<\/p>\n<p>A trav\u00e9s del Sorteo se premiar\u00e1 a 1 concursante con el siguiente premio:<\/p>\n<ul>\n<li>50\u20ac en Treatwell<\/li>\n<li>50\u20ac en Misako<\/li>\n<\/ul>\n<p>3.1. PARTICIPACI\u00d3N EN EL SORTEO.<\/p>\n<p>Todos los usuarios que deseen participar en el Sorteo deben seguir el siguiente procedimiento:<\/p>\n<ul>\n<li> Tener un perfil social en Instagram.<\/li>\n<li>Comentar\u00a0 y dar like en el Post del Sorteo.<\/li>\n<li>Seguir a la cuenta de\u00a0https:\/\/www.instagram.com\/misakoshop<\/li>\n<li>Seguir a la cuenta de\u00a0https:\/\/www.instagram.com\/treatwell_es\/<\/li>\n<\/ul>\n<p>\u00danicamente ser\u00e1n tenidas en cuentas por parte del ORGANIZADOR aquellas participaciones de los usuarios que cumplan expresamente con todos los requisitos reflejados en las presentes Bases.<\/p>\n<p>3.2. CONDICIONES DE PARTICIPACI\u00d3N EN EL SORTEO.<\/p>\n<p>Sin perjuicio de que no se establecen limitaciones en cuanto a la participaci\u00f3n de los usuarios, en caso de que el ORGANIZADOR detecte o tenga indicios suficientes, con independencia de la v\u00eda o medios t\u00e9cnicos utilizados para ello, de que una persona ha participado en el Sorteo suplantando la identidad de otra, como si fueran diferentes usuarios, o incumpliendo cualquier otro extremo de las presentes Bases, autom\u00e1ticamente proceder\u00e1 a la eliminaci\u00f3n y descalificaci\u00f3n de dicho usuario infractor.<\/p>\n<p>&nbsp;<\/p>\n<ol start=\"4\">\n<li><b> ELECCI\u00d3N DEL GANADOR.<\/b><\/li>\n<\/ol>\n<p>Se elegir\u00e1 al ganador de forma aleatoria (en adelante, cuando se refieran a los \u201cEl ganador\u201d), de entre todos los participantes que cumplan los requisitos expresamente establecidos en las Bases y que hayan completado los procedimientos correctamente.<\/p>\n<p>Una vez seleccionado al Ganador, estos se har\u00e1n p\u00fablicos por parte del ORGANIZADOR a trav\u00e9s de la publicaci\u00f3n de un stories en el Instagram @treatwell_es. Del mismo modo, el Treatwell se pondr\u00e1 en contacto directo con el Ganador para comunic\u00e1rselo a trav\u00e9s de un mensaje privado a trav\u00e9s de la red social.<\/p>\n<p>En caso de no obtener respuesta por parte de alg\u00fan Ganador en un plazo de 48 horas desde que se le comunic\u00f3 su condici\u00f3n de tal, a trav\u00e9s de un mensaje privado de Instagram, o de rechazar el premio, se entender\u00e1 que dicho Ganador renuncia expresamente al premio, realiz\u00e1ndose una nueva elecci\u00f3n de forma aleatoria para determinar un nuevo Ganador. En el caso de que el siguiente clasificado no contestase en un nuevo plazo de 48 horas desde la comunicaci\u00f3n del premio, el ORGANIZADOR se reserva el derecho a decidir qu\u00e9 hacer con el mismo, pudiendo incluso dejarlo desierto.<\/p>\n<p>En cualquier caso, el ORGANIZADOR no ser\u00e1 responsable en caso de que alguno de los datos personales facilitados por el Ganador resulte falso o, siendo un dato necesario para su identificaci\u00f3n y\/o para la notificaci\u00f3n del premio, resultase incorrecto y, por tanto, no pudiese llevarse a cabo dicha notificaci\u00f3n o identificaci\u00f3n.<\/p>\n<p>Los participantes autorizan expresamente al ORGANIZADOR para, en caso de que cualquiera de ellos resultase Ganador del Sorteo, \u00e9ste publique su condici\u00f3n de Ganador en la p\u00e1gina oficial de Instagram de Organizador.<\/p>\n<p>&nbsp;<\/p>\n<ol start=\"5\">\n<li><b> DESCRIPCI\u00d3N DEL PREMIO.<\/b><\/li>\n<\/ol>\n<p>El premio para los Ganadores ser\u00e1 aquel determinado en la cl\u00e1usula TERCERA de las presentes Bases Legales.<\/p>\n<p>&nbsp;<\/p>\n<ol start=\"6\">\n<li><b> OBLIGACIONES FISCALES.<\/b><\/li>\n<\/ol>\n<p>A los premios del presente Sorteo les ser\u00e1n de aplicaci\u00f3n todas las disposiciones de car\u00e1cter fiscal pertinentes seg\u00fan la legislaci\u00f3n aplicable en vigor.<\/p>\n<p>&nbsp;<\/p>\n<ol start=\"7\">\n<li><b> PROTECCI\u00d3N DE DATOS. CONSENTIMIENTO INFORMADO.<\/b><\/li>\n<\/ol>\n<p>Los datos de car\u00e1cter personal que puedan ser facilitados por el usuario como parte de su participaci\u00f3n en el Sorteo ser\u00e1n tratados de conformidad con los dispuesto en la presente cl\u00e1usula de sobre protecci\u00f3n de datos, teniendo m\u00e1s informaci\u00f3n al respecto en la Pol\u00edtica de Privacidad TREATWELL (https:\/\/www.treatwell.es\/info\/terminos-y-condiciones\/ ). En este sentido, el participante presta su consentimiento libre, espec\u00edfico, expreso e inequ\u00edvoco para que sus datos sean tratados con los fines expuestos a continuaci\u00f3n.<\/p>\n<p>Al participar en la presente promoci\u00f3n, el interesado acepta que el ORGANIZADOR traten sus datos para las siguientes finalidades:<\/p>\n<ul>\n<li> Gestionar su participaci\u00f3n en el Sorteo, el desarrollo del mismo, la designaci\u00f3n del ganador\/es y la entrega del premio.<\/li>\n<li> Enviar al Participante comunicaciones comerciales del ORGANIZADOR, si el Participante lo autoriza marcando la casilla correspondiente.<\/li>\n<\/ul>\n<p>Los datos se conservar\u00e1n durante el tiempo necesario para la realizaci\u00f3n de las finalidades para las que fueron recogidos, salvo que el Participante solicite su baja o revoque su consentimiento.<\/p>\n<p>&nbsp;<\/p>\n<ol start=\"8\">\n<li><b> RESPONSABILIDADES Y GARANT\u00cdAS.<\/b><\/li>\n<\/ol>\n<p>El ORGANIZADOR, as\u00ed como cualquiera de las entidades relacionadas con este Sorteo, no se responsabilizan de las posibles p\u00e9rdidas, deterioros, retrasos o cualquier otra circunstancia imputable a terceros o a Internet que pudieran afectar a la participaci\u00f3n en el presente Sorteo.<\/p>\n<p>Asimismo, el ORGANIZADOR no garantiza la disponibilidad, continuidad ni infalibilidad del funcionamiento de la plataforma de Internet utilizada para desarrollar el Sorteo y, en consecuencia excluye, en la m\u00e1xima medida permitida por la legislaci\u00f3n aplicable vigente, cualquier responsabilidad por los da\u00f1os y perjuicios de toda naturaleza que puedan deberse a la falta de disponibilidad, continuidad o mal funcionamiento de dicha plataforma, que pudiera afectar o impedir la participaci\u00f3n en el presente Sorteo y\/o su normal desarrollo.<\/p>\n<p>En caso de que la falta de disponibilidad de la plataforma en la que se desarrolla el Sorteo afecte a m\u00e1s de un 25% del tiempo expresamente para el desarrollo del mismo, el ORGANIZADOR se reserva el derecho a cancelar y repetir el Sorteo, pudiendo en tal caso anular todas las participaciones hasta ese momento, que no ser\u00edan conservadas para el siguiente.<\/p>\n<p>Aun cuando el ORGANIZADOR se compromete a cumplir con la diligencia debida sus obligaciones como Organizador, recogidas en las presentes Bases, no ser\u00e1 responsable: del mal uso de la plataforma de Internet por parte de los usuarios participantes; de los errores en los contenidos y datos aportados por \u00e9stos o en los intentos fallidos de acceso a dicha plataforma relacionada con el Sorteo, o a su informaci\u00f3n; de errores o fallos t\u00e9cnicos que puedan ocurrir al procesar las participaciones, ni de cualesquiera da\u00f1os o perjuicios que pudiese sufrir el Ganador con motivo de la participaci\u00f3n en el presente Sorteo o del uso del Premio, sino \u00fanicamente en cuanto a su responsabilidad en relaci\u00f3n con sus propios productos frente a consumidores y usuarios.<\/p>\n<p>En todo caso, si se detectase que el Ganador ha incurrido en fraude o deshonestidad, el ORGANIZADOR se reserva el derecho a excluirle o no entregarle el Premio. Adem\u00e1s, el ORGANIZADOR se reserva el derecho de eliminar del registro a cualquier usuario participante del que se sospeche una actuaci\u00f3n irregular, sin necesidad de notificaci\u00f3n alguna al mismo.<\/p>\n<p>Cualquier utilizaci\u00f3n abusiva o fraudulenta de las presentes Bases por parte de los usuarios participantes dar\u00e1 lugar a la baja autom\u00e1tica de estos usu\u00e1rios participantes.<\/p>\n<p>La participaci\u00f3n en el Sorteo implica que el participante ha le\u00eddo y aceptado la presente cl\u00e1usula de exenci\u00f3n de responsabilidad y las Bases que rigen el Sorteo.<\/p>\n<p>&nbsp;<\/p>\n<ol start=\"9\">\n<li><b> MODIFICACI\u00d3N Y\/O ANULACI\u00d3N.<\/b><\/li>\n<\/ol>\n<p>En todo caso, el ORGANIZADOR se reserva el derecho a modificar en cualquier momento las condiciones del presente Sorteo, sin perjuicio de que realizar\u00e1 el correspondiente anuncio a trav\u00e9s de los medios empleados para la celebraci\u00f3n del mismo, sin que por ello asuma responsabilidad alguna por esta modificaci\u00f3n, o por una causa de fuerza mayor o circunstancias fuera del control de la entidad organizadora, comprometi\u00e9ndose a comunicar con suficiente antelaci\u00f3n las nuevas bases y las condiciones de participaci\u00f3n.<\/p>\n<p>Del mismo modo, y siempre que exista una causa justificada y debidamente motivada, el ORGANIZADOR se reserva el derecho a cancelar la celebraci\u00f3n del Sorteo. En tal caso, y siempre que no hubiera finalizado el plazo expresamente establecido en las presentes bases, el ORGANIZADOR no se compromete a la asignaci\u00f3n del Premio expresamente indicado.<\/p>\n<p>En caso de que el plazo de celebraci\u00f3n del Sorteo s\u00ed hubiera finalizado, siendo la cancelaci\u00f3n posterior a este, el ORGANIZADOR se compromete al reparto del Premio expresamente indicado conforme a las condiciones establecidas. No obstante, lo anterior no ser\u00e1 aplicable cuando la cancelaci\u00f3n del Sorteo se deba a causa de fuerza mayor o circunstancias fuera del control del ORGANIZADOR, no quedando obligado \u00e9ste en tal caso a adjudicar el Premio establecido.<\/p>\n<p>El ORGANIZADOR se reserva el derecho a efectuar cambios que redunden en el buen fin del Sorteo cuando concurra causa justa o motivos de fuerza mayor que impidan llevarlo a t\u00e9rmino en la forma en que recogen las presentes Bases. El ORGANIZADOR se reserva el derecho a aplazar o ampliar el per\u00edodo de participaci\u00f3n del Sorteo.<\/p>\n<p>El ORGANIZADOR se reserva el derecho a cancelar, suspender y\/o modificar este Sorteo, a cambiar o variar cualquier condici\u00f3n o requisito del mismo y\/o de las presentes Bases, as\u00ed como a sustituir el Premio o cualquier parte del mismo por un premio diferente. En todos los casos citados se informar\u00eda previamente a los usuarios a trav\u00e9s de la mencionada p\u00e1gina de rede social.<\/p>\n<p>&nbsp;<\/p>\n<ol start=\"10\">\n<li><b> CL\u00c1USULA DE SALVAGUARDA.<\/b><\/li>\n<\/ol>\n<p>Todas las cl\u00e1usulas o extremos de las presentes Bases deben ser interpretadas de forma independiente y aut\u00f3noma, no vi\u00e9ndose afectadas el resto de estipulaciones en caso de que una de ellas sea declarada nula por sentencia judicial firme.<\/p>\n<p>El ORGANIZADOR sustituir\u00e1 la cl\u00e1usula o cl\u00e1usulas afectadas por otra u otras que tengan los efectos correspondientes a los fines perseguidos por las partes en las presentes Bases.<\/p>\n<p>&nbsp;<\/p>\n<ol start=\"11\">\n<li><b> LEY APLICABLE Y RESOLUCI\u00d3N DE CONFLICTOS.<\/b><\/li>\n<\/ol>\n<p>La normativa vigente determinar\u00e1 las leyes que deban regir y la jurisdicci\u00f3n que deba conocer de las relaciones entre el ORGANIZADOR y los participantes del Sorteo. Ello, no obstante, en aquellos casos en los que dicha normativa vigente prevea la posibilidad para las partes de someterse a un fuero determinado, el ORGANIZADOR y los usuarios participantes, con renuncia expresa a cualquier otro fuero que pudiera corresponderles, se someten a la legislaci\u00f3n espa\u00f1ola y a los Juzgados y Tribunales de Barcelona.<\/p>\n","protected":false},"excerpt":{"rendered":"<p>\u00a0T&amp;C Sorteo en el perfil de @Treatwell_es ENTIDAD ORGANIZADORA Y OBJETO DEL SORTEO. Treatwell Spain, S.L., con domicilio social en c\/Balmes 7 planta 3, 08007 Barcelona con n\u00famero de CIF B87237293, (en adelante, \u201cTreatwell\u201d ambas conjuntamente denominadas como el \u201cOrganizador\u201d), pone a disposici\u00f3n de los participantes, las condiciones que regir\u00e1n el Sorteo denominado \u201cTreatwell x&hellip;<\/p>\n","protected":false},"author":117,"featured_media":0,"parent":0,"menu_order":0,"comment_status":"closed","ping_status":"closed","template":"","meta":{"inline_featured_image":false,"footnotes":""},"class_list":["post-9639","page","type-page","status-publish","hentry"],"yoast_head":"<!-- This site is optimized with the Yoast SEO plugin v27.3 - https:\/\/yoast.com\/product\/yoast-seo-wordpress\/ -->\n<title>Bases legales del sorteo en Instagram - Candian Nail x Treatwell<\/title>\n<meta name=\"description\" content=\"Bases legales sorteo Instagram en el perfil de Treatwell Spain. \u00bfPemio? U\u00f1as acr\u00edlicas con decoraci\u00f3n art\u00edstica a prueba de verano.\" \/>\n<meta name=\"robots\" content=\"index, follow, max-snippet:-1, max-image-preview:large, max-video-preview:-1\" \/>\n<link rel=\"canonical\" href=\"https:\/\/www.treatwell.es/inspiracion\/bases-legales-del-sorteo-en-instagram-misako\/\" \/>\n<meta property=\"og:locale\" content=\"es_ES\" \/>\n<meta property=\"og:type\" content=\"article\" \/>\n<meta property=\"og:title\" content=\"Bases legales del sorteo en Instagram - Candian Nail x Treatwell\" \/>\n<meta property=\"og:description\" content=\"Bases legales sorteo Instagram en el perfil de Treatwell Spain. \u00bfPemio? U\u00f1as acr\u00edlicas con decoraci\u00f3n art\u00edstica a prueba de verano.\" \/>\n<meta property=\"og:url\" content=\"https:\/\/www.treatwell.es/inspiracion\/bases-legales-del-sorteo-en-instagram-misako\/\" \/>\n<meta property=\"og:site_name\" content=\"Treatwell ES\" \/>\n<meta property=\"article:modified_time\" content=\"2019-10-17T08:20:51+00:00\" \/>\n<meta name=\"twitter:card\" content=\"summary_large_image\" \/>\n<meta name=\"twitter:label1\" content=\"Tiempo de lectura\" \/>\n\t<meta name=\"twitter:data1\" content=\"11 minutos\" \/>\n<script type=\"application\/ld+json\" class=\"yoast-schema-graph\">{\"@context\":\"https:\\\/\\\/schema.org\",\"@graph\":[{\"@type\":\"WebPage\",\"@id\":\"https:\\\/\\\/www.treatwell.es/inspiracion\\\/bases-legales-del-sorteo-en-instagram-misako\\\/\",\"url\":\"https:\\\/\\\/www.treatwell.es/inspiracion\\\/bases-legales-del-sorteo-en-instagram-misako\\\/\",\"name\":\"Bases legales del sorteo en Instagram - Candian Nail x Treatwell\",\"isPartOf\":{\"@id\":\"https:\\\/\\\/www.treatwell.es/inspiracion\\\/#website\"},\"datePublished\":\"2019-10-16T16:19:58+00:00\",\"dateModified\":\"2019-10-17T08:20:51+00:00\",\"description\":\"Bases legales sorteo Instagram en el perfil de Treatwell Spain. \u00bfPemio? U\u00f1as acr\u00edlicas con decoraci\u00f3n art\u00edstica a prueba de verano.\",\"breadcrumb\":{\"@id\":\"https:\\\/\\\/www.treatwell.es/inspiracion\\\/bases-legales-del-sorteo-en-instagram-misako\\\/#breadcrumb\"},\"inLanguage\":\"es\",\"potentialAction\":[{\"@type\":\"ReadAction\",\"target\":[\"https:\\\/\\\/www.treatwell.es/inspiracion\\\/bases-legales-del-sorteo-en-instagram-misako\\\/\"]}]},{\"@type\":\"BreadcrumbList\",\"@id\":\"https:\\\/\\\/www.treatwell.es/inspiracion\\\/bases-legales-del-sorteo-en-instagram-misako\\\/#breadcrumb\",\"itemListElement\":[{\"@type\":\"ListItem\",\"position\":1,\"name\":\"Home\",\"item\":\"https:\\\/\\\/www.treatwell.es/inspiracion\\\/\"},{\"@type\":\"ListItem\",\"position\":2,\"name\":\"Bases legales del sorteo en Instagram &#8211; Misako\"}]},{\"@type\":\"WebSite\",\"@id\":\"https:\\\/\\\/www.treatwell.es/inspiracion\\\/#website\",\"url\":\"https:\\\/\\\/www.treatwell.es/inspiracion\\\/\",\"name\":\"Treatwell ES\",\"description\":\"\",\"potentialAction\":[{\"@type\":\"SearchAction\",\"target\":{\"@type\":\"EntryPoint\",\"urlTemplate\":\"https:\\\/\\\/www.treatwell.es/inspiracion\\\/?s={search_term_string}\"},\"query-input\":{\"@type\":\"PropertyValueSpecification\",\"valueRequired\":true,\"valueName\":\"search_term_string\"}}],\"inLanguage\":\"es\"}]}<\/script>\n<!-- \/ Yoast SEO plugin. -->","yoast_head_json":{"title":"Bases legales del sorteo en Instagram - Candian Nail x Treatwell","description":"Bases legales sorteo Instagram en el perfil de Treatwell Spain. \u00bfPemio? U\u00f1as acr\u00edlicas con decoraci\u00f3n art\u00edstica a prueba de verano.","robots":{"index":"index","follow":"follow","max-snippet":"max-snippet:-1","max-image-preview":"max-image-preview:large","max-video-preview":"max-video-preview:-1"},"canonical":"https:\/\/www.treatwell.es/inspiracion\/bases-legales-del-sorteo-en-instagram-misako\/","og_locale":"es_ES","og_type":"article","og_title":"Bases legales del sorteo en Instagram - Candian Nail x Treatwell","og_description":"Bases legales sorteo Instagram en el perfil de Treatwell Spain. \u00bfPemio? U\u00f1as acr\u00edlicas con decoraci\u00f3n art\u00edstica a prueba de verano.","og_url":"https:\/\/www.treatwell.es/inspiracion\/bases-legales-del-sorteo-en-instagram-misako\/","og_site_name":"Treatwell ES","article_modified_time":"2019-10-17T08:20:51+00:00","twitter_card":"summary_large_image","twitter_misc":{"Tiempo de lectura":"11 minutos"},"schema":{"@context":"https:\/\/schema.org","@graph":[{"@type":"WebPage","@id":"https:\/\/www.treatwell.es/inspiracion\/bases-legales-del-sorteo-en-instagram-misako\/","url":"https:\/\/www.treatwell.es/inspiracion\/bases-legales-del-sorteo-en-instagram-misako\/","name":"Bases legales del sorteo en Instagram - Candian Nail x Treatwell","isPartOf":{"@id":"https:\/\/www.treatwell.es/inspiracion\/#website"},"datePublished":"2019-10-16T16:19:58+00:00","dateModified":"2019-10-17T08:20:51+00:00","description":"Bases legales sorteo Instagram en el perfil de Treatwell Spain. \u00bfPemio? U\u00f1as acr\u00edlicas con decoraci\u00f3n art\u00edstica a prueba de verano.","breadcrumb":{"@id":"https:\/\/www.treatwell.es/inspiracion\/bases-legales-del-sorteo-en-instagram-misako\/#breadcrumb"},"inLanguage":"es","potentialAction":[{"@type":"ReadAction","target":["https:\/\/www.treatwell.es/inspiracion\/bases-legales-del-sorteo-en-instagram-misako\/"]}]},{"@type":"BreadcrumbList","@id":"https:\/\/www.treatwell.es/inspiracion\/bases-legales-del-sorteo-en-instagram-misako\/#breadcrumb","itemListElement":[{"@type":"ListItem","position":1,"name":"Home","item":"https:\/\/www.treatwell.es/inspiracion\/"},{"@type":"ListItem","position":2,"name":"Bases legales del sorteo en Instagram &#8211; Misako"}]},{"@type":"WebSite","@id":"https:\/\/www.treatwell.es/inspiracion\/#website","url":"https:\/\/www.treatwell.es/inspiracion\/","name":"Treatwell ES","description":"","potentialAction":[{"@type":"SearchAction","target":{"@type":"EntryPoint","urlTemplate":"https:\/\/www.treatwell.es/inspiracion\/?s={search_term_string}"},"query-input":{"@type":"PropertyValueSpecification","valueRequired":true,"valueName":"search_term_string"}}],"inLanguage":"es"}]}},"_links":{"self":[{"href":"https:\/\/www.treatwell.es\/inspiracion\/wp-json\/wp\/v2\/pages\/9639","targetHints":{"allow":["GET"]}}],"collection":[{"href":"https:\/\/www.treatwell.es\/inspiracion\/wp-json\/wp\/v2\/pages"}],"about":[{"href":"https:\/\/www.treatwell.es\/inspiracion\/wp-json\/wp\/v2\/types\/page"}],"author":[{"embeddable":true,"href":"https:\/\/www.treatwell.es\/inspiracion\/wp-json\/wp\/v2\/users\/117"}],"replies":[{"embeddable":true,"href":"https:\/\/www.treatwell.es\/inspiracion\/wp-json\/wp\/v2\/comments?post=9639"}],"version-history":[{"count":0,"href":"https:\/\/www.treatwell.es\/inspiracion\/wp-json\/wp\/v2\/pages\/9639\/revisions"}],"wp:attachment":[{"href":"https:\/\/www.treatwell.es\/inspiracion\/wp-json\/wp\/v2\/media?parent=9639"}],"curies":[{"name":"wp","href":"https:\/\/api.w.org\/{rel}","templated":true}]}}