{"id":4219,"date":"2022-06-27T09:01:32","date_gmt":"2022-06-27T09:01:32","guid":{"rendered":"https:\/\/www.treatwell.es/partners\/?page_id=4219"},"modified":"2026-01-09T15:30:18","modified_gmt":"2026-01-09T15:30:18","slug":"programa-de-recomendacion-de-treatwell-pro-terminos-y-condiciones","status":"publish","type":"page","link":"https:\/\/www.treatwell.es/partners\/recomendar-un-salon-partner\/programa-de-recomendacion-de-treatwell-pro-terminos-y-condiciones\/","title":{"rendered":"Programa de recomendaci\u00f3n de Treatwell PRO &#8211; T\u00e9rminos y condiciones"},"content":{"rendered":"\n<section  class=\"pt-[calc(var(--top-header)+var(--site-header-h-mobile)+40px)] lg:pt-[calc(var(--top-header)+var(--site-header-h-desktop)+48px)] bg-ethereal-white pb-10 lg:pb-12 xl:pb-16\">\n    <div class=\"container\">\n                    <h1 class=\"text-h2 md:text-5xl lg:text-6xl leading-none tracking-tighter font-bold text-center max-w-3xl mx-auto\">\n                Programa de recomendaci\u00f3n de Treatwell PRO &#8211; T\u00e9rminos y condiciones            <\/h1>\n        \n                    <h2 class=\"text-base md:text-xl lg:text-2xl leading-tight text-center md:max-w-xl xl:max-w-3xl mx-auto mt-6 lg:mt-4\">\n                Junio 2022            <\/h2>\n            <\/div>\n<\/section>\n\n\n    <section  class=\"\">\n        <div class=\"container\">\n            <article class=\"single-post-container\">\n                <div class=\"entry-content\">\n                    <p>Por favor, lea atentamente estos T\u00e9rminos y Condiciones antes de participar en el Programa de Referencia de Treatwell PRO (el &#8220;Programa&#8221;), ya que ser\u00e1n de aplicaci\u00f3n. Si no est\u00e1 de acuerdo con estos T\u00e9rminos y Condiciones, no debe participar en el Programa. Tenga en cuenta que nuestros T\u00e9rminos y Pol\u00edticas establecidos en la secci\u00f3n &#8220;Legal&#8221; de nuestro sitio web seguir\u00e1n siendo aplicables a su uso de nuestro sitio web y de Treatwell PRO. El Programa es promovido y gestionado por:<\/p>\n<ul>\n<li>En Gran Breta\u00f1a &#8211; Treatwell Limited: Fairfax House, 15 Fulwood Place, Londres, WC1V 6HU<\/li>\n<li>En Irlanda &#8211; Treatwell IE, sucursal de Treatwell Limited: Fairfax House, 15 Fulwood Place, Londres, WC1V 6HU<\/li>\n<li>En Lituania &#8211; Treatwell LT UAB: J. Basanavi\u010diaus g. 15, 03108 Vilnius, Lituania<br \/>\nEn Espa\u00f1a &#8211; Treatwell Spain s.l. : Carrer de Balmes, 7, Planta 3, 08007 Barcelona, Espa\u00f1a<\/li>\n<li>En Italia &#8211; Treatwell IT s.r.l. : Via Aldo Manuzio, 17, 20124, Milano, Italy<br \/>\nEn Francia &#8211; Treatwell FR: 52 rue de la Chauss\u00e9e d&#8217;Antin &#8211; 75009 Par\u00eds, Francia<\/li>\n<li>En los Pa\u00edses Bajos y B\u00e9lgica &#8211; Treatwell BNL B.V. : Nieuwezijds Voorburgwal 120-126, 1012 SH Amsterdam, Pa\u00edses Bajos<\/li>\n<li>En Alemania &#8211; Treatwell DACH GmbH: Greifswalder Str. 212, 10405 Berl\u00edn, Alemania<\/li>\n<li>En Suiza &#8211; Treatwell DACH GmbH, Zweigniederlassung Z\u00fcrich: Haggenholzstrasse 83b, 8050 Z\u00fcrich<\/li>\n<li>En Austria &#8211; Treatwell DACH GmbH, Zweigniederlassung Wien: Badhausgasse 18-20, Top 1-3, Lerchenfelderstra\u00dfe 95-97, 1070 Wien<\/li>\n<li>En Portugal &#8211; Treatwell PT, Unipessoal, Lda: Rua Garrett, n.\u00ba 64, freguesia de Santa Maria Maior, concelho de Lisboa, 1200-204, Lisboa<\/li>\n<\/ul>\n<p>(&#8220;Treatwell&#8221;).<\/p>\n<h2>ELEGIBILIDAD, REMISI\u00d3N Y RESTRICCIONES<\/h2>\n<p>El Programa est\u00e1 abierto a los usuarios elegibles de Treatwell PRO (&#8220;Recomendador&#8221;) que &#8220;recomienden a un amigo&#8221; para comprar una suscripci\u00f3n a Treatwell PRO, sujeto a las siguientes condiciones y restricciones:<\/p>\n<ul>\n<li>Los recomendadores deben ser socios existentes de Treatwell con una suscripci\u00f3n activa a Treatwell PRO.<\/li>\n<li>Los remitentes no ser\u00e1n elegibles si:\n<ul>\n<li>su suscripci\u00f3n a Treatwell PRO deja de estar en vigor por cualquier motivo; o<\/li>\n<li>el remitente ha notificado la cancelaci\u00f3n de su suscripci\u00f3n a Treatwell PRO; o<\/li>\n<li>que el Referente incumpla cualquiera de los t\u00e9rminos de su Acuerdo PRO de Treatwell.<\/li>\n<\/ul>\n<\/li>\n<li>S\u00f3lo el Propietario de la cuenta de Treatwell (TW Pro &amp; TW Connect) puede ser un Referente (o usted es un empleado de un Socio y tiene el consentimiento del Propietario para hacer la referencia).<\/li>\n<li>Los recomendadores deben proporcionar toda la informaci\u00f3n solicitada del posible socio de Treatwell (&#8220;Referido&#8221;) a trav\u00e9s del formulario de presentaci\u00f3n online para ser elegible (&#8220;Referido&#8221;). No se incluir\u00e1n las inscripciones que no se realicen a trav\u00e9s del formulario de env\u00edo online.<\/li>\n<li>Los remitentes y los \u00e1rbitros deben ser residentes de un pa\u00eds en el que Treatwell opere actualmente en el momento de la remisi\u00f3n.<\/li>\n<li>Cualquier \u201cReferido\u201d con que Treatwell ya est\u00e9 en contacto o haciendo un seguimiento activamente no ser\u00e1 elegible como referencia.<\/li>\n<li>No ser\u00e1n elegibles las referencias hechas por los recomendadores para los \u201cReferidos\u201d para los cuales el recomendador tiene un inter\u00e9s legal o beneficioso en el mismo (ya sea directa o indirectamente).<\/li>\n<li>Cualquier \u201cReferido\u201d no debe: (i) haber sido previamente un socio que haya sido rescindido por Treatwell por un incumplimiento de los T\u00e9rminos de Negocio para Socios; o (ii) ser considerado por Treatwell, a su sola discreci\u00f3n, como no elegible.<\/li>\n<li>Si se realizan numerosas Referencias para el mismo\u201dReferido\u201d, s\u00f3lo un Referente ser\u00e1 elegible para esa Referencia, que se decidir\u00e1 a discreci\u00f3n de Treatwell.<\/li>\n<li>Los remitentes y los \u201cReferidos\u201d (en su caso) deben ser mayores de 18 a\u00f1os.<\/li>\n<li>El r\u00e9gimen est\u00e1 activo desde la fecha en que se comunica a un posible remitente.<\/li>\n<li>El Plan excluye a los empleados, contratistas o trabajadores de Treatwell o de cualquier empresa del Grupo y a sus familiares directos, as\u00ed como a cualquier persona relacionada profesionalmente con el Programa.<\/li>\n<li>Se puede pedir al remitente o al \u201cReferido\u201d que presente un documento de identidad.<\/li>\n<li>No se aceptar\u00e1n las inscripciones realizadas por comercios, grupos de consumidores, terceros, agentes o inscripciones generadas autom\u00e1ticamente por ordenador.<\/li>\n<li>Treatwell se reserva el derecho a retirar el Programa (o a cambiar estos T\u00e9rminos y Condiciones) en cualquier momento y por cualquier motivo. Cualquier recomendaci\u00f3n realizada despu\u00e9s de la retirada del programa no ser\u00e1 v\u00e1lida.<\/li>\n<\/ul>\n<h2>EL BONO:<\/h2>\n<ul>\n<li>El recomendador podr\u00e1 recibir un vale de regalo electr\u00f3nico de Treatwell (el &#8220;Vale&#8221;).<\/li>\n<li>El Referente s\u00f3lo tendr\u00e1 derecho a un Vale una vez que el Referente firme un contrato de compromiso anual con Treatwell PRO (&#8220;Referente Completo&#8221;).<\/li>\n<li>La Remisi\u00f3n Completa debe producirse dentro de los 60 d\u00edas siguientes a la Remisi\u00f3n.<\/li>\n<li>El recomendador podr\u00e1 recibir 1 (un) vale de Treatwell por cada recomendaci\u00f3n completada.<\/li>\n<li>El valor del Bono proporcionado se calcular\u00e1 de acuerdo con la tabla que figura a continuaci\u00f3n en funci\u00f3n de la cantidad de personal registrado en la cuenta Treatwell PRO del \u00e1rbitro:\n<ul>\n<li>N\u00famero de personal 1-2<br \/>\nValor del vale \u00a3\/\u20ac150<\/li>\n<li>N\u00famero de personal 3-5<br \/>\nValor del vale \u00a3\/\u20ac250<\/li>\n<li>N\u00famero de personal 6+<br \/>\nValor del vale \u00a3\/\u20ac400<\/li>\n<\/ul>\n<\/li>\n<li>El vale ser\u00e1 para el mercado online de Treatwell en el que resida el remitente. El vale se emitir\u00e1 en la moneda utilizada por el pa\u00eds en el que resida el remitente (libras esterlinas o euros).<\/li>\n<li>El uso del vale est\u00e1 sujeto a las condiciones de Treatwell. Es responsabilidad exclusiva del Remitente cumplir con estos t\u00e9rminos.<\/li>\n<li>El vale no se puede canjear junto con ninguna otra oferta o plan.<\/li>\n<li>No hay alternativa en efectivo.<\/li>\n<li>El canje del vale est\u00e1 sujeto a la disponibilidad.<\/li>\n<li>Treatwell se reserva el derecho de sustituir el Vale por otro del mismo valor.<\/li>\n<li>Treatwell se reserva el derecho a negarse a proporcionar un vale si cree razonablemente que se ha producido un incumplimiento de estos T\u00e9rminos y Condiciones o ha habido alguna actividad ilegal relacionada con el Programa.<\/li>\n<\/ul>\n<h2>ENTREGA<\/h2>\n<ul>\n<li>El Referente recibir\u00e1 autom\u00e1ticamente el\/los Vale(s) por correo electr\u00f3nico dentro de los 60 d\u00edas siguientes a la realizaci\u00f3n de un Referido. Si la suscripci\u00f3n a Treatwell PRO del Referente se cancela durante este periodo de 60 d\u00edas, la elegibilidad del Referente para recibir los Vales ser\u00e1 anulada.<\/li>\n<li>El Vale s\u00f3lo se entregar\u00e1 a la direcci\u00f3n de correo electr\u00f3nico del Propietario asociada a la cuenta de Treatwell PRO del Referente. Los recomendadores son responsables de asegurar que su direcci\u00f3n de correo electr\u00f3nico en Treatwell PRO se mantenga actualizada. Treatwell no ser\u00e1 responsable de la falta de entrega si la direcci\u00f3n es incorrecta.<\/li>\n<li>Treatwell no se hace responsable de los Vales no entregados, de los retrasos o defectos en la entrega por cualquier motivo, o de la p\u00e9rdida del Vale.<\/li>\n<li>Treatwell no se responsabiliza de ning\u00fan perjuicio, p\u00e9rdida o da\u00f1o resultante de las compras realizadas con el vale.<\/li>\n<\/ul>\n<h2>PROTECCI\u00d3N DE DATOS<\/h2>\n<p>Si decide participar en el Programa, Treatwell le pedir\u00e1 que env\u00ede su: nombre completo, direcci\u00f3n de correo electr\u00f3nico, n\u00famero de tel\u00e9fono y direcci\u00f3n postal completa.<\/p>\n<p>Al participar en el Programa y proporcionar la informaci\u00f3n personal indicada anteriormente, usted acepta recibir comunicaciones sobre el Programa y su(s) vale(s) de Treatwell.<\/p>\n<p>Tambi\u00e9n se le pedir\u00e1 que presente el nombre completo, la direcci\u00f3n de correo electr\u00f3nico, el n\u00famero de tel\u00e9fono y la direcci\u00f3n postal del Referido.<\/p>\n<p>Debe asegurarse de haber obtenido el consentimiento del Referido para proporcionar esta informaci\u00f3n a Treatwell y hacer que el Referido conozca estos T\u00e9rminos y Condiciones. Usted ser\u00e1 responsable ante Treatwell de cualquier p\u00e9rdida que se produzca por no cumplir con estos requisitos.<\/p>\n<p>La informaci\u00f3n personal ser\u00e1 recopilada, procesada y utilizada por Treatwell como responsable del tratamiento de datos de acuerdo con la Pol\u00edtica de Privacidad y Cookies de Treatwell que puede encontrarse aqu\u00ed: https:\/\/www.treatwell.es\/.<\/p>\n<p>Todos los remitentes y Referidos tienen derecho a acceder, modificar, rectificar y eliminar los datos que les conciernen. El recomendante o los recomendados pueden ejercer este derecho escribiendo a la direcci\u00f3n de correo electr\u00f3nico que figura en la parte superior de las presentes condiciones.<\/p>\n<h2>LIMITACI\u00d3N DE LA RESPONSABILIDAD<\/h2>\n<p>Treatwell no se hace responsable de la no recepci\u00f3n de las Referencias debido a problemas t\u00e9cnicos o dificultades de la red. La prueba de env\u00edo no constituye una prueba de entrega. Al participar en el Programa, usted acepta que participa bajo su propia responsabilidad. Salvo que Treatwell no excluya o limite su responsabilidad por da\u00f1os personales o muerte causados por su negligencia o por tergiversaci\u00f3n fraudulenta o cualquier otra responsabilidad que no pueda, por ley, limitarse o excluirse, Treatwell no acepta ninguna responsabilidad en relaci\u00f3n con la participaci\u00f3n de un individuo (o la incapacidad de participar) en el Programa hasta el m\u00e1ximo grado permitido por la ley, incluyendo cualquier da\u00f1o directo, indirecto, incidental, consecuente, o cualquier otro tipo de da\u00f1os relacionados o derivados del Plan o de su participaci\u00f3n en el mismo.<\/p>\n<h2>CESE<\/h2>\n<p>Si cualquier parte de estas Condiciones Generales se considera inaplicable desde el punto de vista legal, todas las dem\u00e1s partes de estas Condiciones Generales no se ver\u00e1n afectadas y permanecer\u00e1n en vigor.<\/p>\n<h2>LEGISLACI\u00d3N APLICABLE<\/h2>\n<p>El Plan y estos T\u00e9rminos y Condiciones se regir\u00e1n e interpretar\u00e1n de acuerdo con las leyes del pa\u00eds de la empresa Treatwell correspondiente. Usted y Treatwell aceptan que los tribunales de ese pa\u00eds tendr\u00e1n jurisdicci\u00f3n no exclusiva sobre cualquier reclamaci\u00f3n o disputa que surja de, o est\u00e9 relacionada con el Programa o estos T\u00e9rminos y Condiciones.<\/p>\n<h2>PREGUNTAS<\/h2>\n<p>Si tiene alguna pregunta sobre el r\u00e9gimen o su funcionamiento, p\u00f3ngase en contacto con su gestor de cuenta local si lo tiene, o env\u00ede un correo electr\u00f3nico a la direcci\u00f3n de correo electr\u00f3nico de Treatwell de su territorio que figura en la parte superior de estas condiciones.<\/p>\n                <\/div>\n            <\/article>\n        <\/div>\n    <\/section>\n","protected":false},"excerpt":{"rendered":"","protected":false},"author":81,"featured_media":0,"parent":4218,"menu_order":0,"comment_status":"closed","ping_status":"closed","template":"templates\/base.php","meta":{"_acf_changed":true,"_editorskit_title_hidden":false,"_editorskit_reading_time":1,"_editorskit_is_block_options_detached":false,"_editorskit_block_options_position":"{}","footnotes":""},"class_list":["post-4219","page","type-page","status-publish","hentry"],"acf":[],"yoast_head":"<!-- This site is optimized with the Yoast SEO plugin v27.3 - https:\/\/yoast.com\/product\/yoast-seo-wordpress\/ -->\n<title>Programa de recomendaci\u00f3n de Treatwell PRO - T\u00e9rminos y condiciones - Treatwell Business<\/title>\n<meta name=\"robots\" content=\"noindex, nofollow\" \/>\n<meta property=\"og:locale\" content=\"es_ES\" \/>\n<meta property=\"og:type\" content=\"article\" \/>\n<meta property=\"og:title\" content=\"Programa de recomendaci\u00f3n de Treatwell PRO - T\u00e9rminos y condiciones - Treatwell Business\" \/>\n<meta property=\"og:url\" content=\"https:\/\/www.treatwell.es/partners\/recomendar-un-salon-partner\/programa-de-recomendacion-de-treatwell-pro-terminos-y-condiciones\/\" \/>\n<meta property=\"og:site_name\" content=\"Treatwell Business\" \/>\n<meta property=\"article:modified_time\" content=\"2026-01-09T15:30:18+00:00\" \/>\n<meta property=\"og:image\" content=\"https:\/\/www.treatwell.es/partners\/wp-content\/uploads\/sites\/16\/2024\/12\/fb-share.png\" \/>\n\t<meta property=\"og:image:width\" content=\"1200\" \/>\n\t<meta property=\"og:image:height\" content=\"630\" \/>\n\t<meta property=\"og:image:type\" content=\"image\/png\" \/>\n<meta name=\"twitter:card\" content=\"summary_large_image\" \/>\n<script type=\"application\/ld+json\" class=\"yoast-schema-graph\">{\"@context\":\"https:\\\/\\\/schema.org\",\"@graph\":[{\"@type\":\"WebPage\",\"@id\":\"https:\\\/\\\/www.treatwell.es/partners\\\/recomendar-un-salon-partner\\\/programa-de-recomendacion-de-treatwell-pro-terminos-y-condiciones\\\/\",\"url\":\"https:\\\/\\\/www.treatwell.es/partners\\\/recomendar-un-salon-partner\\\/programa-de-recomendacion-de-treatwell-pro-terminos-y-condiciones\\\/\",\"name\":\"Programa de recomendaci\u00f3n de Treatwell PRO - T\u00e9rminos y condiciones - Treatwell Business\",\"isPartOf\":{\"@id\":\"https:\\\/\\\/www.treatwell.es/partners\\\/#website\"},\"datePublished\":\"2022-06-27T09:01:32+00:00\",\"dateModified\":\"2026-01-09T15:30:18+00:00\",\"breadcrumb\":{\"@id\":\"https:\\\/\\\/www.treatwell.es/partners\\\/recomendar-un-salon-partner\\\/programa-de-recomendacion-de-treatwell-pro-terminos-y-condiciones\\\/#breadcrumb\"},\"inLanguage\":\"es\",\"potentialAction\":[{\"@type\":\"ReadAction\",\"target\":[\"https:\\\/\\\/www.treatwell.es/partners\\\/recomendar-un-salon-partner\\\/programa-de-recomendacion-de-treatwell-pro-terminos-y-condiciones\\\/\"]}]},{\"@type\":\"BreadcrumbList\",\"@id\":\"https:\\\/\\\/www.treatwell.es/partners\\\/recomendar-un-salon-partner\\\/programa-de-recomendacion-de-treatwell-pro-terminos-y-condiciones\\\/#breadcrumb\",\"itemListElement\":[{\"@type\":\"ListItem\",\"position\":1,\"name\":\"Home\",\"item\":\"https:\\\/\\\/www.treatwell.es/partners\\\/\"},{\"@type\":\"ListItem\",\"position\":2,\"name\":\"Recomendar un salon partner\",\"item\":\"https:\\\/\\\/www.treatwell.es/partners\\\/recomendar-un-salon-partner\\\/\"},{\"@type\":\"ListItem\",\"position\":3,\"name\":\"Programa de recomendaci\u00f3n de Treatwell PRO &#8211; T\u00e9rminos y condiciones\"}]},{\"@type\":\"WebSite\",\"@id\":\"https:\\\/\\\/www.treatwell.es/partners\\\/#website\",\"url\":\"https:\\\/\\\/www.treatwell.es/partners\\\/\",\"name\":\"Treatwell Business\",\"description\":\"\",\"publisher\":{\"@id\":\"https:\\\/\\\/www.treatwell.es/partners\\\/#organization\"},\"potentialAction\":[{\"@type\":\"SearchAction\",\"target\":{\"@type\":\"EntryPoint\",\"urlTemplate\":\"https:\\\/\\\/www.treatwell.es/partners\\\/?s={search_term_string}\"},\"query-input\":{\"@type\":\"PropertyValueSpecification\",\"valueRequired\":true,\"valueName\":\"search_term_string\"}}],\"inLanguage\":\"es\"},{\"@type\":\"Organization\",\"@id\":\"https:\\\/\\\/www.treatwell.es/partners\\\/#organization\",\"name\":\"Treatwell\",\"url\":\"https:\\\/\\\/www.treatwell.es/partners\\\/\",\"logo\":{\"@type\":\"ImageObject\",\"inLanguage\":\"es\",\"@id\":\"https:\\\/\\\/www.treatwell.es/partners\\\/#\\\/schema\\\/logo\\\/image\\\/\",\"url\":\"https:\\\/\\\/www.treatwell.es/partners\\\/wp-content\\\/uploads\\\/sites\\\/16\\\/2020\\\/04\\\/treatwell-logotype-navy-rgb@2x.png\",\"contentUrl\":\"https:\\\/\\\/www.treatwell.es/partners\\\/wp-content\\\/uploads\\\/sites\\\/16\\\/2020\\\/04\\\/treatwell-logotype-navy-rgb@2x.png\",\"width\":302,\"height\":56,\"caption\":\"Treatwell\"},\"image\":{\"@id\":\"https:\\\/\\\/www.treatwell.es/partners\\\/#\\\/schema\\\/logo\\\/image\\\/\"}}]}<\/script>\n<!-- \/ Yoast SEO plugin. -->","yoast_head_json":{"title":"Programa de recomendaci\u00f3n de Treatwell PRO - T\u00e9rminos y condiciones - Treatwell Business","robots":{"index":"noindex","follow":"nofollow"},"og_locale":"es_ES","og_type":"article","og_title":"Programa de recomendaci\u00f3n de Treatwell PRO - T\u00e9rminos y condiciones - Treatwell Business","og_url":"https:\/\/www.treatwell.es/partners\/recomendar-un-salon-partner\/programa-de-recomendacion-de-treatwell-pro-terminos-y-condiciones\/","og_site_name":"Treatwell Business","article_modified_time":"2026-01-09T15:30:18+00:00","og_image":[{"width":1200,"height":630,"url":"https:\/\/www.treatwell.es/partners\/wp-content\/uploads\/sites\/16\/2024\/12\/fb-share.png","type":"image\/png"}],"twitter_card":"summary_large_image","schema":{"@context":"https:\/\/schema.org","@graph":[{"@type":"WebPage","@id":"https:\/\/www.treatwell.es/partners\/recomendar-un-salon-partner\/programa-de-recomendacion-de-treatwell-pro-terminos-y-condiciones\/","url":"https:\/\/www.treatwell.es/partners\/recomendar-un-salon-partner\/programa-de-recomendacion-de-treatwell-pro-terminos-y-condiciones\/","name":"Programa de recomendaci\u00f3n de Treatwell PRO - T\u00e9rminos y condiciones - Treatwell Business","isPartOf":{"@id":"https:\/\/www.treatwell.es/partners\/#website"},"datePublished":"2022-06-27T09:01:32+00:00","dateModified":"2026-01-09T15:30:18+00:00","breadcrumb":{"@id":"https:\/\/www.treatwell.es/partners\/recomendar-un-salon-partner\/programa-de-recomendacion-de-treatwell-pro-terminos-y-condiciones\/#breadcrumb"},"inLanguage":"es","potentialAction":[{"@type":"ReadAction","target":["https:\/\/www.treatwell.es/partners\/recomendar-un-salon-partner\/programa-de-recomendacion-de-treatwell-pro-terminos-y-condiciones\/"]}]},{"@type":"BreadcrumbList","@id":"https:\/\/www.treatwell.es/partners\/recomendar-un-salon-partner\/programa-de-recomendacion-de-treatwell-pro-terminos-y-condiciones\/#breadcrumb","itemListElement":[{"@type":"ListItem","position":1,"name":"Home","item":"https:\/\/www.treatwell.es/partners\/"},{"@type":"ListItem","position":2,"name":"Recomendar un salon partner","item":"https:\/\/www.treatwell.es/partners\/recomendar-un-salon-partner\/"},{"@type":"ListItem","position":3,"name":"Programa de recomendaci\u00f3n de Treatwell PRO &#8211; T\u00e9rminos y condiciones"}]},{"@type":"WebSite","@id":"https:\/\/www.treatwell.es/partners\/#website","url":"https:\/\/www.treatwell.es/partners\/","name":"Treatwell Business","description":"","publisher":{"@id":"https:\/\/www.treatwell.es/partners\/#organization"},"potentialAction":[{"@type":"SearchAction","target":{"@type":"EntryPoint","urlTemplate":"https:\/\/www.treatwell.es/partners\/?s={search_term_string}"},"query-input":{"@type":"PropertyValueSpecification","valueRequired":true,"valueName":"search_term_string"}}],"inLanguage":"es"},{"@type":"Organization","@id":"https:\/\/www.treatwell.es/partners\/#organization","name":"Treatwell","url":"https:\/\/www.treatwell.es/partners\/","logo":{"@type":"ImageObject","inLanguage":"es","@id":"https:\/\/www.treatwell.es/partners\/#\/schema\/logo\/image\/","url":"https:\/\/www.treatwell.es/partners\/wp-content\/uploads\/sites\/16\/2020\/04\/treatwell-logotype-navy-rgb@2x.png","contentUrl":"https:\/\/www.treatwell.es/partners\/wp-content\/uploads\/sites\/16\/2020\/04\/treatwell-logotype-navy-rgb@2x.png","width":302,"height":56,"caption":"Treatwell"},"image":{"@id":"https:\/\/www.treatwell.es/partners\/#\/schema\/logo\/image\/"}}]}},"_links":{"self":[{"href":"https:\/\/www.treatwell.es\/partners\/wp-json\/wp\/v2\/pages\/4219","targetHints":{"allow":["GET"]}}],"collection":[{"href":"https:\/\/www.treatwell.es\/partners\/wp-json\/wp\/v2\/pages"}],"about":[{"href":"https:\/\/www.treatwell.es\/partners\/wp-json\/wp\/v2\/types\/page"}],"author":[{"embeddable":true,"href":"https:\/\/www.treatwell.es\/partners\/wp-json\/wp\/v2\/users\/81"}],"replies":[{"embeddable":true,"href":"https:\/\/www.treatwell.es\/partners\/wp-json\/wp\/v2\/comments?post=4219"}],"version-history":[{"count":0,"href":"https:\/\/www.treatwell.es\/partners\/wp-json\/wp\/v2\/pages\/4219\/revisions"}],"up":[{"embeddable":true,"href":"https:\/\/www.treatwell.es\/partners\/wp-json\/wp\/v2\/pages\/4218"}],"wp:attachment":[{"href":"https:\/\/www.treatwell.es\/partners\/wp-json\/wp\/v2\/media?parent=4219"}],"curies":[{"name":"wp","href":"https:\/\/api.w.org\/{rel}","templated":true}]}}